{"id":1107,"date":"2021-04-25T05:21:35","date_gmt":"2021-04-25T05:21:35","guid":{"rendered":"http:\/\/www.goncalo.pt\/por\/?page_id=1107"},"modified":"2021-04-25T05:33:22","modified_gmt":"2021-04-25T05:33:22","slug":"pintura","status":"publish","type":"page","link":"https:\/\/www.goncalo.pt\/por\/pintura\/","title":{"rendered":"Pintura"},"content":{"rendered":"\n<p>S\u00f3 pintei durante um m\u00eas, durante Outubro de 2011, e at\u00e9 essa data n\u00e3o fazia ideia se sabia pintar ou n\u00e3o.<\/p>\n\n\n\n<p>Estas s\u00e3o algumas das obras dessa altura. As primeiras que alguma vez fiz.<\/p>\n\n\n\n<p>Depois disso, nunca mais tive tempo para pintar. A ver se um dia me dedico \u00e0s artes, como \u00e0 Pintura, ao Desenho, \u00e0 M\u00fasica.<\/p>\n\n\n\n<p>Por agora deixo alguns exemplos. Algumas das 25 pinturas que fiz naquele m\u00eas.<\/p>\n\n\n\n<p>E um dia que volte a pintar, colocarei aqui todas as novas.<\/p>\n\n\n\n<p>O meu m\u00e9todo favorito, \u00e9 pintar a seco, como Da Vinci dizia. Ou seja, com soft pastels. \u00c9 uma esp\u00e9cie de pintar a desenhar.<\/p>\n\n\n\n<p>Podem ver na imagem acima como \u00e9, e abaixo podem ver a beleza dos pasteis, \u00e9 que sem \u00f3leo, com os cristais apenas unidos por alguma cola, ficam com cores muito vivas, e os cristais de cores permitem v\u00e1rias tonalidades consoante o \u00e2ngulo, ficam aut\u00eanticas pinturas vivas e cheias de luz e brilho, s\u00e3o magn\u00edficas.<\/p>\n\n\n\n<p>E devo dizer que eu tenho tend\u00eancia natural para o impressionismo e surrealismo.<\/p>\n\n\n\n<p>Primeiro deixo uma pintura minha baseada numa obra de Monet, para vos mostrar porque adoro pasteis:<\/p>\n\n\n\n<figure class=\"wp-block-image size-large is-resized\"><img loading=\"lazy\" decoding=\"async\" src=\"http:\/\/www.goncalo.pt\/por\/wp-content\/uploads\/2021\/04\/barco-547226_10151100458278850_888477189_n.jpg\" alt=\"\" class=\"wp-image-1111\" width=\"640\" height=\"456\" srcset=\"https:\/\/www.goncalo.pt\/por\/wp-content\/uploads\/2021\/04\/barco-547226_10151100458278850_888477189_n.jpg?v=1631288290 800w, https:\/\/www.goncalo.pt\/por\/wp-content\/uploads\/2021\/04\/barco-547226_10151100458278850_888477189_n-300x213.jpg?v=1631288290 300w, https:\/\/www.goncalo.pt\/por\/wp-content\/uploads\/2021\/04\/barco-547226_10151100458278850_888477189_n-768x546.jpg?v=1631288290 768w\" sizes=\"(max-width: 640px) 100vw, 640px\" \/><\/figure>\n\n\n\n<p>Deixo exemplo abaixo da varia\u00e7\u00e3o de tonalidades e vivacidade consoante o \u00e2ngulo, e j\u00e1 compreender\u00e3o porque prefiro pintar a pastel do que a \u00f3leo ou acr\u00edlico:<\/p>\n\n\n\n<figure class=\"wp-block-image size-large is-resized\"><img loading=\"lazy\" decoding=\"async\" src=\"http:\/\/www.goncalo.pt\/por\/wp-content\/uploads\/2021\/04\/angulo-pastels-289255_10151122131808850_1526666090_o-1024x481.jpg\" alt=\"\" class=\"wp-image-1112\" width=\"800\" height=\"375\" srcset=\"https:\/\/www.goncalo.pt\/por\/wp-content\/uploads\/2021\/04\/angulo-pastels-289255_10151122131808850_1526666090_o-1024x481.jpg?v=1631288284 1024w, https:\/\/www.goncalo.pt\/por\/wp-content\/uploads\/2021\/04\/angulo-pastels-289255_10151122131808850_1526666090_o-300x141.jpg?v=1631288284 300w, https:\/\/www.goncalo.pt\/por\/wp-content\/uploads\/2021\/04\/angulo-pastels-289255_10151122131808850_1526666090_o-768x361.jpg?v=1631288284 768w, https:\/\/www.goncalo.pt\/por\/wp-content\/uploads\/2021\/04\/angulo-pastels-289255_10151122131808850_1526666090_o.jpg?v=1631288284 1200w\" sizes=\"(max-width: 800px) 100vw, 800px\" \/><\/figure>\n\n\n\n<p>Se repararem acima, consoante o brilho, a luz, seja natural ou do candeeiro ou do flash da c\u00e2mera, os cristais ganham brilho e vida, e mudando o \u00e2ngulo da foto, mudam as cores e brilhos. Imaginem cristais em 3D com v\u00e1rias faces de cores diferentes. Isto \u00e9 algo que n\u00e3o se consegue da mesma maneira com pintura a \u00f3leo.<\/p>\n\n\n\n<p>Vou deixar outra foto que gostei de fazer na altura, reparem que meti sempre um c\u00e3ozito com o homem no barco. \ud83d\ude42<\/p>\n\n\n\n<figure class=\"wp-block-image size-large is-resized\"><img loading=\"lazy\" decoding=\"async\" src=\"http:\/\/www.goncalo.pt\/por\/wp-content\/uploads\/2021\/04\/mar-vermelho-297691_10150344174198850_1865205914_n.jpg\" alt=\"\" class=\"wp-image-1110\" width=\"720\" height=\"510\" srcset=\"https:\/\/www.goncalo.pt\/por\/wp-content\/uploads\/2021\/04\/mar-vermelho-297691_10150344174198850_1865205914_n.jpg?v=1631288295 720w, https:\/\/www.goncalo.pt\/por\/wp-content\/uploads\/2021\/04\/mar-vermelho-297691_10150344174198850_1865205914_n-300x213.jpg?v=1631288295 300w\" sizes=\"(max-width: 720px) 100vw, 720px\" \/><\/figure>\n\n\n\n<p>Relembro que apesar da primeira pintura ser baseada num Monet (mas n\u00e3o totalmente igual), as outras s\u00e3o originais, como esta do homem e do c\u00e3o, c\u00e3o esse que inclu\u00ed na outra baseada no Monet.<\/p>\n\n\n\n<p>Mas j\u00e1 come\u00e7am a notar a tend\u00eancia para o impressionismo. Ela nota-se tamb\u00e9m na seguinte pintura, neste caso notando-se mais no mar abaixo:<\/p>\n\n\n\n<figure class=\"wp-block-image size-large\"><img loading=\"lazy\" decoding=\"async\" width=\"720\" height=\"512\" src=\"http:\/\/www.goncalo.pt\/por\/wp-content\/uploads\/2021\/04\/impressionismo-294322_10150340154598850_1051857975_n.jpg\" alt=\"\" class=\"wp-image-1113\" srcset=\"https:\/\/www.goncalo.pt\/por\/wp-content\/uploads\/2021\/04\/impressionismo-294322_10150340154598850_1051857975_n.jpg?v=1631288276 720w, https:\/\/www.goncalo.pt\/por\/wp-content\/uploads\/2021\/04\/impressionismo-294322_10150340154598850_1051857975_n-300x213.jpg?v=1631288276 300w\" sizes=\"(max-width: 720px) 100vw, 720px\" \/><\/figure>\n\n\n\n<p>Bem, deixo aqui algumas pinturas que fiz nesse m\u00eas, e de resto, nada colocarei por aqui de momento, mas um dia que volte a pintar, hei-de colocar novidades nesta p\u00e1gina. \ud83d\ude42<\/p>\n\n\n\n<figure class=\"wp-block-image size-large is-resized\"><img loading=\"lazy\" decoding=\"async\" src=\"http:\/\/www.goncalo.pt\/por\/wp-content\/uploads\/2021\/04\/pinturas-2021-04-25-Screenshot_20210425_051911.png\" alt=\"\" class=\"wp-image-1109\" width=\"720\" height=\"719\" srcset=\"https:\/\/www.goncalo.pt\/por\/wp-content\/uploads\/2021\/04\/pinturas-2021-04-25-Screenshot_20210425_051911.png?v=1631288301 768w, https:\/\/www.goncalo.pt\/por\/wp-content\/uploads\/2021\/04\/pinturas-2021-04-25-Screenshot_20210425_051911-300x300.png?v=1631288301 300w, https:\/\/www.goncalo.pt\/por\/wp-content\/uploads\/2021\/04\/pinturas-2021-04-25-Screenshot_20210425_051911-150x150.png?v=1631288301 150w\" sizes=\"(max-width: 720px) 100vw, 720px\" \/><\/figure>\n\n\n\n<p>Lembrem-se que estas foram apenas experi\u00eancias iniciais por parte de algu\u00e9m que nunca tinha pintado na vida, fi-las de forma intuitiva e natural, nunca tinha pintado antes. Mas hei-de pintar um dia novamente.<\/p>\n\n\n\n<p>2021-04-25.<\/p>\n","protected":false},"excerpt":{"rendered":"<p>S\u00f3 pintei durante um m\u00eas, durante Outubro de 2011, e at\u00e9 essa data n\u00e3o fazia ideia se sabia pintar ou<\/p>\n","protected":false},"author":1,"featured_media":1108,"parent":0,"menu_order":0,"comment_status":"open","ping_status":"closed","template":"","meta":{"footnotes":""},"class_list":["post-1107","page","type-page","status-publish","has-post-thumbnail","hentry"],"yoast_head":"<!-- This site is optimized with the Yoast SEO plugin v25.4 - https:\/\/yoast.com\/wordpress\/plugins\/seo\/ -->\n<title>Pintura - Gon\u00e7alo Ferreira<\/title>\n<meta name=\"robots\" content=\"index, follow, max-snippet:-1, max-image-preview:large, max-video-preview:-1\" \/>\n<link rel=\"canonical\" href=\"https:\/\/www.goncalo.pt\/por\/pintura\/\" \/>\n<meta property=\"og:locale\" content=\"en_US\" \/>\n<meta property=\"og:type\" content=\"article\" \/>\n<meta property=\"og:title\" content=\"Pintura - Gon\u00e7alo Ferreira\" \/>\n<meta property=\"og:description\" content=\"S\u00f3 pintei durante um m\u00eas, durante Outubro de 2011, e at\u00e9 essa data n\u00e3o fazia ideia se sabia pintar ou\" \/>\n<meta property=\"og:url\" content=\"https:\/\/www.goncalo.pt\/por\/pintura\/\" \/>\n<meta property=\"og:site_name\" content=\"Gon\u00e7alo Ferreira\" \/>\n<meta property=\"article:modified_time\" content=\"2021-04-25T05:33:22+00:00\" \/>\n<meta property=\"og:image\" content=\"https:\/\/www.goncalo.pt\/por\/wp-content\/uploads\/2021\/04\/pastel-perto-313509_10150366015368850_776475866_n.jpg?v=1631288308\" \/>\n\t<meta property=\"og:image:width\" content=\"800\" \/>\n\t<meta property=\"og:image:height\" content=\"660\" \/>\n\t<meta property=\"og:image:type\" content=\"image\/jpeg\" \/>\n<meta name=\"twitter:card\" content=\"summary_large_image\" \/>\n<meta name=\"twitter:label1\" content=\"Est. reading time\" \/>\n\t<meta name=\"twitter:data1\" content=\"3 minutes\" \/>\n<script type=\"application\/ld+json\" class=\"yoast-schema-graph\">{\"@context\":\"https:\/\/schema.org\",\"@graph\":[{\"@type\":\"WebPage\",\"@id\":\"https:\/\/www.goncalo.pt\/por\/pintura\/\",\"url\":\"https:\/\/www.goncalo.pt\/por\/pintura\/\",\"name\":\"Pintura - Gon\u00e7alo Ferreira\",\"isPartOf\":{\"@id\":\"https:\/\/www.goncalo.pt\/por\/#website\"},\"primaryImageOfPage\":{\"@id\":\"https:\/\/www.goncalo.pt\/por\/pintura\/#primaryimage\"},\"image\":{\"@id\":\"https:\/\/www.goncalo.pt\/por\/pintura\/#primaryimage\"},\"thumbnailUrl\":\"https:\/\/www.goncalo.pt\/por\/wp-content\/uploads\/2021\/04\/pastel-perto-313509_10150366015368850_776475866_n.jpg?v=1631288308\",\"datePublished\":\"2021-04-25T05:21:35+00:00\",\"dateModified\":\"2021-04-25T05:33:22+00:00\",\"breadcrumb\":{\"@id\":\"https:\/\/www.goncalo.pt\/por\/pintura\/#breadcrumb\"},\"inLanguage\":\"en-US\",\"potentialAction\":[{\"@type\":\"ReadAction\",\"target\":[\"https:\/\/www.goncalo.pt\/por\/pintura\/\"]}]},{\"@type\":\"ImageObject\",\"inLanguage\":\"en-US\",\"@id\":\"https:\/\/www.goncalo.pt\/por\/pintura\/#primaryimage\",\"url\":\"https:\/\/www.goncalo.pt\/por\/wp-content\/uploads\/2021\/04\/pastel-perto-313509_10150366015368850_776475866_n.jpg?v=1631288308\",\"contentUrl\":\"https:\/\/www.goncalo.pt\/por\/wp-content\/uploads\/2021\/04\/pastel-perto-313509_10150366015368850_776475866_n.jpg?v=1631288308\",\"width\":800,\"height\":660},{\"@type\":\"BreadcrumbList\",\"@id\":\"https:\/\/www.goncalo.pt\/por\/pintura\/#breadcrumb\",\"itemListElement\":[{\"@type\":\"ListItem\",\"position\":1,\"name\":\"Home\",\"item\":\"https:\/\/www.goncalo.pt\/por\/\"},{\"@type\":\"ListItem\",\"position\":2,\"name\":\"Pintura\"}]},{\"@type\":\"WebSite\",\"@id\":\"https:\/\/www.goncalo.pt\/por\/#website\",\"url\":\"https:\/\/www.goncalo.pt\/por\/\",\"name\":\"Gon\u00e7alo Ferreira\",\"description\":\"[Game Engine\/Software\/Simulation\/Trading Systems\/Full Stack] Developer, Musician, Composer, Painter, Writer, IT Trainer, Sys Admin, Ex-Trader, Skater, Strongman, Vegan, Self-Taught Neuro-Divergent Polymath, and 1001 things more. Welcome to my world!\",\"publisher\":{\"@id\":\"https:\/\/www.goncalo.pt\/por\/#organization\"},\"potentialAction\":[{\"@type\":\"SearchAction\",\"target\":{\"@type\":\"EntryPoint\",\"urlTemplate\":\"https:\/\/www.goncalo.pt\/por\/?s={search_term_string}\"},\"query-input\":{\"@type\":\"PropertyValueSpecification\",\"valueRequired\":true,\"valueName\":\"search_term_string\"}}],\"inLanguage\":\"en-US\"},{\"@type\":\"Organization\",\"@id\":\"https:\/\/www.goncalo.pt\/por\/#organization\",\"name\":\"Gon\u00e7alo Ferreira\",\"url\":\"https:\/\/www.goncalo.pt\/por\/\",\"logo\":{\"@type\":\"ImageObject\",\"inLanguage\":\"en-US\",\"@id\":\"https:\/\/www.goncalo.pt\/por\/#\/schema\/logo\/image\/\",\"url\":\"https:\/\/www.goncalo.pt\/por\/wp-content\/uploads\/2023\/08\/cropped-Goncalo-Ferreira-Logo-With-Face.png\",\"contentUrl\":\"https:\/\/www.goncalo.pt\/por\/wp-content\/uploads\/2023\/08\/cropped-Goncalo-Ferreira-Logo-With-Face.png\",\"width\":389,\"height\":90,\"caption\":\"Gon\u00e7alo Ferreira\"},\"image\":{\"@id\":\"https:\/\/www.goncalo.pt\/por\/#\/schema\/logo\/image\/\"},\"sameAs\":[\"http:\/\/www.linkedin.com\/in\/GoncaloPT\/\"]}]}<\/script>\n<!-- \/ Yoast SEO plugin. -->","yoast_head_json":{"title":"Pintura - Gon\u00e7alo Ferreira","robots":{"index":"index","follow":"follow","max-snippet":"max-snippet:-1","max-image-preview":"max-image-preview:large","max-video-preview":"max-video-preview:-1"},"canonical":"https:\/\/www.goncalo.pt\/por\/pintura\/","og_locale":"en_US","og_type":"article","og_title":"Pintura - Gon\u00e7alo Ferreira","og_description":"S\u00f3 pintei durante um m\u00eas, durante Outubro de 2011, e at\u00e9 essa data n\u00e3o fazia ideia se sabia pintar ou","og_url":"https:\/\/www.goncalo.pt\/por\/pintura\/","og_site_name":"Gon\u00e7alo Ferreira","article_modified_time":"2021-04-25T05:33:22+00:00","og_image":[{"width":800,"height":660,"url":"https:\/\/www.goncalo.pt\/por\/wp-content\/uploads\/2021\/04\/pastel-perto-313509_10150366015368850_776475866_n.jpg?v=1631288308","type":"image\/jpeg"}],"twitter_card":"summary_large_image","twitter_misc":{"Est. reading time":"3 minutes"},"schema":{"@context":"https:\/\/schema.org","@graph":[{"@type":"WebPage","@id":"https:\/\/www.goncalo.pt\/por\/pintura\/","url":"https:\/\/www.goncalo.pt\/por\/pintura\/","name":"Pintura - Gon\u00e7alo Ferreira","isPartOf":{"@id":"https:\/\/www.goncalo.pt\/por\/#website"},"primaryImageOfPage":{"@id":"https:\/\/www.goncalo.pt\/por\/pintura\/#primaryimage"},"image":{"@id":"https:\/\/www.goncalo.pt\/por\/pintura\/#primaryimage"},"thumbnailUrl":"https:\/\/www.goncalo.pt\/por\/wp-content\/uploads\/2021\/04\/pastel-perto-313509_10150366015368850_776475866_n.jpg?v=1631288308","datePublished":"2021-04-25T05:21:35+00:00","dateModified":"2021-04-25T05:33:22+00:00","breadcrumb":{"@id":"https:\/\/www.goncalo.pt\/por\/pintura\/#breadcrumb"},"inLanguage":"en-US","potentialAction":[{"@type":"ReadAction","target":["https:\/\/www.goncalo.pt\/por\/pintura\/"]}]},{"@type":"ImageObject","inLanguage":"en-US","@id":"https:\/\/www.goncalo.pt\/por\/pintura\/#primaryimage","url":"https:\/\/www.goncalo.pt\/por\/wp-content\/uploads\/2021\/04\/pastel-perto-313509_10150366015368850_776475866_n.jpg?v=1631288308","contentUrl":"https:\/\/www.goncalo.pt\/por\/wp-content\/uploads\/2021\/04\/pastel-perto-313509_10150366015368850_776475866_n.jpg?v=1631288308","width":800,"height":660},{"@type":"BreadcrumbList","@id":"https:\/\/www.goncalo.pt\/por\/pintura\/#breadcrumb","itemListElement":[{"@type":"ListItem","position":1,"name":"Home","item":"https:\/\/www.goncalo.pt\/por\/"},{"@type":"ListItem","position":2,"name":"Pintura"}]},{"@type":"WebSite","@id":"https:\/\/www.goncalo.pt\/por\/#website","url":"https:\/\/www.goncalo.pt\/por\/","name":"Gon\u00e7alo Ferreira","description":"[Game Engine\/Software\/Simulation\/Trading Systems\/Full Stack] Developer, Musician, Composer, Painter, Writer, IT Trainer, Sys Admin, Ex-Trader, Skater, Strongman, Vegan, Self-Taught Neuro-Divergent Polymath, and 1001 things more. Welcome to my world!","publisher":{"@id":"https:\/\/www.goncalo.pt\/por\/#organization"},"potentialAction":[{"@type":"SearchAction","target":{"@type":"EntryPoint","urlTemplate":"https:\/\/www.goncalo.pt\/por\/?s={search_term_string}"},"query-input":{"@type":"PropertyValueSpecification","valueRequired":true,"valueName":"search_term_string"}}],"inLanguage":"en-US"},{"@type":"Organization","@id":"https:\/\/www.goncalo.pt\/por\/#organization","name":"Gon\u00e7alo Ferreira","url":"https:\/\/www.goncalo.pt\/por\/","logo":{"@type":"ImageObject","inLanguage":"en-US","@id":"https:\/\/www.goncalo.pt\/por\/#\/schema\/logo\/image\/","url":"https:\/\/www.goncalo.pt\/por\/wp-content\/uploads\/2023\/08\/cropped-Goncalo-Ferreira-Logo-With-Face.png","contentUrl":"https:\/\/www.goncalo.pt\/por\/wp-content\/uploads\/2023\/08\/cropped-Goncalo-Ferreira-Logo-With-Face.png","width":389,"height":90,"caption":"Gon\u00e7alo Ferreira"},"image":{"@id":"https:\/\/www.goncalo.pt\/por\/#\/schema\/logo\/image\/"},"sameAs":["http:\/\/www.linkedin.com\/in\/GoncaloPT\/"]}]}},"_links":{"self":[{"href":"https:\/\/www.goncalo.pt\/por\/wp-json\/wp\/v2\/pages\/1107"}],"collection":[{"href":"https:\/\/www.goncalo.pt\/por\/wp-json\/wp\/v2\/pages"}],"about":[{"href":"https:\/\/www.goncalo.pt\/por\/wp-json\/wp\/v2\/types\/page"}],"author":[{"embeddable":true,"href":"https:\/\/www.goncalo.pt\/por\/wp-json\/wp\/v2\/users\/1"}],"replies":[{"embeddable":true,"href":"https:\/\/www.goncalo.pt\/por\/wp-json\/wp\/v2\/comments?post=1107"}],"version-history":[{"count":2,"href":"https:\/\/www.goncalo.pt\/por\/wp-json\/wp\/v2\/pages\/1107\/revisions"}],"predecessor-version":[{"id":1117,"href":"https:\/\/www.goncalo.pt\/por\/wp-json\/wp\/v2\/pages\/1107\/revisions\/1117"}],"wp:featuredmedia":[{"embeddable":true,"href":"https:\/\/www.goncalo.pt\/por\/wp-json\/wp\/v2\/media\/1108"}],"wp:attachment":[{"href":"https:\/\/www.goncalo.pt\/por\/wp-json\/wp\/v2\/media?parent=1107"}],"curies":[{"name":"wp","href":"https:\/\/api.w.org\/{rel}","templated":true}]}}