{"id":1118,"date":"2021-04-28T09:34:26","date_gmt":"2021-04-28T09:34:26","guid":{"rendered":"http:\/\/www.goncalo.pt\/por\/?page_id=1118"},"modified":"2021-04-28T09:34:42","modified_gmt":"2021-04-28T09:34:42","slug":"desenhos-meus","status":"publish","type":"page","link":"https:\/\/www.goncalo.pt\/por\/desenhos-meus\/","title":{"rendered":"Desenhos Meus"},"content":{"rendered":"\n<p>Nesta p\u00e1gina mostro alguns dos meus desenhos.<\/p>\n\n\n\n<p>At\u00e9 agora, s\u00f3 em 2011 \u00e9 que decidi experimentar se conseguia desenhar, e nesse m\u00eas fiz 25 desenhos. Mais tarde fiz 2 ou 3 para oferecer mas nunca mais desenhei, mas vi que era capaz sim.<\/p>\n\n\n\n<p>Come\u00e7o por mostrar um que ofereci \u00e0 minha sobrinha, desenhado em 29 de Abril de 2014, e tive de o entregar um pouco \u00e0 pressa, da\u00ed ter algumas falhas pequeninas. \ud83d\ude42<\/p>\n\n\n\n<figure class=\"wp-block-image size-large is-resized\"><img loading=\"lazy\" decoding=\"async\" src=\"http:\/\/www.goncalo.pt\/por\/wp-content\/uploads\/2021\/04\/des1-desenho1-angela-10344270_10152382867643850_2139026597053888914_o-1024x733.jpg\" alt=\"\" class=\"wp-image-1138\" width=\"1024\" height=\"733\" srcset=\"https:\/\/www.goncalo.pt\/por\/wp-content\/uploads\/2021\/04\/des1-desenho1-angela-10344270_10152382867643850_2139026597053888914_o-1024x733.jpg?v=1631288238 1024w, https:\/\/www.goncalo.pt\/por\/wp-content\/uploads\/2021\/04\/des1-desenho1-angela-10344270_10152382867643850_2139026597053888914_o-300x215.jpg?v=1631288238 300w, https:\/\/www.goncalo.pt\/por\/wp-content\/uploads\/2021\/04\/des1-desenho1-angela-10344270_10152382867643850_2139026597053888914_o-768x550.jpg?v=1631288238 768w, https:\/\/www.goncalo.pt\/por\/wp-content\/uploads\/2021\/04\/des1-desenho1-angela-10344270_10152382867643850_2139026597053888914_o.jpg?v=1631288238 1280w\" sizes=\"(max-width: 1024px) 100vw, 1024px\" \/><\/figure>\n\n\n\n<p>Vou deixar aqui alguns exemplos, e notem que eu limitava o meu tempo a desenhar a 1 ou 2 ou 3 horas, da\u00ed uns estarem mais detalhados que outros. Se levasse algum at\u00e9 ao fim, nem que levasse um dia, conseguiria que ficasse 100% fotogr\u00e1fico, mas temos de aprender a deixar o desenho a meio para n\u00e3o perder mais tempo com eles.<\/p>\n\n\n\n<p>Notem tamb\u00e9m que desenhei v\u00e1rios com papel Canson texturado, que retira o detalhe \u00e0 coisa, mas gosto assim. \ud83d\ude42<\/p>\n\n\n\n<p>Deixo um exemplo de um ao qual chamei de &#8220;amor materno&#8221;, e \u00e9 de 1 de Janeiro de 2012, em papel Canson texturado:<\/p>\n\n\n\n<figure class=\"wp-block-image size-large\"><img loading=\"lazy\" decoding=\"async\" width=\"800\" height=\"567\" src=\"http:\/\/www.goncalo.pt\/por\/wp-content\/uploads\/2021\/04\/des2-desenho-3-maria-522177_10151202238453850_575702897_n.jpg\" alt=\"\" class=\"wp-image-1139\" srcset=\"https:\/\/www.goncalo.pt\/por\/wp-content\/uploads\/2021\/04\/des2-desenho-3-maria-522177_10151202238453850_575702897_n.jpg?v=1631288231 800w, https:\/\/www.goncalo.pt\/por\/wp-content\/uploads\/2021\/04\/des2-desenho-3-maria-522177_10151202238453850_575702897_n-300x213.jpg?v=1631288231 300w, https:\/\/www.goncalo.pt\/por\/wp-content\/uploads\/2021\/04\/des2-desenho-3-maria-522177_10151202238453850_575702897_n-768x544.jpg?v=1631288231 768w\" sizes=\"(max-width: 800px) 100vw, 800px\" \/><\/figure>\n\n\n\n<p>Antes de continuar, deixo-vos a Phoenix (Jean Grey), mas este desenho \u00e9 a imitar outro que vi dela, com algumas diferen\u00e7as claro, desenhado em 13 de Setembro de 2015, para testar v\u00e1rios estilos de desenho, neste caso, anima\u00e7\u00e3o:<\/p>\n\n\n\n<figure class=\"wp-block-image size-large is-resized\"><img loading=\"lazy\" decoding=\"async\" src=\"http:\/\/www.goncalo.pt\/por\/wp-content\/uploads\/2021\/04\/des3-desenho2-pheenix-12010506_10153620651163850_7000643031041175094_o.jpg\" alt=\"\" class=\"wp-image-1140\" width=\"296\" height=\"414\" srcset=\"https:\/\/www.goncalo.pt\/por\/wp-content\/uploads\/2021\/04\/des3-desenho2-pheenix-12010506_10153620651163850_7000643031041175094_o.jpg?v=1631288226 296w, https:\/\/www.goncalo.pt\/por\/wp-content\/uploads\/2021\/04\/des3-desenho2-pheenix-12010506_10153620651163850_7000643031041175094_o-214x300.jpg?v=1631288226 214w\" sizes=\"(max-width: 296px) 100vw, 296px\" \/><\/figure>\n\n\n\n<p>Vou-vos mostrar mais um retrato, mas neste os olhos n\u00e3o ficaram como queria, mas podia ter perdido mais tempo a aperfei\u00e7oar, mas como falei antes, definia um limite de 1 ou 2 ou 3 horas por desenho, para evitar ficar l\u00e1 o dia todo com o meu irritante perfeccionismo. \ud83d\ude42<\/p>\n\n\n\n<p>Fica aqui o retrato, que \u00e9 de 4 de Agosto de 2012:<\/p>\n\n\n\n<figure class=\"wp-block-image size-large\"><img loading=\"lazy\" decoding=\"async\" width=\"614\" height=\"866\" src=\"http:\/\/www.goncalo.pt\/por\/wp-content\/uploads\/2021\/04\/des4-desenho-4-barbara-217928_10151101874483850_1891476140_n.jpg\" alt=\"\" class=\"wp-image-1141\" srcset=\"https:\/\/www.goncalo.pt\/por\/wp-content\/uploads\/2021\/04\/des4-desenho-4-barbara-217928_10151101874483850_1891476140_n.jpg?v=1631288220 614w, https:\/\/www.goncalo.pt\/por\/wp-content\/uploads\/2021\/04\/des4-desenho-4-barbara-217928_10151101874483850_1891476140_n-213x300.jpg?v=1631288220 213w\" sizes=\"(max-width: 614px) 100vw, 614px\" \/><\/figure>\n\n\n\n<p>Mas no come\u00e7o n\u00e3o comecei com papel texturado Canson, comecei com papeis normal\u00edssimos, que permitiam mais detalhe (pois n\u00e3o tinham textura), mas n\u00e3o duram \u00e9 tanto tempo, mas vejamos a minha sobrinha ainda em beb\u00e9, mas com papel fino, de 7 de Setembro de 2011 (sim, na altura fazia acho que um desenho por dia, para experimentar o que conseguia fazer):<\/p>\n\n\n\n<figure class=\"wp-block-image size-large\"><img loading=\"lazy\" decoding=\"async\" width=\"600\" height=\"521\" src=\"http:\/\/www.goncalo.pt\/por\/wp-content\/uploads\/2021\/04\/des5-desenho-5-lapis-angela-299829_10150307836503850_1040138075_n.jpg\" alt=\"\" class=\"wp-image-1142\" srcset=\"https:\/\/www.goncalo.pt\/por\/wp-content\/uploads\/2021\/04\/des5-desenho-5-lapis-angela-299829_10150307836503850_1040138075_n.jpg?v=1631288209 600w, https:\/\/www.goncalo.pt\/por\/wp-content\/uploads\/2021\/04\/des5-desenho-5-lapis-angela-299829_10150307836503850_1040138075_n-300x261.jpg?v=1631288209 300w\" sizes=\"(max-width: 600px) 100vw, 600px\" \/><\/figure>\n\n\n\n<p>Se virem acima, ainda n\u00e3o tinha t\u00e9cnica, foi um dos meus primeiros desenhos, da\u00ed n\u00e3o esfumava ainda, e simplesmente pintava, e em vez de sombras tinha tra\u00e7os mais definidos.<\/p>\n\n\n\n<p>Algo tipo este que fiz depois, que se virem, \u00e9 papel fino, com detalhe, mas peca pela falta de sombras, apesar de que aqui j\u00e1 dava alguma sombra mais, mas continuava com o papel muito fino e muito detalhe:<\/p>\n\n\n\n<figure class=\"wp-block-image size-large\"><img decoding=\"async\" src=\"blob:http:\/\/www.goncalo.pt\/5873bb24-8760-4461-a7ed-3e06cc3492a6\" alt=\"\"\/><\/figure>\n\n\n\n<p>Houve uma fase em que comecei j\u00e1 a usar papel Canson texturado, com menos detalhe e mais sombreados, mas estava numa fase de desenhar com detalhe ainda, vejam esta da camisa, mas tive de substituir a cara porque n\u00e3o pedi autoriza\u00e7\u00e3o \u00e0 amiga em quest\u00e3o na altura para partilhar, num desenho de 15 de Agosto de 2011:<\/p>\n\n\n\n<figure class=\"wp-block-image size-large is-resized\"><img loading=\"lazy\" decoding=\"async\" src=\"http:\/\/www.goncalo.pt\/por\/wp-content\/uploads\/2021\/04\/des7-2011-08-15-335223_10150290912538850_5029473_o.jpg\" alt=\"\" class=\"wp-image-1144\" width=\"594\" height=\"800\" srcset=\"https:\/\/www.goncalo.pt\/por\/wp-content\/uploads\/2021\/04\/des7-2011-08-15-335223_10150290912538850_5029473_o.jpg?v=1631288193 594w, https:\/\/www.goncalo.pt\/por\/wp-content\/uploads\/2021\/04\/des7-2011-08-15-335223_10150290912538850_5029473_o-223x300.jpg?v=1631288193 223w\" sizes=\"(max-width: 594px) 100vw, 594px\" \/><\/figure>\n\n\n\n<p>Podem ver que passei a cortar no detalhe e apostar mais nas sombras, nesta foto j\u00e1 em papel Canson texturado, de 8 de Setembro de 2015. Esqueci-me foi de umas sombras abaixo e ela ficou com a cara um pouco alargada, ela \u00e9 mais bonita ainda do que aparece aqui, mas foi o que deu naquele tempo (de novo o limite de tempo):<\/p>\n\n\n\n<figure class=\"wp-block-image size-large\"><img loading=\"lazy\" decoding=\"async\" width=\"731\" height=\"1024\" src=\"http:\/\/www.goncalo.pt\/por\/wp-content\/uploads\/2021\/04\/des8-2015-09-08-van-11947838_10153607925178850_8968893921264284262_o-731x1024.jpg\" alt=\"\" class=\"wp-image-1145\" srcset=\"https:\/\/www.goncalo.pt\/por\/wp-content\/uploads\/2021\/04\/des8-2015-09-08-van-11947838_10153607925178850_8968893921264284262_o-731x1024.jpg?v=1631288186 731w, https:\/\/www.goncalo.pt\/por\/wp-content\/uploads\/2021\/04\/des8-2015-09-08-van-11947838_10153607925178850_8968893921264284262_o-214x300.jpg?v=1631288186 214w, https:\/\/www.goncalo.pt\/por\/wp-content\/uploads\/2021\/04\/des8-2015-09-08-van-11947838_10153607925178850_8968893921264284262_o-768x1075.jpg?v=1631288186 768w, https:\/\/www.goncalo.pt\/por\/wp-content\/uploads\/2021\/04\/des8-2015-09-08-van-11947838_10153607925178850_8968893921264284262_o-1097x1536.jpg?v=1631288186 1097w, https:\/\/www.goncalo.pt\/por\/wp-content\/uploads\/2021\/04\/des8-2015-09-08-van-11947838_10153607925178850_8968893921264284262_o.jpg?v=1631288186 1444w\" sizes=\"(max-width: 731px) 100vw, 731px\" \/><\/figure>\n\n\n\n<p>Este por outro lado, nunca o cheguei a acabar, estava a tentar colocar em papel a recorda\u00e7\u00e3o de uma ex minha de 2009, mas \u00e9 mais complicado desenhar de mem\u00f3rias muito esbatidas, num desenho de 20 de Abril de 2013, inacabado:<\/p>\n\n\n\n<figure class=\"wp-block-image size-large\"><img loading=\"lazy\" decoding=\"async\" width=\"800\" height=\"600\" src=\"http:\/\/www.goncalo.pt\/por\/wp-content\/uploads\/2021\/04\/des9-2013-04-20-inacabada-164216_10151559883078850_155546750_n.jpg\" alt=\"\" class=\"wp-image-1147\" srcset=\"https:\/\/www.goncalo.pt\/por\/wp-content\/uploads\/2021\/04\/des9-2013-04-20-inacabada-164216_10151559883078850_155546750_n.jpg?v=1631288168 800w, https:\/\/www.goncalo.pt\/por\/wp-content\/uploads\/2021\/04\/des9-2013-04-20-inacabada-164216_10151559883078850_155546750_n-300x225.jpg?v=1631288168 300w, https:\/\/www.goncalo.pt\/por\/wp-content\/uploads\/2021\/04\/des9-2013-04-20-inacabada-164216_10151559883078850_155546750_n-768x576.jpg?v=1631288168 768w\" sizes=\"(max-width: 800px) 100vw, 800px\" \/><\/figure>\n\n\n\n<p>Depois comecei a experimentar com l\u00e1pis de cor e desenhar Manga (estilo Japon\u00eas), mas esta imagem \u00e9 de uma s\u00e9rie que adorava, a &#8220;Trinity Blood&#8221;, mas esqueci-me de uma sobrancelha \u00e0 personagem. Veio de uma cena da s\u00e9rie, desenhada em 10 de Novembro de 2011:<\/p>\n\n\n\n<figure class=\"wp-block-image size-large\"><img loading=\"lazy\" decoding=\"async\" width=\"800\" height=\"567\" src=\"http:\/\/www.goncalo.pt\/por\/wp-content\/uploads\/2021\/04\/des10-desenho-trinity-375346_10150390888208850_1590807650_n-1.jpg\" alt=\"\" class=\"wp-image-1148\" srcset=\"https:\/\/www.goncalo.pt\/por\/wp-content\/uploads\/2021\/04\/des10-desenho-trinity-375346_10150390888208850_1590807650_n-1.jpg?v=1631288157 800w, https:\/\/www.goncalo.pt\/por\/wp-content\/uploads\/2021\/04\/des10-desenho-trinity-375346_10150390888208850_1590807650_n-1-300x213.jpg?v=1631288157 300w, https:\/\/www.goncalo.pt\/por\/wp-content\/uploads\/2021\/04\/des10-desenho-trinity-375346_10150390888208850_1590807650_n-1-768x544.jpg?v=1631288157 768w\" sizes=\"(max-width: 800px) 100vw, 800px\" \/><\/figure>\n\n\n\n<p>E apesar de ter um auto-retrato meu tamb\u00e9m, em carv\u00e3o, fiz este em l\u00e1pis de cor, mas como estes n\u00e3o davam para misturar cores no papel (eram dos normais, da Staedtler acho eu), as cores ficavam muito berrantes:<\/p>\n\n\n\n<figure class=\"wp-block-image size-large\"><img loading=\"lazy\" decoding=\"async\" width=\"800\" height=\"572\" src=\"http:\/\/www.goncalo.pt\/por\/wp-content\/uploads\/2021\/04\/des11-2011-11-11-eu-317787_10150394512863850_1858140524_n.jpg\" alt=\"\" class=\"wp-image-1152\" srcset=\"https:\/\/www.goncalo.pt\/por\/wp-content\/uploads\/2021\/04\/des11-2011-11-11-eu-317787_10150394512863850_1858140524_n.jpg?v=1631288110 800w, https:\/\/www.goncalo.pt\/por\/wp-content\/uploads\/2021\/04\/des11-2011-11-11-eu-317787_10150394512863850_1858140524_n-300x215.jpg?v=1631288110 300w, https:\/\/www.goncalo.pt\/por\/wp-content\/uploads\/2021\/04\/des11-2011-11-11-eu-317787_10150394512863850_1858140524_n-768x549.jpg?v=1631288110 768w\" sizes=\"(max-width: 800px) 100vw, 800px\" \/><\/figure>\n\n\n\n<p>Se virem um outro que fiz a carv\u00e3o, em papel fino (ainda sem saber como esfumar e criar sombras, e por isso com tra\u00e7os muito definidos), de 8 de Agosto de 2011, ver\u00e3o que fico algo diferente, nunca fico 100% igual em dois desenhos, afinal de contas n\u00e3o sou uma fotocopiadora. \ud83d\ude00<\/p>\n\n\n\n<figure class=\"wp-block-image size-large\"><img loading=\"lazy\" decoding=\"async\" width=\"637\" height=\"481\" src=\"http:\/\/www.goncalo.pt\/por\/wp-content\/uploads\/2021\/04\/des12-08-08-2011-185510_10150279750463850_848754_n.jpg\" alt=\"\" class=\"wp-image-1151\" srcset=\"https:\/\/www.goncalo.pt\/por\/wp-content\/uploads\/2021\/04\/des12-08-08-2011-185510_10150279750463850_848754_n.jpg?v=1631288117 637w, https:\/\/www.goncalo.pt\/por\/wp-content\/uploads\/2021\/04\/des12-08-08-2011-185510_10150279750463850_848754_n-300x227.jpg?v=1631288117 300w\" sizes=\"(max-width: 637px) 100vw, 637px\" \/><\/figure>\n\n\n\n<p>Vou-vos deixar umas p\u00e1ginas do meu caderno, que na altura eu tamb\u00e9m experimentei desenhos r\u00e1pidos em caderno, normalmente entre 1 minuto (alguns super \u00e0 pressa), at\u00e9 10 ou 20 minutos, n\u00e3o eram em papel grande, mas d\u00e1 para mostrar na mesma:<\/p>\n\n\n\n<figure class=\"wp-block-image size-large\"><img loading=\"lazy\" decoding=\"async\" width=\"720\" height=\"383\" src=\"http:\/\/www.goncalo.pt\/por\/wp-content\/uploads\/2021\/04\/des13-2011-09-26-307335_10150332047413850_54064219_n.jpg\" alt=\"\" class=\"wp-image-1150\" srcset=\"https:\/\/www.goncalo.pt\/por\/wp-content\/uploads\/2021\/04\/des13-2011-09-26-307335_10150332047413850_54064219_n.jpg?v=1631288125 720w, https:\/\/www.goncalo.pt\/por\/wp-content\/uploads\/2021\/04\/des13-2011-09-26-307335_10150332047413850_54064219_n-300x160.jpg?v=1631288125 300w\" sizes=\"(max-width: 720px) 100vw, 720px\" \/><\/figure>\n\n\n\n<p>Deixo ainda um exemplo dos que tinha no Facebook:<\/p>\n\n\n\n<figure class=\"wp-block-image size-large\"><img loading=\"lazy\" decoding=\"async\" width=\"679\" height=\"823\" src=\"http:\/\/www.goncalo.pt\/por\/wp-content\/uploads\/2021\/04\/2021-04-28-varis-desenhos-Screenshot_20210428_080826.png\" alt=\"\" class=\"wp-image-1149\" srcset=\"https:\/\/www.goncalo.pt\/por\/wp-content\/uploads\/2021\/04\/2021-04-28-varis-desenhos-Screenshot_20210428_080826.png?v=1631288133 679w, https:\/\/www.goncalo.pt\/por\/wp-content\/uploads\/2021\/04\/2021-04-28-varis-desenhos-Screenshot_20210428_080826-248x300.png?v=1631288133 248w\" sizes=\"(max-width: 679px) 100vw, 679px\" \/><\/figure>\n\n\n\n<p>E quem sabe, se um dia voltar a experimentar desenhar, hei-de colocar aqui!<\/p>\n\n\n\n<p>2021-04-28.<\/p>\n","protected":false},"excerpt":{"rendered":"<p>Nesta p\u00e1gina mostro alguns dos meus desenhos. At\u00e9 agora, s\u00f3 em 2011 \u00e9 que decidi experimentar se conseguia desenhar, e<\/p>\n","protected":false},"author":1,"featured_media":1138,"parent":0,"menu_order":0,"comment_status":"closed","ping_status":"closed","template":"","meta":{"footnotes":""},"class_list":["post-1118","page","type-page","status-publish","has-post-thumbnail","hentry"],"yoast_head":"<!-- This site is optimized with the Yoast SEO plugin v25.4 - https:\/\/yoast.com\/wordpress\/plugins\/seo\/ -->\n<title>Desenhos Meus - Gon\u00e7alo Ferreira<\/title>\n<meta name=\"robots\" content=\"index, follow, max-snippet:-1, max-image-preview:large, max-video-preview:-1\" \/>\n<link rel=\"canonical\" href=\"https:\/\/www.goncalo.pt\/por\/desenhos-meus\/\" \/>\n<meta property=\"og:locale\" content=\"en_US\" \/>\n<meta property=\"og:type\" content=\"article\" \/>\n<meta property=\"og:title\" content=\"Desenhos Meus - Gon\u00e7alo Ferreira\" \/>\n<meta property=\"og:description\" content=\"Nesta p\u00e1gina mostro alguns dos meus desenhos. At\u00e9 agora, s\u00f3 em 2011 \u00e9 que decidi experimentar se conseguia desenhar, e\" \/>\n<meta property=\"og:url\" content=\"https:\/\/www.goncalo.pt\/por\/desenhos-meus\/\" \/>\n<meta property=\"og:site_name\" content=\"Gon\u00e7alo Ferreira\" \/>\n<meta property=\"article:modified_time\" content=\"2021-04-28T09:34:42+00:00\" \/>\n<meta property=\"og:image\" content=\"https:\/\/www.goncalo.pt\/por\/wp-content\/uploads\/2021\/04\/des1-desenho1-angela-10344270_10152382867643850_2139026597053888914_o.jpg?v=1631288238\" \/>\n\t<meta property=\"og:image:width\" content=\"1280\" \/>\n\t<meta property=\"og:image:height\" content=\"916\" \/>\n\t<meta property=\"og:image:type\" content=\"image\/jpeg\" \/>\n<meta name=\"twitter:card\" content=\"summary_large_image\" \/>\n<meta name=\"twitter:label1\" content=\"Est. reading time\" \/>\n\t<meta name=\"twitter:data1\" content=\"7 minutes\" \/>\n<script type=\"application\/ld+json\" class=\"yoast-schema-graph\">{\"@context\":\"https:\/\/schema.org\",\"@graph\":[{\"@type\":\"WebPage\",\"@id\":\"https:\/\/www.goncalo.pt\/por\/desenhos-meus\/\",\"url\":\"https:\/\/www.goncalo.pt\/por\/desenhos-meus\/\",\"name\":\"Desenhos Meus - Gon\u00e7alo Ferreira\",\"isPartOf\":{\"@id\":\"https:\/\/www.goncalo.pt\/por\/#website\"},\"primaryImageOfPage\":{\"@id\":\"https:\/\/www.goncalo.pt\/por\/desenhos-meus\/#primaryimage\"},\"image\":{\"@id\":\"https:\/\/www.goncalo.pt\/por\/desenhos-meus\/#primaryimage\"},\"thumbnailUrl\":\"https:\/\/www.goncalo.pt\/por\/wp-content\/uploads\/2021\/04\/des1-desenho1-angela-10344270_10152382867643850_2139026597053888914_o.jpg?v=1631288238\",\"datePublished\":\"2021-04-28T09:34:26+00:00\",\"dateModified\":\"2021-04-28T09:34:42+00:00\",\"breadcrumb\":{\"@id\":\"https:\/\/www.goncalo.pt\/por\/desenhos-meus\/#breadcrumb\"},\"inLanguage\":\"en-US\",\"potentialAction\":[{\"@type\":\"ReadAction\",\"target\":[\"https:\/\/www.goncalo.pt\/por\/desenhos-meus\/\"]}]},{\"@type\":\"ImageObject\",\"inLanguage\":\"en-US\",\"@id\":\"https:\/\/www.goncalo.pt\/por\/desenhos-meus\/#primaryimage\",\"url\":\"https:\/\/www.goncalo.pt\/por\/wp-content\/uploads\/2021\/04\/des1-desenho1-angela-10344270_10152382867643850_2139026597053888914_o.jpg?v=1631288238\",\"contentUrl\":\"https:\/\/www.goncalo.pt\/por\/wp-content\/uploads\/2021\/04\/des1-desenho1-angela-10344270_10152382867643850_2139026597053888914_o.jpg?v=1631288238\",\"width\":1280,\"height\":916},{\"@type\":\"BreadcrumbList\",\"@id\":\"https:\/\/www.goncalo.pt\/por\/desenhos-meus\/#breadcrumb\",\"itemListElement\":[{\"@type\":\"ListItem\",\"position\":1,\"name\":\"Home\",\"item\":\"https:\/\/www.goncalo.pt\/por\/\"},{\"@type\":\"ListItem\",\"position\":2,\"name\":\"Desenhos Meus\"}]},{\"@type\":\"WebSite\",\"@id\":\"https:\/\/www.goncalo.pt\/por\/#website\",\"url\":\"https:\/\/www.goncalo.pt\/por\/\",\"name\":\"Gon\u00e7alo Ferreira\",\"description\":\"[Game Engine\/Software\/Simulation\/Trading Systems\/Full Stack] Developer, Musician, Composer, Painter, Writer, IT Trainer, Sys Admin, Ex-Trader, Skater, Strongman, Vegan, Self-Taught Neuro-Divergent Polymath, and 1001 things more. Welcome to my world!\",\"publisher\":{\"@id\":\"https:\/\/www.goncalo.pt\/por\/#organization\"},\"potentialAction\":[{\"@type\":\"SearchAction\",\"target\":{\"@type\":\"EntryPoint\",\"urlTemplate\":\"https:\/\/www.goncalo.pt\/por\/?s={search_term_string}\"},\"query-input\":{\"@type\":\"PropertyValueSpecification\",\"valueRequired\":true,\"valueName\":\"search_term_string\"}}],\"inLanguage\":\"en-US\"},{\"@type\":\"Organization\",\"@id\":\"https:\/\/www.goncalo.pt\/por\/#organization\",\"name\":\"Gon\u00e7alo Ferreira\",\"url\":\"https:\/\/www.goncalo.pt\/por\/\",\"logo\":{\"@type\":\"ImageObject\",\"inLanguage\":\"en-US\",\"@id\":\"https:\/\/www.goncalo.pt\/por\/#\/schema\/logo\/image\/\",\"url\":\"https:\/\/www.goncalo.pt\/por\/wp-content\/uploads\/2023\/08\/cropped-Goncalo-Ferreira-Logo-With-Face.png\",\"contentUrl\":\"https:\/\/www.goncalo.pt\/por\/wp-content\/uploads\/2023\/08\/cropped-Goncalo-Ferreira-Logo-With-Face.png\",\"width\":389,\"height\":90,\"caption\":\"Gon\u00e7alo Ferreira\"},\"image\":{\"@id\":\"https:\/\/www.goncalo.pt\/por\/#\/schema\/logo\/image\/\"},\"sameAs\":[\"http:\/\/www.linkedin.com\/in\/GoncaloPT\/\"]}]}<\/script>\n<!-- \/ Yoast SEO plugin. -->","yoast_head_json":{"title":"Desenhos Meus - Gon\u00e7alo Ferreira","robots":{"index":"index","follow":"follow","max-snippet":"max-snippet:-1","max-image-preview":"max-image-preview:large","max-video-preview":"max-video-preview:-1"},"canonical":"https:\/\/www.goncalo.pt\/por\/desenhos-meus\/","og_locale":"en_US","og_type":"article","og_title":"Desenhos Meus - Gon\u00e7alo Ferreira","og_description":"Nesta p\u00e1gina mostro alguns dos meus desenhos. At\u00e9 agora, s\u00f3 em 2011 \u00e9 que decidi experimentar se conseguia desenhar, e","og_url":"https:\/\/www.goncalo.pt\/por\/desenhos-meus\/","og_site_name":"Gon\u00e7alo Ferreira","article_modified_time":"2021-04-28T09:34:42+00:00","og_image":[{"width":1280,"height":916,"url":"https:\/\/www.goncalo.pt\/por\/wp-content\/uploads\/2021\/04\/des1-desenho1-angela-10344270_10152382867643850_2139026597053888914_o.jpg?v=1631288238","type":"image\/jpeg"}],"twitter_card":"summary_large_image","twitter_misc":{"Est. reading time":"7 minutes"},"schema":{"@context":"https:\/\/schema.org","@graph":[{"@type":"WebPage","@id":"https:\/\/www.goncalo.pt\/por\/desenhos-meus\/","url":"https:\/\/www.goncalo.pt\/por\/desenhos-meus\/","name":"Desenhos Meus - Gon\u00e7alo Ferreira","isPartOf":{"@id":"https:\/\/www.goncalo.pt\/por\/#website"},"primaryImageOfPage":{"@id":"https:\/\/www.goncalo.pt\/por\/desenhos-meus\/#primaryimage"},"image":{"@id":"https:\/\/www.goncalo.pt\/por\/desenhos-meus\/#primaryimage"},"thumbnailUrl":"https:\/\/www.goncalo.pt\/por\/wp-content\/uploads\/2021\/04\/des1-desenho1-angela-10344270_10152382867643850_2139026597053888914_o.jpg?v=1631288238","datePublished":"2021-04-28T09:34:26+00:00","dateModified":"2021-04-28T09:34:42+00:00","breadcrumb":{"@id":"https:\/\/www.goncalo.pt\/por\/desenhos-meus\/#breadcrumb"},"inLanguage":"en-US","potentialAction":[{"@type":"ReadAction","target":["https:\/\/www.goncalo.pt\/por\/desenhos-meus\/"]}]},{"@type":"ImageObject","inLanguage":"en-US","@id":"https:\/\/www.goncalo.pt\/por\/desenhos-meus\/#primaryimage","url":"https:\/\/www.goncalo.pt\/por\/wp-content\/uploads\/2021\/04\/des1-desenho1-angela-10344270_10152382867643850_2139026597053888914_o.jpg?v=1631288238","contentUrl":"https:\/\/www.goncalo.pt\/por\/wp-content\/uploads\/2021\/04\/des1-desenho1-angela-10344270_10152382867643850_2139026597053888914_o.jpg?v=1631288238","width":1280,"height":916},{"@type":"BreadcrumbList","@id":"https:\/\/www.goncalo.pt\/por\/desenhos-meus\/#breadcrumb","itemListElement":[{"@type":"ListItem","position":1,"name":"Home","item":"https:\/\/www.goncalo.pt\/por\/"},{"@type":"ListItem","position":2,"name":"Desenhos Meus"}]},{"@type":"WebSite","@id":"https:\/\/www.goncalo.pt\/por\/#website","url":"https:\/\/www.goncalo.pt\/por\/","name":"Gon\u00e7alo Ferreira","description":"[Game Engine\/Software\/Simulation\/Trading Systems\/Full Stack] Developer, Musician, Composer, Painter, Writer, IT Trainer, Sys Admin, Ex-Trader, Skater, Strongman, Vegan, Self-Taught Neuro-Divergent Polymath, and 1001 things more. Welcome to my world!","publisher":{"@id":"https:\/\/www.goncalo.pt\/por\/#organization"},"potentialAction":[{"@type":"SearchAction","target":{"@type":"EntryPoint","urlTemplate":"https:\/\/www.goncalo.pt\/por\/?s={search_term_string}"},"query-input":{"@type":"PropertyValueSpecification","valueRequired":true,"valueName":"search_term_string"}}],"inLanguage":"en-US"},{"@type":"Organization","@id":"https:\/\/www.goncalo.pt\/por\/#organization","name":"Gon\u00e7alo Ferreira","url":"https:\/\/www.goncalo.pt\/por\/","logo":{"@type":"ImageObject","inLanguage":"en-US","@id":"https:\/\/www.goncalo.pt\/por\/#\/schema\/logo\/image\/","url":"https:\/\/www.goncalo.pt\/por\/wp-content\/uploads\/2023\/08\/cropped-Goncalo-Ferreira-Logo-With-Face.png","contentUrl":"https:\/\/www.goncalo.pt\/por\/wp-content\/uploads\/2023\/08\/cropped-Goncalo-Ferreira-Logo-With-Face.png","width":389,"height":90,"caption":"Gon\u00e7alo Ferreira"},"image":{"@id":"https:\/\/www.goncalo.pt\/por\/#\/schema\/logo\/image\/"},"sameAs":["http:\/\/www.linkedin.com\/in\/GoncaloPT\/"]}]}},"_links":{"self":[{"href":"https:\/\/www.goncalo.pt\/por\/wp-json\/wp\/v2\/pages\/1118"}],"collection":[{"href":"https:\/\/www.goncalo.pt\/por\/wp-json\/wp\/v2\/pages"}],"about":[{"href":"https:\/\/www.goncalo.pt\/por\/wp-json\/wp\/v2\/types\/page"}],"author":[{"embeddable":true,"href":"https:\/\/www.goncalo.pt\/por\/wp-json\/wp\/v2\/users\/1"}],"replies":[{"embeddable":true,"href":"https:\/\/www.goncalo.pt\/por\/wp-json\/wp\/v2\/comments?post=1118"}],"version-history":[{"count":1,"href":"https:\/\/www.goncalo.pt\/por\/wp-json\/wp\/v2\/pages\/1118\/revisions"}],"predecessor-version":[{"id":1153,"href":"https:\/\/www.goncalo.pt\/por\/wp-json\/wp\/v2\/pages\/1118\/revisions\/1153"}],"wp:featuredmedia":[{"embeddable":true,"href":"https:\/\/www.goncalo.pt\/por\/wp-json\/wp\/v2\/media\/1138"}],"wp:attachment":[{"href":"https:\/\/www.goncalo.pt\/por\/wp-json\/wp\/v2\/media?parent=1118"}],"curies":[{"name":"wp","href":"https:\/\/api.w.org\/{rel}","templated":true}]}}