{"id":13,"date":"2021-01-14T01:37:02","date_gmt":"2021-01-14T01:37:02","guid":{"rendered":"http:\/\/www.goncalo.pt\/wordpress\/?page_id=13"},"modified":"2022-12-18T04:37:20","modified_gmt":"2022-12-18T04:37:20","slug":"goncalo-ferreira-sobre-mim","status":"publish","type":"page","link":"https:\/\/www.goncalo.pt\/por\/goncalo-ferreira-sobre-mim\/","title":{"rendered":"Gon\u00e7alo Ferreira &#8211; Quem Sou Eu???"},"content":{"rendered":"<p>Um pequeno resumo sobre mim&#8230;<\/p>\n\n\n<p>\u00abPol\u00edmata auto-didacta, neuro-divergente\/on the spectrum (HFA), Vegan, M\u00fasico, Compositor, Pintor, Escritor, Formador, Programador, Ex-Daytrader, Sys Admin, Webmaster, e muitas outras coisas. Adoro Matem\u00e1tica e F\u00edsica e uso a Programa\u00e7\u00e3o como ferramenta para quase tudo, desde criar jogos, trading systems, admin tools, etc. Neste site partilho algumas das minhas cria\u00e7\u00f5es, e obviamente tudo o que v\u00eaem aqui \u00e9 criado por mim, uma pequena parte daquilo que fiz\u2026\u00bb<\/p>\n\n\n\n<p>Nunca conseguirei ter nesta p\u00e1gina tudo o que j\u00e1 fiz na vida, por isso meti pequenos resumos, de tudo um pouco.<\/p>\n\n\n\n<p>S\u00f3 meti tamb\u00e9m praticamente coisas que criei ap\u00f3s 2018, altura em que deixei de ter vontade de permanecer an\u00f3nimo, e em que partilhei mais sobre mim.<\/p>\n\n\n\n<p>Da\u00ed, apesar de terem algumas coisas sobre o meu Passado por aqui, pelo menos um resumo dos maiores projectos, s\u00f3 encontrar\u00e3o updates sobre coisas que desenvolvi ap\u00f3s 2018.<\/p>\n\n\n\n<p>De qualquer das formas seria tanta coisa que n\u00e3o acreditariam, fiquem-se com o ap\u00f3s 2018 e alguns projectos antigos.<\/p>\n\n\n\n<p>Fica uma imagem sobre o que sou, abaixo:<\/p>\n\n\n\n<figure class=\"wp-block-image size-large\"><img loading=\"lazy\" decoding=\"async\" width=\"1024\" height=\"576\" src=\"http:\/\/www.goncalo.pt\/por\/wp-content\/uploads\/2021\/05\/Goncalo-Ferreira-Me-in-One-Image-2021-GIF-1024x576.gif\" alt=\"Gon\u00e7alo Ferreira - Eu e o que fa\u00e7o, resumido numa \u00fanica imagem...\" class=\"wp-image-1216\" srcset=\"https:\/\/www.goncalo.pt\/por\/wp-content\/uploads\/2021\/05\/Goncalo-Ferreira-Me-in-One-Image-2021-GIF-1024x576.gif?v=1631287967 1024w, https:\/\/www.goncalo.pt\/por\/wp-content\/uploads\/2021\/05\/Goncalo-Ferreira-Me-in-One-Image-2021-GIF-300x169.gif?v=1631287967 300w, https:\/\/www.goncalo.pt\/por\/wp-content\/uploads\/2021\/05\/Goncalo-Ferreira-Me-in-One-Image-2021-GIF-768x432.gif?v=1631287967 768w\" sizes=\"(max-width: 1024px) 100vw, 1024px\" \/><figcaption>Gon\u00e7alo Ferreira &#8211; Eu e o que fa\u00e7o, resumido numa \u00fanica imagem&#8230;<\/figcaption><\/figure>\n\n\n\n<p>Fica a p\u00e1gina dos meus projectos, h\u00e1 outras sobre outros temas algures tamb\u00e9m por este site:<\/p>\n\n\n\n<figure class=\"wp-block-embed is-type-wp-embed is-provider-goncalo-ferreira wp-block-embed-goncalo-ferreira\"><div class=\"wp-block-embed__wrapper\">\n<blockquote class=\"wp-embedded-content\" data-secret=\"EGVOLXmVk1\"><a href=\"https:\/\/www.goncalo.pt\/por\/os-meus-projectos-principais\/\">Os Meus Projectos Principais&#8230;<\/a><\/blockquote><iframe loading=\"lazy\" class=\"wp-embedded-content\" sandbox=\"allow-scripts\" security=\"restricted\" style=\"position: absolute; clip: rect(1px, 1px, 1px, 1px);\" title=\"&#8220;Os Meus Projectos Principais&#8230;&#8221; &#8212; Gon\u00e7alo Ferreira\" src=\"https:\/\/www.goncalo.pt\/por\/os-meus-projectos-principais\/embed\/#?secret=EGVOLXmVk1\" data-secret=\"EGVOLXmVk1\" width=\"600\" height=\"338\" frameborder=\"0\" marginwidth=\"0\" marginheight=\"0\" scrolling=\"no\"><\/iframe>\n<\/div><\/figure>\n\n\n\n<p>Cya!<\/p>\n\n\n\n<p>Tinha esta mensagem desde talvez 2018, e por isso deixo-a aqui em baixo como recorda\u00e7\u00e3o, agora que lhe fa\u00e7o uma pequena actualiza\u00e7\u00e3o em 2022-12-18:<\/p>\n\n\n\n<p>\u00abSITE AINDA EM CONSTRU\u00c7\u00c3O, ESTAR\u00c1 ACABADO ANTES DO FINAL DE JANEIRO!<\/p>\n\n\n\n<p>Mas sou um Pol\u00edmata Auto-Didacta, Programador, VideoGame\/FullStack\/Web\/Software\/TradingSystems Developer, Administrador de Sistemas\/Redes, CyberSec, Pintor, Compositor, M\u00fasico, Escritor, Formador, desportista, e muitas coisas mais, e claro est\u00e1, VEGAN. \ud83d\ude1b<\/p>\n\n\n\n<p>FALTAM AINDA MUITAS P\u00c1GINAS E IMAGENS E PROJECTOS&#8230;<\/p>\n\n\n\n<p>VOLTE EM BREVE!!!\u00bb<\/p>\n\n\n\n<p>A p\u00e1gina est\u00e1 actualizada, mas deixei acima a frase antiga na mesma. \ud83d\ude1b<\/p>\n","protected":false},"excerpt":{"rendered":"<p>Um pequeno resumo sobre mim&#8230; \u00abPol\u00edmata auto-didacta, neuro-divergente\/on the spectrum (HFA), Vegan, M\u00fasico, Compositor, Pintor, Escritor, Formador, Programador, Ex-Daytrader, Sys<\/p>\n","protected":false},"author":1,"featured_media":1216,"parent":0,"menu_order":0,"comment_status":"closed","ping_status":"closed","template":"","meta":{"footnotes":""},"class_list":["post-13","page","type-page","status-publish","has-post-thumbnail","hentry"],"yoast_head":"<!-- This site is optimized with the Yoast SEO plugin v25.4 - https:\/\/yoast.com\/wordpress\/plugins\/seo\/ -->\n<title>Gon\u00e7alo Ferreira - Quem Sou Eu??? - Gon\u00e7alo Ferreira<\/title>\n<meta name=\"robots\" content=\"index, follow, max-snippet:-1, max-image-preview:large, max-video-preview:-1\" \/>\n<link rel=\"canonical\" href=\"https:\/\/www.goncalo.pt\/por\/goncalo-ferreira-sobre-mim\/\" \/>\n<meta property=\"og:locale\" content=\"en_US\" \/>\n<meta property=\"og:type\" content=\"article\" \/>\n<meta property=\"og:title\" content=\"Gon\u00e7alo Ferreira - Quem Sou Eu??? - Gon\u00e7alo Ferreira\" \/>\n<meta property=\"og:description\" content=\"Um pequeno resumo sobre mim&#8230; \u00abPol\u00edmata auto-didacta, neuro-divergente\/on the spectrum (HFA), Vegan, M\u00fasico, Compositor, Pintor, Escritor, Formador, Programador, Ex-Daytrader, Sys\" \/>\n<meta property=\"og:url\" content=\"https:\/\/www.goncalo.pt\/por\/goncalo-ferreira-sobre-mim\/\" \/>\n<meta property=\"og:site_name\" content=\"Gon\u00e7alo Ferreira\" \/>\n<meta property=\"article:modified_time\" content=\"2022-12-18T04:37:20+00:00\" \/>\n<meta property=\"og:image\" content=\"https:\/\/www.goncalo.pt\/por\/wp-content\/uploads\/2021\/05\/Goncalo-Ferreira-Me-in-One-Image-2021-GIF-1024x576.gif\" \/>\n\t<meta property=\"og:image:width\" content=\"1024\" \/>\n\t<meta property=\"og:image:height\" content=\"576\" \/>\n\t<meta property=\"og:image:type\" content=\"image\/gif\" \/>\n<meta name=\"twitter:card\" content=\"summary_large_image\" \/>\n<meta name=\"twitter:label1\" content=\"Est. reading time\" \/>\n\t<meta name=\"twitter:data1\" content=\"2 minutes\" \/>\n<script type=\"application\/ld+json\" class=\"yoast-schema-graph\">{\"@context\":\"https:\/\/schema.org\",\"@graph\":[{\"@type\":\"WebPage\",\"@id\":\"https:\/\/www.goncalo.pt\/por\/goncalo-ferreira-sobre-mim\/\",\"url\":\"https:\/\/www.goncalo.pt\/por\/goncalo-ferreira-sobre-mim\/\",\"name\":\"Gon\u00e7alo Ferreira - Quem Sou Eu??? - Gon\u00e7alo Ferreira\",\"isPartOf\":{\"@id\":\"https:\/\/www.goncalo.pt\/por\/#website\"},\"primaryImageOfPage\":{\"@id\":\"https:\/\/www.goncalo.pt\/por\/goncalo-ferreira-sobre-mim\/#primaryimage\"},\"image\":{\"@id\":\"https:\/\/www.goncalo.pt\/por\/goncalo-ferreira-sobre-mim\/#primaryimage\"},\"thumbnailUrl\":\"https:\/\/www.goncalo.pt\/por\/wp-content\/uploads\/2021\/05\/Goncalo-Ferreira-Me-in-One-Image-2021-GIF.gif?v=1631287967\",\"datePublished\":\"2021-01-14T01:37:02+00:00\",\"dateModified\":\"2022-12-18T04:37:20+00:00\",\"breadcrumb\":{\"@id\":\"https:\/\/www.goncalo.pt\/por\/goncalo-ferreira-sobre-mim\/#breadcrumb\"},\"inLanguage\":\"en-US\",\"potentialAction\":[{\"@type\":\"ReadAction\",\"target\":[\"https:\/\/www.goncalo.pt\/por\/goncalo-ferreira-sobre-mim\/\"]}]},{\"@type\":\"ImageObject\",\"inLanguage\":\"en-US\",\"@id\":\"https:\/\/www.goncalo.pt\/por\/goncalo-ferreira-sobre-mim\/#primaryimage\",\"url\":\"https:\/\/www.goncalo.pt\/por\/wp-content\/uploads\/2021\/05\/Goncalo-Ferreira-Me-in-One-Image-2021-GIF.gif?v=1631287967\",\"contentUrl\":\"https:\/\/www.goncalo.pt\/por\/wp-content\/uploads\/2021\/05\/Goncalo-Ferreira-Me-in-One-Image-2021-GIF.gif?v=1631287967\",\"width\":1200,\"height\":675,\"caption\":\"Gon\u00e7alo Ferreira - Eu e o que fa\u00e7o, resumido numa \u00fanica imagem...\"},{\"@type\":\"BreadcrumbList\",\"@id\":\"https:\/\/www.goncalo.pt\/por\/goncalo-ferreira-sobre-mim\/#breadcrumb\",\"itemListElement\":[{\"@type\":\"ListItem\",\"position\":1,\"name\":\"Home\",\"item\":\"https:\/\/www.goncalo.pt\/por\/\"},{\"@type\":\"ListItem\",\"position\":2,\"name\":\"Gon\u00e7alo Ferreira &#8211; Quem Sou Eu???\"}]},{\"@type\":\"WebSite\",\"@id\":\"https:\/\/www.goncalo.pt\/por\/#website\",\"url\":\"https:\/\/www.goncalo.pt\/por\/\",\"name\":\"Gon\u00e7alo Ferreira\",\"description\":\"[Game Engine\/Software\/Simulation\/Trading Systems\/Full Stack] Developer, Musician, Composer, Painter, Writer, IT Trainer, Sys Admin, Ex-Trader, Skater, Strongman, Vegan, Self-Taught Neuro-Divergent Polymath, and 1001 things more. Welcome to my world!\",\"publisher\":{\"@id\":\"https:\/\/www.goncalo.pt\/por\/#organization\"},\"potentialAction\":[{\"@type\":\"SearchAction\",\"target\":{\"@type\":\"EntryPoint\",\"urlTemplate\":\"https:\/\/www.goncalo.pt\/por\/?s={search_term_string}\"},\"query-input\":{\"@type\":\"PropertyValueSpecification\",\"valueRequired\":true,\"valueName\":\"search_term_string\"}}],\"inLanguage\":\"en-US\"},{\"@type\":\"Organization\",\"@id\":\"https:\/\/www.goncalo.pt\/por\/#organization\",\"name\":\"Gon\u00e7alo Ferreira\",\"url\":\"https:\/\/www.goncalo.pt\/por\/\",\"logo\":{\"@type\":\"ImageObject\",\"inLanguage\":\"en-US\",\"@id\":\"https:\/\/www.goncalo.pt\/por\/#\/schema\/logo\/image\/\",\"url\":\"https:\/\/www.goncalo.pt\/por\/wp-content\/uploads\/2023\/08\/cropped-Goncalo-Ferreira-Logo-With-Face.png\",\"contentUrl\":\"https:\/\/www.goncalo.pt\/por\/wp-content\/uploads\/2023\/08\/cropped-Goncalo-Ferreira-Logo-With-Face.png\",\"width\":389,\"height\":90,\"caption\":\"Gon\u00e7alo Ferreira\"},\"image\":{\"@id\":\"https:\/\/www.goncalo.pt\/por\/#\/schema\/logo\/image\/\"},\"sameAs\":[\"http:\/\/www.linkedin.com\/in\/GoncaloPT\/\"]}]}<\/script>\n<!-- \/ Yoast SEO plugin. -->","yoast_head_json":{"title":"Gon\u00e7alo Ferreira - Quem Sou Eu??? - Gon\u00e7alo Ferreira","robots":{"index":"index","follow":"follow","max-snippet":"max-snippet:-1","max-image-preview":"max-image-preview:large","max-video-preview":"max-video-preview:-1"},"canonical":"https:\/\/www.goncalo.pt\/por\/goncalo-ferreira-sobre-mim\/","og_locale":"en_US","og_type":"article","og_title":"Gon\u00e7alo Ferreira - Quem Sou Eu??? - Gon\u00e7alo Ferreira","og_description":"Um pequeno resumo sobre mim&#8230; \u00abPol\u00edmata auto-didacta, neuro-divergente\/on the spectrum (HFA), Vegan, M\u00fasico, Compositor, Pintor, Escritor, Formador, Programador, Ex-Daytrader, Sys","og_url":"https:\/\/www.goncalo.pt\/por\/goncalo-ferreira-sobre-mim\/","og_site_name":"Gon\u00e7alo Ferreira","article_modified_time":"2022-12-18T04:37:20+00:00","og_image":[{"width":1024,"height":576,"url":"https:\/\/www.goncalo.pt\/por\/wp-content\/uploads\/2021\/05\/Goncalo-Ferreira-Me-in-One-Image-2021-GIF-1024x576.gif","type":"image\/gif"}],"twitter_card":"summary_large_image","twitter_misc":{"Est. reading time":"2 minutes"},"schema":{"@context":"https:\/\/schema.org","@graph":[{"@type":"WebPage","@id":"https:\/\/www.goncalo.pt\/por\/goncalo-ferreira-sobre-mim\/","url":"https:\/\/www.goncalo.pt\/por\/goncalo-ferreira-sobre-mim\/","name":"Gon\u00e7alo Ferreira - Quem Sou Eu??? - Gon\u00e7alo Ferreira","isPartOf":{"@id":"https:\/\/www.goncalo.pt\/por\/#website"},"primaryImageOfPage":{"@id":"https:\/\/www.goncalo.pt\/por\/goncalo-ferreira-sobre-mim\/#primaryimage"},"image":{"@id":"https:\/\/www.goncalo.pt\/por\/goncalo-ferreira-sobre-mim\/#primaryimage"},"thumbnailUrl":"https:\/\/www.goncalo.pt\/por\/wp-content\/uploads\/2021\/05\/Goncalo-Ferreira-Me-in-One-Image-2021-GIF.gif?v=1631287967","datePublished":"2021-01-14T01:37:02+00:00","dateModified":"2022-12-18T04:37:20+00:00","breadcrumb":{"@id":"https:\/\/www.goncalo.pt\/por\/goncalo-ferreira-sobre-mim\/#breadcrumb"},"inLanguage":"en-US","potentialAction":[{"@type":"ReadAction","target":["https:\/\/www.goncalo.pt\/por\/goncalo-ferreira-sobre-mim\/"]}]},{"@type":"ImageObject","inLanguage":"en-US","@id":"https:\/\/www.goncalo.pt\/por\/goncalo-ferreira-sobre-mim\/#primaryimage","url":"https:\/\/www.goncalo.pt\/por\/wp-content\/uploads\/2021\/05\/Goncalo-Ferreira-Me-in-One-Image-2021-GIF.gif?v=1631287967","contentUrl":"https:\/\/www.goncalo.pt\/por\/wp-content\/uploads\/2021\/05\/Goncalo-Ferreira-Me-in-One-Image-2021-GIF.gif?v=1631287967","width":1200,"height":675,"caption":"Gon\u00e7alo Ferreira - Eu e o que fa\u00e7o, resumido numa \u00fanica imagem..."},{"@type":"BreadcrumbList","@id":"https:\/\/www.goncalo.pt\/por\/goncalo-ferreira-sobre-mim\/#breadcrumb","itemListElement":[{"@type":"ListItem","position":1,"name":"Home","item":"https:\/\/www.goncalo.pt\/por\/"},{"@type":"ListItem","position":2,"name":"Gon\u00e7alo Ferreira &#8211; Quem Sou Eu???"}]},{"@type":"WebSite","@id":"https:\/\/www.goncalo.pt\/por\/#website","url":"https:\/\/www.goncalo.pt\/por\/","name":"Gon\u00e7alo Ferreira","description":"[Game Engine\/Software\/Simulation\/Trading Systems\/Full Stack] Developer, Musician, Composer, Painter, Writer, IT Trainer, Sys Admin, Ex-Trader, Skater, Strongman, Vegan, Self-Taught Neuro-Divergent Polymath, and 1001 things more. Welcome to my world!","publisher":{"@id":"https:\/\/www.goncalo.pt\/por\/#organization"},"potentialAction":[{"@type":"SearchAction","target":{"@type":"EntryPoint","urlTemplate":"https:\/\/www.goncalo.pt\/por\/?s={search_term_string}"},"query-input":{"@type":"PropertyValueSpecification","valueRequired":true,"valueName":"search_term_string"}}],"inLanguage":"en-US"},{"@type":"Organization","@id":"https:\/\/www.goncalo.pt\/por\/#organization","name":"Gon\u00e7alo Ferreira","url":"https:\/\/www.goncalo.pt\/por\/","logo":{"@type":"ImageObject","inLanguage":"en-US","@id":"https:\/\/www.goncalo.pt\/por\/#\/schema\/logo\/image\/","url":"https:\/\/www.goncalo.pt\/por\/wp-content\/uploads\/2023\/08\/cropped-Goncalo-Ferreira-Logo-With-Face.png","contentUrl":"https:\/\/www.goncalo.pt\/por\/wp-content\/uploads\/2023\/08\/cropped-Goncalo-Ferreira-Logo-With-Face.png","width":389,"height":90,"caption":"Gon\u00e7alo Ferreira"},"image":{"@id":"https:\/\/www.goncalo.pt\/por\/#\/schema\/logo\/image\/"},"sameAs":["http:\/\/www.linkedin.com\/in\/GoncaloPT\/"]}]}},"_links":{"self":[{"href":"https:\/\/www.goncalo.pt\/por\/wp-json\/wp\/v2\/pages\/13"}],"collection":[{"href":"https:\/\/www.goncalo.pt\/por\/wp-json\/wp\/v2\/pages"}],"about":[{"href":"https:\/\/www.goncalo.pt\/por\/wp-json\/wp\/v2\/types\/page"}],"author":[{"embeddable":true,"href":"https:\/\/www.goncalo.pt\/por\/wp-json\/wp\/v2\/users\/1"}],"replies":[{"embeddable":true,"href":"https:\/\/www.goncalo.pt\/por\/wp-json\/wp\/v2\/comments?post=13"}],"version-history":[{"count":4,"href":"https:\/\/www.goncalo.pt\/por\/wp-json\/wp\/v2\/pages\/13\/revisions"}],"predecessor-version":[{"id":2276,"href":"https:\/\/www.goncalo.pt\/por\/wp-json\/wp\/v2\/pages\/13\/revisions\/2276"}],"wp:featuredmedia":[{"embeddable":true,"href":"https:\/\/www.goncalo.pt\/por\/wp-json\/wp\/v2\/media\/1216"}],"wp:attachment":[{"href":"https:\/\/www.goncalo.pt\/por\/wp-json\/wp\/v2\/media?parent=13"}],"curies":[{"name":"wp","href":"https:\/\/api.w.org\/{rel}","templated":true}]}}