{"id":14,"date":"2021-01-14T01:37:02","date_gmt":"2021-01-14T01:37:02","guid":{"rendered":"http:\/\/www.goncalo.pt\/wordpress\/?page_id=14"},"modified":"2024-12-02T13:53:13","modified_gmt":"2024-12-02T13:53:13","slug":"contactos","status":"publish","type":"page","link":"https:\/\/www.goncalo.pt\/por\/contactos\/","title":{"rendered":"Contactos"},"content":{"rendered":"\n<p>Para me contactarem podem optar por me visitar no Linkedin (<a href=\"http:\/\/www.linkedin.com\/in\/goncalopt\/\" target=\"_blank\" rel=\"noreferrer noopener\">http:\/\/www.linkedin.com\/in\/goncalopt\/<\/a>), onde vou v\u00e1rias vezes por semana.<\/p>\n\n\n\n<p>Se tiverem o meu email podem enviar-me um mas confesso que s\u00e3o raras as vezes que consulto os meus emails hoje em dia.<\/p>\n\n\n\n<p>Cheguei a ter dezenas de endere\u00e7os de email, mas no meio do caos, hoje em dia s\u00f3 consulto mesmo o LinkedIn, porque \u00e9 uma forma de escapar ao spam.<\/p>\n\n\n\n<p>Por l\u00e1 conseguem encontrar-me.<\/p>\n\n\n\n<p>Cya!<\/p>\n\n\n\n<p>2021-04-29 &#8211; 2024&#8230;<\/p>\n\n\n\n<div class=\"badge-base LI-profile-badge\" data-locale=\"pt_BR\" data-size=\"medium\" data-theme=\"dark\" data-type=\"VERTICAL\" data-vanity=\"goncalopt\" data-version=\"v1\"><a class=\"badge-base__link LI-simple-link\" href=\"https:\/\/pt.linkedin.com\/in\/goncalopt?trk=profile-badge\">Gon\u00e7alo Ferreira<\/a><\/div>\n","protected":false},"excerpt":{"rendered":"<p>Para me contactarem podem optar por me visitar no Linkedin (http:\/\/www.linkedin.com\/in\/goncalopt\/), onde vou v\u00e1rias vezes por semana. Se tiverem o<\/p>\n","protected":false},"author":1,"featured_media":869,"parent":0,"menu_order":0,"comment_status":"open","ping_status":"open","template":"page-templates\/contact.php","meta":{"footnotes":""},"class_list":["post-14","page","type-page","status-publish","has-post-thumbnail","hentry"],"yoast_head":"<!-- This site is optimized with the Yoast SEO plugin v25.4 - https:\/\/yoast.com\/wordpress\/plugins\/seo\/ -->\n<title>Contactos - Gon\u00e7alo Ferreira<\/title>\n<meta name=\"robots\" content=\"index, follow, max-snippet:-1, max-image-preview:large, max-video-preview:-1\" \/>\n<link rel=\"canonical\" href=\"https:\/\/www.goncalo.pt\/por\/contactos\/\" \/>\n<meta property=\"og:locale\" content=\"en_US\" \/>\n<meta property=\"og:type\" content=\"article\" \/>\n<meta property=\"og:title\" content=\"Contactos - Gon\u00e7alo Ferreira\" \/>\n<meta property=\"og:description\" content=\"Para me contactarem podem optar por me visitar no Linkedin (http:\/\/www.linkedin.com\/in\/goncalopt\/), onde vou v\u00e1rias vezes por semana. Se tiverem o\" \/>\n<meta property=\"og:url\" content=\"https:\/\/www.goncalo.pt\/por\/contactos\/\" \/>\n<meta property=\"og:site_name\" content=\"Gon\u00e7alo Ferreira\" \/>\n<meta property=\"article:modified_time\" content=\"2024-12-02T13:53:13+00:00\" \/>\n<meta property=\"og:image\" content=\"https:\/\/www.goncalo.pt\/por\/wp-content\/uploads\/2021\/04\/apresnetacoes-site2021-04-15-Screenshot_20210415_140955.png?v=1631288802\" \/>\n\t<meta property=\"og:image:width\" content=\"960\" \/>\n\t<meta property=\"og:image:height\" content=\"640\" \/>\n\t<meta property=\"og:image:type\" content=\"image\/png\" \/>\n<meta name=\"twitter:card\" content=\"summary_large_image\" \/>\n<meta name=\"twitter:label1\" content=\"Est. reading time\" \/>\n\t<meta name=\"twitter:data1\" content=\"1 minute\" \/>\n<script type=\"application\/ld+json\" class=\"yoast-schema-graph\">{\"@context\":\"https:\/\/schema.org\",\"@graph\":[{\"@type\":\"WebPage\",\"@id\":\"https:\/\/www.goncalo.pt\/por\/contactos\/\",\"url\":\"https:\/\/www.goncalo.pt\/por\/contactos\/\",\"name\":\"Contactos - Gon\u00e7alo Ferreira\",\"isPartOf\":{\"@id\":\"https:\/\/www.goncalo.pt\/por\/#website\"},\"primaryImageOfPage\":{\"@id\":\"https:\/\/www.goncalo.pt\/por\/contactos\/#primaryimage\"},\"image\":{\"@id\":\"https:\/\/www.goncalo.pt\/por\/contactos\/#primaryimage\"},\"thumbnailUrl\":\"https:\/\/www.goncalo.pt\/por\/wp-content\/uploads\/2021\/04\/apresnetacoes-site2021-04-15-Screenshot_20210415_140955.png?v=1631288802\",\"datePublished\":\"2021-01-14T01:37:02+00:00\",\"dateModified\":\"2024-12-02T13:53:13+00:00\",\"breadcrumb\":{\"@id\":\"https:\/\/www.goncalo.pt\/por\/contactos\/#breadcrumb\"},\"inLanguage\":\"en-US\",\"potentialAction\":[{\"@type\":\"ReadAction\",\"target\":[\"https:\/\/www.goncalo.pt\/por\/contactos\/\"]}]},{\"@type\":\"ImageObject\",\"inLanguage\":\"en-US\",\"@id\":\"https:\/\/www.goncalo.pt\/por\/contactos\/#primaryimage\",\"url\":\"https:\/\/www.goncalo.pt\/por\/wp-content\/uploads\/2021\/04\/apresnetacoes-site2021-04-15-Screenshot_20210415_140955.png?v=1631288802\",\"contentUrl\":\"https:\/\/www.goncalo.pt\/por\/wp-content\/uploads\/2021\/04\/apresnetacoes-site2021-04-15-Screenshot_20210415_140955.png?v=1631288802\",\"width\":960,\"height\":640,\"caption\":\"Gon\u00e7alo Ferreira - Apresenta\u00e7\u00f5es ao Vivo\"},{\"@type\":\"BreadcrumbList\",\"@id\":\"https:\/\/www.goncalo.pt\/por\/contactos\/#breadcrumb\",\"itemListElement\":[{\"@type\":\"ListItem\",\"position\":1,\"name\":\"Home\",\"item\":\"https:\/\/www.goncalo.pt\/por\/\"},{\"@type\":\"ListItem\",\"position\":2,\"name\":\"Contactos\"}]},{\"@type\":\"WebSite\",\"@id\":\"https:\/\/www.goncalo.pt\/por\/#website\",\"url\":\"https:\/\/www.goncalo.pt\/por\/\",\"name\":\"Gon\u00e7alo Ferreira\",\"description\":\"[Game Engine\/Software\/Simulation\/Trading Systems\/Full Stack] Developer, Musician, Composer, Painter, Writer, IT Trainer, Sys Admin, Ex-Trader, Skater, Strongman, Vegan, Self-Taught Neuro-Divergent Polymath, and 1001 things more. Welcome to my world!\",\"publisher\":{\"@id\":\"https:\/\/www.goncalo.pt\/por\/#organization\"},\"potentialAction\":[{\"@type\":\"SearchAction\",\"target\":{\"@type\":\"EntryPoint\",\"urlTemplate\":\"https:\/\/www.goncalo.pt\/por\/?s={search_term_string}\"},\"query-input\":{\"@type\":\"PropertyValueSpecification\",\"valueRequired\":true,\"valueName\":\"search_term_string\"}}],\"inLanguage\":\"en-US\"},{\"@type\":\"Organization\",\"@id\":\"https:\/\/www.goncalo.pt\/por\/#organization\",\"name\":\"Gon\u00e7alo Ferreira\",\"url\":\"https:\/\/www.goncalo.pt\/por\/\",\"logo\":{\"@type\":\"ImageObject\",\"inLanguage\":\"en-US\",\"@id\":\"https:\/\/www.goncalo.pt\/por\/#\/schema\/logo\/image\/\",\"url\":\"https:\/\/www.goncalo.pt\/por\/wp-content\/uploads\/2023\/08\/cropped-Goncalo-Ferreira-Logo-With-Face.png\",\"contentUrl\":\"https:\/\/www.goncalo.pt\/por\/wp-content\/uploads\/2023\/08\/cropped-Goncalo-Ferreira-Logo-With-Face.png\",\"width\":389,\"height\":90,\"caption\":\"Gon\u00e7alo Ferreira\"},\"image\":{\"@id\":\"https:\/\/www.goncalo.pt\/por\/#\/schema\/logo\/image\/\"},\"sameAs\":[\"http:\/\/www.linkedin.com\/in\/GoncaloPT\/\"]}]}<\/script>\n<!-- \/ Yoast SEO plugin. -->","yoast_head_json":{"title":"Contactos - Gon\u00e7alo Ferreira","robots":{"index":"index","follow":"follow","max-snippet":"max-snippet:-1","max-image-preview":"max-image-preview:large","max-video-preview":"max-video-preview:-1"},"canonical":"https:\/\/www.goncalo.pt\/por\/contactos\/","og_locale":"en_US","og_type":"article","og_title":"Contactos - Gon\u00e7alo Ferreira","og_description":"Para me contactarem podem optar por me visitar no Linkedin (http:\/\/www.linkedin.com\/in\/goncalopt\/), onde vou v\u00e1rias vezes por semana. Se tiverem o","og_url":"https:\/\/www.goncalo.pt\/por\/contactos\/","og_site_name":"Gon\u00e7alo Ferreira","article_modified_time":"2024-12-02T13:53:13+00:00","og_image":[{"width":960,"height":640,"url":"https:\/\/www.goncalo.pt\/por\/wp-content\/uploads\/2021\/04\/apresnetacoes-site2021-04-15-Screenshot_20210415_140955.png?v=1631288802","type":"image\/png"}],"twitter_card":"summary_large_image","twitter_misc":{"Est. reading time":"1 minute"},"schema":{"@context":"https:\/\/schema.org","@graph":[{"@type":"WebPage","@id":"https:\/\/www.goncalo.pt\/por\/contactos\/","url":"https:\/\/www.goncalo.pt\/por\/contactos\/","name":"Contactos - Gon\u00e7alo Ferreira","isPartOf":{"@id":"https:\/\/www.goncalo.pt\/por\/#website"},"primaryImageOfPage":{"@id":"https:\/\/www.goncalo.pt\/por\/contactos\/#primaryimage"},"image":{"@id":"https:\/\/www.goncalo.pt\/por\/contactos\/#primaryimage"},"thumbnailUrl":"https:\/\/www.goncalo.pt\/por\/wp-content\/uploads\/2021\/04\/apresnetacoes-site2021-04-15-Screenshot_20210415_140955.png?v=1631288802","datePublished":"2021-01-14T01:37:02+00:00","dateModified":"2024-12-02T13:53:13+00:00","breadcrumb":{"@id":"https:\/\/www.goncalo.pt\/por\/contactos\/#breadcrumb"},"inLanguage":"en-US","potentialAction":[{"@type":"ReadAction","target":["https:\/\/www.goncalo.pt\/por\/contactos\/"]}]},{"@type":"ImageObject","inLanguage":"en-US","@id":"https:\/\/www.goncalo.pt\/por\/contactos\/#primaryimage","url":"https:\/\/www.goncalo.pt\/por\/wp-content\/uploads\/2021\/04\/apresnetacoes-site2021-04-15-Screenshot_20210415_140955.png?v=1631288802","contentUrl":"https:\/\/www.goncalo.pt\/por\/wp-content\/uploads\/2021\/04\/apresnetacoes-site2021-04-15-Screenshot_20210415_140955.png?v=1631288802","width":960,"height":640,"caption":"Gon\u00e7alo Ferreira - Apresenta\u00e7\u00f5es ao Vivo"},{"@type":"BreadcrumbList","@id":"https:\/\/www.goncalo.pt\/por\/contactos\/#breadcrumb","itemListElement":[{"@type":"ListItem","position":1,"name":"Home","item":"https:\/\/www.goncalo.pt\/por\/"},{"@type":"ListItem","position":2,"name":"Contactos"}]},{"@type":"WebSite","@id":"https:\/\/www.goncalo.pt\/por\/#website","url":"https:\/\/www.goncalo.pt\/por\/","name":"Gon\u00e7alo Ferreira","description":"[Game Engine\/Software\/Simulation\/Trading Systems\/Full Stack] Developer, Musician, Composer, Painter, Writer, IT Trainer, Sys Admin, Ex-Trader, Skater, Strongman, Vegan, Self-Taught Neuro-Divergent Polymath, and 1001 things more. Welcome to my world!","publisher":{"@id":"https:\/\/www.goncalo.pt\/por\/#organization"},"potentialAction":[{"@type":"SearchAction","target":{"@type":"EntryPoint","urlTemplate":"https:\/\/www.goncalo.pt\/por\/?s={search_term_string}"},"query-input":{"@type":"PropertyValueSpecification","valueRequired":true,"valueName":"search_term_string"}}],"inLanguage":"en-US"},{"@type":"Organization","@id":"https:\/\/www.goncalo.pt\/por\/#organization","name":"Gon\u00e7alo Ferreira","url":"https:\/\/www.goncalo.pt\/por\/","logo":{"@type":"ImageObject","inLanguage":"en-US","@id":"https:\/\/www.goncalo.pt\/por\/#\/schema\/logo\/image\/","url":"https:\/\/www.goncalo.pt\/por\/wp-content\/uploads\/2023\/08\/cropped-Goncalo-Ferreira-Logo-With-Face.png","contentUrl":"https:\/\/www.goncalo.pt\/por\/wp-content\/uploads\/2023\/08\/cropped-Goncalo-Ferreira-Logo-With-Face.png","width":389,"height":90,"caption":"Gon\u00e7alo Ferreira"},"image":{"@id":"https:\/\/www.goncalo.pt\/por\/#\/schema\/logo\/image\/"},"sameAs":["http:\/\/www.linkedin.com\/in\/GoncaloPT\/"]}]}},"_links":{"self":[{"href":"https:\/\/www.goncalo.pt\/por\/wp-json\/wp\/v2\/pages\/14"}],"collection":[{"href":"https:\/\/www.goncalo.pt\/por\/wp-json\/wp\/v2\/pages"}],"about":[{"href":"https:\/\/www.goncalo.pt\/por\/wp-json\/wp\/v2\/types\/page"}],"author":[{"embeddable":true,"href":"https:\/\/www.goncalo.pt\/por\/wp-json\/wp\/v2\/users\/1"}],"replies":[{"embeddable":true,"href":"https:\/\/www.goncalo.pt\/por\/wp-json\/wp\/v2\/comments?post=14"}],"version-history":[{"count":6,"href":"https:\/\/www.goncalo.pt\/por\/wp-json\/wp\/v2\/pages\/14\/revisions"}],"predecessor-version":[{"id":4001,"href":"https:\/\/www.goncalo.pt\/por\/wp-json\/wp\/v2\/pages\/14\/revisions\/4001"}],"wp:featuredmedia":[{"embeddable":true,"href":"https:\/\/www.goncalo.pt\/por\/wp-json\/wp\/v2\/media\/869"}],"wp:attachment":[{"href":"https:\/\/www.goncalo.pt\/por\/wp-json\/wp\/v2\/media?parent=14"}],"curies":[{"name":"wp","href":"https:\/\/api.w.org\/{rel}","templated":true}]}}