{"id":2983,"date":"2023-11-26T03:58:27","date_gmt":"2023-11-26T03:58:27","guid":{"rendered":"http:\/\/www.goncalo.pt\/por\/?page_id=2983"},"modified":"2023-11-26T03:58:28","modified_gmt":"2023-11-26T03:58:28","slug":"bolsa-trading","status":"publish","type":"page","link":"https:\/\/www.goncalo.pt\/por\/bolsa-trading\/","title":{"rendered":"Bolsa\/Trading"},"content":{"rendered":"\n<p>Nesta p\u00e1gina coloco 4 dos v\u00e1rios cursos que iniciei a dada altura sobre Bolsa e\/ou Trading.<\/p>\n\n\n\n<p>O primeiro foi o &#8220;Livro da Bolsa &#8211; Introdu\u00e7\u00e3o \u00e0 An\u00e1lise T\u00e9cnica&#8221;, cujo link deixo abaixo (ou em <a href=\"http:\/\/www.livrodabolsa.com\/\" target=\"_blank\" rel=\"noreferrer noopener\">http:\/\/www.livrodabolsa.com\/<\/a>), e que foi o primeiro de um conjunto de livros que iria escrever sobre como Investir na Bolsa, etc, e foi o 1\u00ba volume, que se destinaria exclusivamente a uma Introdu\u00e7\u00e3o \u00e0 An\u00e1lise T\u00e9cnica, que ficou com 564 p\u00e1ginas.<\/p>\n\n\n\n<p>A dada altura, andei muito ocupado com outros projectos, e nunca mais adicionei volumes \u00e0 colec\u00e7\u00e3o, ficando s\u00f3 um, quem sabe um dia escreva outro:<\/p>\n\n\n\n<figure class=\"wp-block-embed is-type-wp-embed is-provider-goncalo-ferreira wp-block-embed-goncalo-ferreira\"><div class=\"wp-block-embed__wrapper\">\n<blockquote class=\"wp-embedded-content\" data-secret=\"43KM7lj8g1\"><a href=\"https:\/\/www.goncalo.pt\/por\/livro-da-bolsa\/\">Livro da Bolsa<\/a><\/blockquote><iframe loading=\"lazy\" class=\"wp-embedded-content\" sandbox=\"allow-scripts\" security=\"restricted\" style=\"position: absolute; clip: rect(1px, 1px, 1px, 1px);\" title=\"&#8220;Livro da Bolsa&#8221; &#8212; Gon\u00e7alo Ferreira\" src=\"https:\/\/www.goncalo.pt\/por\/livro-da-bolsa\/embed\/#?secret=43KM7lj8g1\" data-secret=\"43KM7lj8g1\" width=\"600\" height=\"338\" frameborder=\"0\" marginwidth=\"0\" marginheight=\"0\" scrolling=\"no\"><\/iframe>\n<\/div><figcaption>O &#8220;Livro da Bolsa &#8211; Introdu\u00e7\u00e3o \u00e0 An\u00e1lise T\u00e9cnica&#8221;<\/figcaption><\/figure>\n\n\n\n<hr class=\"wp-block-separator\"\/>\n\n\n\n<p>Outro, foi um curso que quis come\u00e7ar h\u00e1 uns anos, que seria para ter umas centenas de v\u00eddeos super-simplificados sobre Bolsa, mas acabei por gastar o meu tempo com outras coisas, como o in\u00edcio da minha carreira como formador, e de momento ainda s\u00f3 tem 16 v\u00eddeos, talvez um dia eu retome o curso, mas ficam abaixo um v\u00eddeo de exemplo e a playlist do curso.<\/p>\n\n\n\n<p>Primeiro deixo o link da playlist com uns 15 ou 16 v\u00eddeos associados a este curso:<\/p>\n\n\n\n<p><a href=\"https:\/\/www.youtube.com\/watch?v=OMHMtwagXSA&amp;list=PLswCft9xAHt_TxgneA6xvIsiej0sEAYcM\" target=\"_blank\" rel=\"noreferrer noopener\">https:\/\/www.youtube.com\/watch?v=OMHMtwagXSA&amp;list=PLswCft9xAHt_TxgneA6xvIsiej0sEAYcM<\/a><\/p>\n\n\n\n<p>Aqui deixo o 1\u00ba v\u00eddeo da lista:<\/p>\n\n\n\n<figure class=\"wp-block-embed is-type-video is-provider-youtube wp-block-embed-youtube wp-embed-aspect-16-9 wp-has-aspect-ratio\"><div class=\"wp-block-embed__wrapper\">\n<iframe loading=\"lazy\" title=\"As Blue Chips e as Red Chips - Curso de Bolsa\" width=\"800\" height=\"450\" src=\"https:\/\/www.youtube.com\/embed\/OMHMtwagXSA?list=PLswCft9xAHt_TxgneA6xvIsiej0sEAYcM\" frameborder=\"0\" allow=\"accelerometer; autoplay; clipboard-write; encrypted-media; gyroscope; picture-in-picture; web-share\" allowfullscreen><\/iframe>\n<\/div><\/figure>\n\n\n\n<hr class=\"wp-block-separator\"\/>\n\n\n\n<p>Tive na altura tamb\u00e9m a ideia de ler o &#8220;Livro da Bolsa&#8221;, aproveitando tamb\u00e9m para comentar o que escrevi na \u00e9poca, mas mais uma vez, deixei o projecto a meio e ficou com 9 v\u00eddeos, quem sabe os retome um dia quando tiver mais tempo.<\/p>\n\n\n\n<p>Fica a playlist do mesmo, inicialmente:<\/p>\n\n\n\n<p><a href=\"https:\/\/www.youtube.com\/watch?v=FxzF3Klnrpk&amp;list=PLswCft9xAHt-kNkBrQ9gr4LekcWIaNu8z\" target=\"_blank\" rel=\"noreferrer noopener\">https:\/\/www.youtube.com\/watch?v=FxzF3Klnrpk&amp;list=PLswCft9xAHt-kNkBrQ9gr4LekcWIaNu8z<\/a><\/p>\n\n\n\n<p>E o primeiro v\u00eddeo da lista, como exemplo:<\/p>\n\n\n\n<figure class=\"wp-block-embed is-type-video is-provider-youtube wp-block-embed-youtube wp-embed-aspect-16-9 wp-has-aspect-ratio\"><div class=\"wp-block-embed__wrapper\">\n<iframe loading=\"lazy\" title=\"Sobre a Vers\u00e3o em V\u00eddeo do Livro da Bolsa\" width=\"800\" height=\"450\" src=\"https:\/\/www.youtube.com\/embed\/FxzF3Klnrpk?list=PLswCft9xAHt-kNkBrQ9gr4LekcWIaNu8z\" frameborder=\"0\" allow=\"accelerometer; autoplay; clipboard-write; encrypted-media; gyroscope; picture-in-picture; web-share\" allowfullscreen><\/iframe>\n<\/div><\/figure>\n\n\n\n<hr class=\"wp-block-separator\"\/>\n\n\n\n<p>Tive a ideia na altura de criar tamb\u00e9m um curso com muitos v\u00eddeos a explicar como desenvolver sistemas de trading (Mechanical Trading Systems), mas mais uma vez, por falta de tempo, deixei tudo a meio, ficando este com um \u00fanico v\u00eddeo, mas deixo tamb\u00e9m o link para a playlist, para o caso de eu um dia retomar o curso, ela fique dispon\u00edvel aqui para terem acesso aos outros:<\/p>\n\n\n\n<p><a href=\"https:\/\/www.youtube.com\/watch?v=mLf0iIkgJAc&amp;list=PLswCft9xAHt_HAyEex-xYQL7LJs7drfHJ\" target=\"_blank\" rel=\"noreferrer noopener\">https:\/\/www.youtube.com\/watch?v=mLf0iIkgJAc&amp;list=PLswCft9xAHt_HAyEex-xYQL7LJs7drfHJ<\/a><\/p>\n\n\n\n<p>E o primeiro v\u00eddeo dessa playlist:<\/p>\n\n\n\n<figure class=\"wp-block-embed is-type-video is-provider-youtube wp-block-embed-youtube wp-embed-aspect-16-9 wp-has-aspect-ratio\"><div class=\"wp-block-embed__wrapper\">\n<iframe loading=\"lazy\" title=\"A Minha Linguagem de Programa\u00e7\u00e3o Estatistico-Matem\u00e1tica para Sistemas de Trading, VLog1 - 2019\/11\/05\" width=\"800\" height=\"450\" src=\"https:\/\/www.youtube.com\/embed\/mLf0iIkgJAc?list=PLswCft9xAHt_HAyEex-xYQL7LJs7drfHJ\" frameborder=\"0\" allow=\"accelerometer; autoplay; clipboard-write; encrypted-media; gyroscope; picture-in-picture; web-share\" allowfullscreen><\/iframe>\n<\/div><\/figure>\n\n\n\n<p>Quem sabe um dia eu possa retomar estes cursos no YouTube, se sim, coloco-os em destaque no meu website, mas enquanto ficarem em stand-by vou mant\u00ea-los escondidos mas n\u00e3o inteiramente esquecidos, aqui no meu website. \ud83d\ude42<\/p>\n\n\n\n<p>2023-11-26.<\/p>\n","protected":false},"excerpt":{"rendered":"<p>Nesta p\u00e1gina coloco 4 dos v\u00e1rios cursos que iniciei a dada altura sobre Bolsa e\/ou Trading. O primeiro foi o<\/p>\n","protected":false},"author":1,"featured_media":3013,"parent":0,"menu_order":0,"comment_status":"closed","ping_status":"closed","template":"","meta":{"footnotes":""},"class_list":["post-2983","page","type-page","status-publish","has-post-thumbnail","hentry"],"yoast_head":"<!-- This site is optimized with the Yoast SEO plugin v25.4 - https:\/\/yoast.com\/wordpress\/plugins\/seo\/ -->\n<title>Bolsa\/Trading - Gon\u00e7alo Ferreira<\/title>\n<meta name=\"robots\" content=\"index, follow, max-snippet:-1, max-image-preview:large, max-video-preview:-1\" \/>\n<link rel=\"canonical\" href=\"https:\/\/www.goncalo.pt\/por\/bolsa-trading\/\" \/>\n<meta property=\"og:locale\" content=\"en_US\" \/>\n<meta property=\"og:type\" content=\"article\" \/>\n<meta property=\"og:title\" content=\"Bolsa\/Trading - Gon\u00e7alo Ferreira\" \/>\n<meta property=\"og:description\" content=\"Nesta p\u00e1gina coloco 4 dos v\u00e1rios cursos que iniciei a dada altura sobre Bolsa e\/ou Trading. O primeiro foi o\" \/>\n<meta property=\"og:url\" content=\"https:\/\/www.goncalo.pt\/por\/bolsa-trading\/\" \/>\n<meta property=\"og:site_name\" content=\"Gon\u00e7alo Ferreira\" \/>\n<meta property=\"article:modified_time\" content=\"2023-11-26T03:58:28+00:00\" \/>\n<meta property=\"og:image\" content=\"https:\/\/www.goncalo.pt\/por\/wp-content\/uploads\/2023\/11\/Curso-Bolsa-Livro-Da-Bolsa-Thumb.jpg\" \/>\n\t<meta property=\"og:image:width\" content=\"609\" \/>\n\t<meta property=\"og:image:height\" content=\"489\" \/>\n\t<meta property=\"og:image:type\" content=\"image\/jpeg\" \/>\n<meta name=\"twitter:card\" content=\"summary_large_image\" \/>\n<meta name=\"twitter:label1\" content=\"Est. reading time\" \/>\n\t<meta name=\"twitter:data1\" content=\"2 minutes\" \/>\n<script type=\"application\/ld+json\" class=\"yoast-schema-graph\">{\"@context\":\"https:\/\/schema.org\",\"@graph\":[{\"@type\":\"WebPage\",\"@id\":\"https:\/\/www.goncalo.pt\/por\/bolsa-trading\/\",\"url\":\"https:\/\/www.goncalo.pt\/por\/bolsa-trading\/\",\"name\":\"Bolsa\/Trading - Gon\u00e7alo Ferreira\",\"isPartOf\":{\"@id\":\"https:\/\/www.goncalo.pt\/por\/#website\"},\"primaryImageOfPage\":{\"@id\":\"https:\/\/www.goncalo.pt\/por\/bolsa-trading\/#primaryimage\"},\"image\":{\"@id\":\"https:\/\/www.goncalo.pt\/por\/bolsa-trading\/#primaryimage\"},\"thumbnailUrl\":\"https:\/\/www.goncalo.pt\/por\/wp-content\/uploads\/2023\/11\/Curso-Bolsa-Livro-Da-Bolsa-Thumb.jpg\",\"datePublished\":\"2023-11-26T03:58:27+00:00\",\"dateModified\":\"2023-11-26T03:58:28+00:00\",\"breadcrumb\":{\"@id\":\"https:\/\/www.goncalo.pt\/por\/bolsa-trading\/#breadcrumb\"},\"inLanguage\":\"en-US\",\"potentialAction\":[{\"@type\":\"ReadAction\",\"target\":[\"https:\/\/www.goncalo.pt\/por\/bolsa-trading\/\"]}]},{\"@type\":\"ImageObject\",\"inLanguage\":\"en-US\",\"@id\":\"https:\/\/www.goncalo.pt\/por\/bolsa-trading\/#primaryimage\",\"url\":\"https:\/\/www.goncalo.pt\/por\/wp-content\/uploads\/2023\/11\/Curso-Bolsa-Livro-Da-Bolsa-Thumb.jpg\",\"contentUrl\":\"https:\/\/www.goncalo.pt\/por\/wp-content\/uploads\/2023\/11\/Curso-Bolsa-Livro-Da-Bolsa-Thumb.jpg\",\"width\":609,\"height\":489,\"caption\":\"Cursos Sobre Trading, Bolsa ou Trading Systems...\"},{\"@type\":\"BreadcrumbList\",\"@id\":\"https:\/\/www.goncalo.pt\/por\/bolsa-trading\/#breadcrumb\",\"itemListElement\":[{\"@type\":\"ListItem\",\"position\":1,\"name\":\"Home\",\"item\":\"https:\/\/www.goncalo.pt\/por\/\"},{\"@type\":\"ListItem\",\"position\":2,\"name\":\"Bolsa\/Trading\"}]},{\"@type\":\"WebSite\",\"@id\":\"https:\/\/www.goncalo.pt\/por\/#website\",\"url\":\"https:\/\/www.goncalo.pt\/por\/\",\"name\":\"Gon\u00e7alo Ferreira\",\"description\":\"[Game Engine\/Software\/Simulation\/Trading Systems\/Full Stack] Developer, Musician, Composer, Painter, Writer, IT Trainer, Sys Admin, Ex-Trader, Skater, Strongman, Vegan, Self-Taught Neuro-Divergent Polymath, and 1001 things more. Welcome to my world!\",\"publisher\":{\"@id\":\"https:\/\/www.goncalo.pt\/por\/#organization\"},\"potentialAction\":[{\"@type\":\"SearchAction\",\"target\":{\"@type\":\"EntryPoint\",\"urlTemplate\":\"https:\/\/www.goncalo.pt\/por\/?s={search_term_string}\"},\"query-input\":{\"@type\":\"PropertyValueSpecification\",\"valueRequired\":true,\"valueName\":\"search_term_string\"}}],\"inLanguage\":\"en-US\"},{\"@type\":\"Organization\",\"@id\":\"https:\/\/www.goncalo.pt\/por\/#organization\",\"name\":\"Gon\u00e7alo Ferreira\",\"url\":\"https:\/\/www.goncalo.pt\/por\/\",\"logo\":{\"@type\":\"ImageObject\",\"inLanguage\":\"en-US\",\"@id\":\"https:\/\/www.goncalo.pt\/por\/#\/schema\/logo\/image\/\",\"url\":\"https:\/\/www.goncalo.pt\/por\/wp-content\/uploads\/2023\/08\/cropped-Goncalo-Ferreira-Logo-With-Face.png\",\"contentUrl\":\"https:\/\/www.goncalo.pt\/por\/wp-content\/uploads\/2023\/08\/cropped-Goncalo-Ferreira-Logo-With-Face.png\",\"width\":389,\"height\":90,\"caption\":\"Gon\u00e7alo Ferreira\"},\"image\":{\"@id\":\"https:\/\/www.goncalo.pt\/por\/#\/schema\/logo\/image\/\"},\"sameAs\":[\"http:\/\/www.linkedin.com\/in\/GoncaloPT\/\"]}]}<\/script>\n<!-- \/ Yoast SEO plugin. -->","yoast_head_json":{"title":"Bolsa\/Trading - Gon\u00e7alo Ferreira","robots":{"index":"index","follow":"follow","max-snippet":"max-snippet:-1","max-image-preview":"max-image-preview:large","max-video-preview":"max-video-preview:-1"},"canonical":"https:\/\/www.goncalo.pt\/por\/bolsa-trading\/","og_locale":"en_US","og_type":"article","og_title":"Bolsa\/Trading - Gon\u00e7alo Ferreira","og_description":"Nesta p\u00e1gina coloco 4 dos v\u00e1rios cursos que iniciei a dada altura sobre Bolsa e\/ou Trading. O primeiro foi o","og_url":"https:\/\/www.goncalo.pt\/por\/bolsa-trading\/","og_site_name":"Gon\u00e7alo Ferreira","article_modified_time":"2023-11-26T03:58:28+00:00","og_image":[{"width":609,"height":489,"url":"https:\/\/www.goncalo.pt\/por\/wp-content\/uploads\/2023\/11\/Curso-Bolsa-Livro-Da-Bolsa-Thumb.jpg","type":"image\/jpeg"}],"twitter_card":"summary_large_image","twitter_misc":{"Est. reading time":"2 minutes"},"schema":{"@context":"https:\/\/schema.org","@graph":[{"@type":"WebPage","@id":"https:\/\/www.goncalo.pt\/por\/bolsa-trading\/","url":"https:\/\/www.goncalo.pt\/por\/bolsa-trading\/","name":"Bolsa\/Trading - Gon\u00e7alo Ferreira","isPartOf":{"@id":"https:\/\/www.goncalo.pt\/por\/#website"},"primaryImageOfPage":{"@id":"https:\/\/www.goncalo.pt\/por\/bolsa-trading\/#primaryimage"},"image":{"@id":"https:\/\/www.goncalo.pt\/por\/bolsa-trading\/#primaryimage"},"thumbnailUrl":"https:\/\/www.goncalo.pt\/por\/wp-content\/uploads\/2023\/11\/Curso-Bolsa-Livro-Da-Bolsa-Thumb.jpg","datePublished":"2023-11-26T03:58:27+00:00","dateModified":"2023-11-26T03:58:28+00:00","breadcrumb":{"@id":"https:\/\/www.goncalo.pt\/por\/bolsa-trading\/#breadcrumb"},"inLanguage":"en-US","potentialAction":[{"@type":"ReadAction","target":["https:\/\/www.goncalo.pt\/por\/bolsa-trading\/"]}]},{"@type":"ImageObject","inLanguage":"en-US","@id":"https:\/\/www.goncalo.pt\/por\/bolsa-trading\/#primaryimage","url":"https:\/\/www.goncalo.pt\/por\/wp-content\/uploads\/2023\/11\/Curso-Bolsa-Livro-Da-Bolsa-Thumb.jpg","contentUrl":"https:\/\/www.goncalo.pt\/por\/wp-content\/uploads\/2023\/11\/Curso-Bolsa-Livro-Da-Bolsa-Thumb.jpg","width":609,"height":489,"caption":"Cursos Sobre Trading, Bolsa ou Trading Systems..."},{"@type":"BreadcrumbList","@id":"https:\/\/www.goncalo.pt\/por\/bolsa-trading\/#breadcrumb","itemListElement":[{"@type":"ListItem","position":1,"name":"Home","item":"https:\/\/www.goncalo.pt\/por\/"},{"@type":"ListItem","position":2,"name":"Bolsa\/Trading"}]},{"@type":"WebSite","@id":"https:\/\/www.goncalo.pt\/por\/#website","url":"https:\/\/www.goncalo.pt\/por\/","name":"Gon\u00e7alo Ferreira","description":"[Game Engine\/Software\/Simulation\/Trading Systems\/Full Stack] Developer, Musician, Composer, Painter, Writer, IT Trainer, Sys Admin, Ex-Trader, Skater, Strongman, Vegan, Self-Taught Neuro-Divergent Polymath, and 1001 things more. Welcome to my world!","publisher":{"@id":"https:\/\/www.goncalo.pt\/por\/#organization"},"potentialAction":[{"@type":"SearchAction","target":{"@type":"EntryPoint","urlTemplate":"https:\/\/www.goncalo.pt\/por\/?s={search_term_string}"},"query-input":{"@type":"PropertyValueSpecification","valueRequired":true,"valueName":"search_term_string"}}],"inLanguage":"en-US"},{"@type":"Organization","@id":"https:\/\/www.goncalo.pt\/por\/#organization","name":"Gon\u00e7alo Ferreira","url":"https:\/\/www.goncalo.pt\/por\/","logo":{"@type":"ImageObject","inLanguage":"en-US","@id":"https:\/\/www.goncalo.pt\/por\/#\/schema\/logo\/image\/","url":"https:\/\/www.goncalo.pt\/por\/wp-content\/uploads\/2023\/08\/cropped-Goncalo-Ferreira-Logo-With-Face.png","contentUrl":"https:\/\/www.goncalo.pt\/por\/wp-content\/uploads\/2023\/08\/cropped-Goncalo-Ferreira-Logo-With-Face.png","width":389,"height":90,"caption":"Gon\u00e7alo Ferreira"},"image":{"@id":"https:\/\/www.goncalo.pt\/por\/#\/schema\/logo\/image\/"},"sameAs":["http:\/\/www.linkedin.com\/in\/GoncaloPT\/"]}]}},"_links":{"self":[{"href":"https:\/\/www.goncalo.pt\/por\/wp-json\/wp\/v2\/pages\/2983"}],"collection":[{"href":"https:\/\/www.goncalo.pt\/por\/wp-json\/wp\/v2\/pages"}],"about":[{"href":"https:\/\/www.goncalo.pt\/por\/wp-json\/wp\/v2\/types\/page"}],"author":[{"embeddable":true,"href":"https:\/\/www.goncalo.pt\/por\/wp-json\/wp\/v2\/users\/1"}],"replies":[{"embeddable":true,"href":"https:\/\/www.goncalo.pt\/por\/wp-json\/wp\/v2\/comments?post=2983"}],"version-history":[{"count":1,"href":"https:\/\/www.goncalo.pt\/por\/wp-json\/wp\/v2\/pages\/2983\/revisions"}],"predecessor-version":[{"id":3014,"href":"https:\/\/www.goncalo.pt\/por\/wp-json\/wp\/v2\/pages\/2983\/revisions\/3014"}],"wp:featuredmedia":[{"embeddable":true,"href":"https:\/\/www.goncalo.pt\/por\/wp-json\/wp\/v2\/media\/3013"}],"wp:attachment":[{"href":"https:\/\/www.goncalo.pt\/por\/wp-json\/wp\/v2\/media?parent=2983"}],"curies":[{"name":"wp","href":"https:\/\/api.w.org\/{rel}","templated":true}]}}