{"id":2984,"date":"2023-11-26T02:07:54","date_gmt":"2023-11-26T02:07:54","guid":{"rendered":"http:\/\/www.goncalo.pt\/por\/?page_id=2984"},"modified":"2023-11-26T02:11:31","modified_gmt":"2023-11-26T02:11:31","slug":"calculo-financeiro","status":"publish","type":"page","link":"https:\/\/www.goncalo.pt\/por\/calculo-financeiro\/","title":{"rendered":"C\u00e1lculo Financeiro"},"content":{"rendered":"\n<p>Deixo-vos aqui o meu mini-curso de C\u00e1lculo Financeiro.<\/p>\n\n\n\n<p>Ele foi criado h\u00e1 uns anos com base na mat\u00e9ria que se dava numa UFCD, penso que a UFCD 0580, porque via amigos com muita dificuldade nesta mat\u00e9ria, e na altura decidi criar v\u00eddeos a explicar isto tudo.<\/p>\n\n\n\n<p>E eu conhecia bem a mat\u00e9ria, um dia at\u00e9 tive de fazer esse m\u00f3dulo e tive obviamente 20 a tudo com facilidade.<\/p>\n\n\n\n<p>Os v\u00eddeos acabaram por ter mais views do que eu pensava, o que significa que as pessoas gostaram, por isso ser\u00e1 um dos mini-cursos que fiz que colocarei aqui no meu website.<\/p>\n\n\n\n<p>Al\u00e9m de C\u00e1lculo Financeiro e Actuarial, tamb\u00e9m coloquei um v\u00eddeo relacionado onde explico porque raz\u00e3o compensa muito mais comprar casa do que arrendar, porque tem a ver com o mesmo tema.<\/p>\n\n\n\n<p>Ficam os v\u00eddeos abaixo, mas para quem queira abri-los directamente no YouTube, espreitem a playlist que criei para o mesmo:<\/p>\n\n\n\n<p><a href=\"https:\/\/www.youtube.com\/watch?v=BbO9SR85cTw&amp;list=PLswCft9xAHt_Rlsw-kKAQeXvG2iOPbxu8&amp;index=1\" target=\"_blank\" rel=\"noreferrer noopener\">https:\/\/www.youtube.com\/watch?v=BbO9SR85cTw&amp;list=PLswCft9xAHt_Rlsw-kKAQeXvG2iOPbxu8&amp;index=1<\/a><\/p>\n\n\n\n<p>Espero que gostem.<\/p>\n\n\n\n<p>2023-11-26.<\/p>\n\n\n\n<hr class=\"wp-block-separator\"\/>\n\n\n\n<p>V\u00eddeo 0 &#8211; Introdu\u00e7\u00e3o:<\/p>\n\n\n\n<figure class=\"wp-block-embed is-type-video is-provider-youtube wp-block-embed-youtube wp-embed-aspect-16-9 wp-has-aspect-ratio\"><div class=\"wp-block-embed__wrapper\">\n<iframe loading=\"lazy\" title=\"Como ter 20  a C\u00e1lculo Financeiro - Introdu\u00e7\u00e3o (Curso de C\u00e1lculo Financeiro e Actuarial)\" width=\"800\" height=\"450\" src=\"https:\/\/www.youtube.com\/embed\/BbO9SR85cTw?list=PLswCft9xAHt_Rlsw-kKAQeXvG2iOPbxu8\" frameborder=\"0\" allow=\"accelerometer; autoplay; clipboard-write; encrypted-media; gyroscope; picture-in-picture; web-share\" allowfullscreen><\/iframe>\n<\/div><\/figure>\n\n\n\n<hr class=\"wp-block-separator\"\/>\n\n\n\n<p>V\u00eddeo 1 &#8211; Como Calcular Percentagens:<\/p>\n\n\n\n<figure class=\"wp-block-embed is-type-video is-provider-youtube wp-block-embed-youtube wp-embed-aspect-16-9 wp-has-aspect-ratio\"><div class=\"wp-block-embed__wrapper\">\n<iframe loading=\"lazy\" title=\"1 - Como Calcular Percentagens - Curso &quot;Como ter 20 a C\u00e1lculo Financeiro&quot;\" width=\"800\" height=\"450\" src=\"https:\/\/www.youtube.com\/embed\/6dNtn8Gyf7E?list=PLswCft9xAHt_Rlsw-kKAQeXvG2iOPbxu8\" frameborder=\"0\" allow=\"accelerometer; autoplay; clipboard-write; encrypted-media; gyroscope; picture-in-picture; web-share\" allowfullscreen><\/iframe>\n<\/div><\/figure>\n\n\n\n<hr class=\"wp-block-separator\"\/>\n\n\n\n<p>V\u00eddeo 2 &#8211; Como Calcular Percentagens de Cabe\u00e7a:<\/p>\n\n\n\n<figure class=\"wp-block-embed is-type-video is-provider-youtube wp-block-embed-youtube wp-embed-aspect-16-9 wp-has-aspect-ratio\"><div class=\"wp-block-embed__wrapper\">\n<iframe loading=\"lazy\" title=\"2 - Como Calcular Percentagens de Cabe\u00e7a - Curso &quot;Como ter 20 a C\u00e1lculo Financeiro&quot;\" width=\"800\" height=\"450\" src=\"https:\/\/www.youtube.com\/embed\/PpoFU85L9YA?list=PLswCft9xAHt_Rlsw-kKAQeXvG2iOPbxu8\" frameborder=\"0\" allow=\"accelerometer; autoplay; clipboard-write; encrypted-media; gyroscope; picture-in-picture; web-share\" allowfullscreen><\/iframe>\n<\/div><\/figure>\n\n\n\n<hr class=\"wp-block-separator\"\/>\n\n\n\n<p>V\u00eddeo 3 &#8211; Como Calcular Lucros com Percentagens:<\/p>\n\n\n\n<figure class=\"wp-block-embed is-type-video is-provider-youtube wp-block-embed-youtube wp-embed-aspect-16-9 wp-has-aspect-ratio\"><div class=\"wp-block-embed__wrapper\">\n<iframe loading=\"lazy\" title=\"3 - Como Calcular Lucro com Percentagens - Curso &quot;Como ter 20 a C\u00e1lculo Financeiro&quot;\" width=\"800\" height=\"450\" src=\"https:\/\/www.youtube.com\/embed\/P6eB8ArnEBw?list=PLswCft9xAHt_Rlsw-kKAQeXvG2iOPbxu8\" frameborder=\"0\" allow=\"accelerometer; autoplay; clipboard-write; encrypted-media; gyroscope; picture-in-picture; web-share\" allowfullscreen><\/iframe>\n<\/div><\/figure>\n\n\n\n<hr class=\"wp-block-separator\"\/>\n\n\n\n<p>V\u00eddeo 4 &#8211; Como Calcular Perdas\/Preju\u00edzos com Percentagens:<\/p>\n\n\n\n<figure class=\"wp-block-embed is-type-video is-provider-youtube wp-block-embed-youtube wp-embed-aspect-16-9 wp-has-aspect-ratio\"><div class=\"wp-block-embed__wrapper\">\n<iframe loading=\"lazy\" title=\"4 - Como Calcular Perdas\/Preju\u00edzos com Percentagens - Curso &quot;Como ter 20 a C\u00e1lculo Financeiro&quot;\" width=\"800\" height=\"450\" src=\"https:\/\/www.youtube.com\/embed\/MdxawXtNRz4?list=PLswCft9xAHt_Rlsw-kKAQeXvG2iOPbxu8\" frameborder=\"0\" allow=\"accelerometer; autoplay; clipboard-write; encrypted-media; gyroscope; picture-in-picture; web-share\" allowfullscreen><\/iframe>\n<\/div><\/figure>\n\n\n\n<hr class=\"wp-block-separator\"\/>\n\n\n\n<p>V\u00eddeo 5 &#8211; Juros Simples:<\/p>\n\n\n\n<figure class=\"wp-block-embed is-type-video is-provider-youtube wp-block-embed-youtube wp-embed-aspect-16-9 wp-has-aspect-ratio\"><div class=\"wp-block-embed__wrapper\">\n<iframe loading=\"lazy\" title=\"5 - Calcular Juros Simples - Curso &quot;Como ter 20 a C\u00e1lculo Financeiro&quot;\" width=\"800\" height=\"450\" src=\"https:\/\/www.youtube.com\/embed\/-D1eWrlTiVM?list=PLswCft9xAHt_Rlsw-kKAQeXvG2iOPbxu8\" frameborder=\"0\" allow=\"accelerometer; autoplay; clipboard-write; encrypted-media; gyroscope; picture-in-picture; web-share\" allowfullscreen><\/iframe>\n<\/div><\/figure>\n\n\n\n<hr class=\"wp-block-separator\"\/>\n\n\n\n<p>V\u00eddeo 6 &#8211; Juros Compostos:<\/p>\n\n\n\n<figure class=\"wp-block-embed is-type-video is-provider-youtube wp-block-embed-youtube wp-embed-aspect-16-9 wp-has-aspect-ratio\"><div class=\"wp-block-embed__wrapper\">\n<iframe loading=\"lazy\" title=\"6 - Calcular Juros Compostos - Curso &quot;Como ter 20 a C\u00e1lculo Financeiro&quot;\" width=\"800\" height=\"450\" src=\"https:\/\/www.youtube.com\/embed\/8sIAFupvhso?list=PLswCft9xAHt_Rlsw-kKAQeXvG2iOPbxu8\" frameborder=\"0\" allow=\"accelerometer; autoplay; clipboard-write; encrypted-media; gyroscope; picture-in-picture; web-share\" allowfullscreen><\/iframe>\n<\/div><\/figure>\n\n\n\n<hr class=\"wp-block-separator\"\/>\n\n\n\n<p>V\u00eddeo 7 &#8211; F\u00f3rmulas de Juros Simples:<\/p>\n\n\n\n<figure class=\"wp-block-embed is-type-video is-provider-youtube wp-block-embed-youtube wp-embed-aspect-16-9 wp-has-aspect-ratio\"><div class=\"wp-block-embed__wrapper\">\n<iframe loading=\"lazy\" title=\"7 - F\u00f3rmulas de Juros Simples - Curso &quot;Como ter 20 a C\u00e1lculo Financeiro&quot;\" width=\"800\" height=\"450\" src=\"https:\/\/www.youtube.com\/embed\/4uIwqMC2ezs?list=PLswCft9xAHt_Rlsw-kKAQeXvG2iOPbxu8\" frameborder=\"0\" allow=\"accelerometer; autoplay; clipboard-write; encrypted-media; gyroscope; picture-in-picture; web-share\" allowfullscreen><\/iframe>\n<\/div><\/figure>\n\n\n\n<hr class=\"wp-block-separator\"\/>\n\n\n\n<p>V\u00eddeo 8 &#8211; F\u00f3rmulas de Juros Compostos:<\/p>\n\n\n\n<figure class=\"wp-block-embed is-type-video is-provider-youtube wp-block-embed-youtube wp-embed-aspect-16-9 wp-has-aspect-ratio\"><div class=\"wp-block-embed__wrapper\">\n<iframe loading=\"lazy\" title=\"8 - F\u00f3rmulas de Juros Compostos - Curso &quot;Como ter 20 a C\u00e1lculo Financeiro&quot;\" width=\"800\" height=\"450\" src=\"https:\/\/www.youtube.com\/embed\/6bRirqO1l5A?list=PLswCft9xAHt_Rlsw-kKAQeXvG2iOPbxu8\" frameborder=\"0\" allow=\"accelerometer; autoplay; clipboard-write; encrypted-media; gyroscope; picture-in-picture; web-share\" allowfullscreen><\/iframe>\n<\/div><\/figure>\n\n\n\n<hr class=\"wp-block-separator\"\/>\n\n\n\n<p>V\u00eddeo 9 &#8211; Como Converter Taxas de Juro Mais Facilmente no C\u00e1lculo de Juros Compostos:<\/p>\n\n\n\n<figure class=\"wp-block-embed is-type-video is-provider-youtube wp-block-embed-youtube wp-embed-aspect-16-9 wp-has-aspect-ratio\"><div class=\"wp-block-embed__wrapper\">\n<iframe loading=\"lazy\" title=\"9 - Como Converter Taxas de Juro em Juros Compostos - Curso &quot;Como Ter 20 a C\u00e1lculo Financeiro&quot;\" width=\"800\" height=\"450\" src=\"https:\/\/www.youtube.com\/embed\/Egl9MjC9wPE?list=PLswCft9xAHt_Rlsw-kKAQeXvG2iOPbxu8\" frameborder=\"0\" allow=\"accelerometer; autoplay; clipboard-write; encrypted-media; gyroscope; picture-in-picture; web-share\" allowfullscreen><\/iframe>\n<\/div><\/figure>\n\n\n\n<hr class=\"wp-block-separator\"\/>\n\n\n\n<p>V\u00eddeo 10 &#8211; Empr\u00e9stimos: M\u00e9todos SAC Vs. Price &#8211; Diferen\u00e7as e Qual Usar:<\/p>\n\n\n\n<figure class=\"wp-block-embed is-type-video is-provider-youtube wp-block-embed-youtube wp-embed-aspect-16-9 wp-has-aspect-ratio\"><div class=\"wp-block-embed__wrapper\">\n<iframe loading=\"lazy\" title=\"Empr\u00e9stimos: O que s\u00e3o os Sistemas de Amortiza\u00e7\u00f5es Constantes e o de Presta\u00e7\u00f5es Fixas, e Qual Usar?\" width=\"800\" height=\"450\" src=\"https:\/\/www.youtube.com\/embed\/ZrbP2fJhA0U?list=PLswCft9xAHt_Rlsw-kKAQeXvG2iOPbxu8\" frameborder=\"0\" allow=\"accelerometer; autoplay; clipboard-write; encrypted-media; gyroscope; picture-in-picture; web-share\" allowfullscreen><\/iframe>\n<\/div><\/figure>\n\n\n\n<hr class=\"wp-block-separator\"\/>\n\n\n\n<p>V\u00eddeo 11 &#8211; Como Calcular Empr\u00e9stimos pelos M\u00e9todos SAC e Sistema Franc\u00eas:<\/p>\n\n\n\n<figure class=\"wp-block-embed is-type-video is-provider-youtube wp-block-embed-youtube wp-embed-aspect-16-9 wp-has-aspect-ratio\"><div class=\"wp-block-embed__wrapper\">\n<iframe loading=\"lazy\" title=\"Como Calcular Empr\u00e9stimos SAC Vs. Price (Sistemas de Amortiza\u00e7\u00f5es Constantes Vs. Presta\u00e7\u00f5es Fixas)\" width=\"800\" height=\"450\" src=\"https:\/\/www.youtube.com\/embed\/36anxhUmTw8?list=PLswCft9xAHt_Rlsw-kKAQeXvG2iOPbxu8\" frameborder=\"0\" allow=\"accelerometer; autoplay; clipboard-write; encrypted-media; gyroscope; picture-in-picture; web-share\" allowfullscreen><\/iframe>\n<\/div><\/figure>\n\n\n\n<hr class=\"wp-block-separator\"\/>\n\n\n\n<p>V\u00eddeo 12 &#8211; Porque Compensa Muito Mais Comprar Casa Do Que Arrendar:<\/p>\n\n\n\n<figure class=\"wp-block-embed is-type-video is-provider-youtube wp-block-embed-youtube wp-embed-aspect-16-9 wp-has-aspect-ratio\"><div class=\"wp-block-embed__wrapper\">\n<iframe loading=\"lazy\" title=\"Porque Compensa MUITO Mais Comprar Casa Que Arrendar - Com Exemplos Pr\u00e1ticos\" width=\"800\" height=\"450\" src=\"https:\/\/www.youtube.com\/embed\/7Xny6wqJwGk?list=PLswCft9xAHt_Rlsw-kKAQeXvG2iOPbxu8\" frameborder=\"0\" allow=\"accelerometer; autoplay; clipboard-write; encrypted-media; gyroscope; picture-in-picture; web-share\" allowfullscreen><\/iframe>\n<\/div><\/figure>\n\n\n\n<p>2023-11-26.<\/p>\n","protected":false},"excerpt":{"rendered":"<p>Deixo-vos aqui o meu mini-curso de C\u00e1lculo Financeiro. Ele foi criado h\u00e1 uns anos com base na mat\u00e9ria que se<\/p>\n","protected":false},"author":1,"featured_media":2999,"parent":0,"menu_order":0,"comment_status":"closed","ping_status":"closed","template":"","meta":{"footnotes":""},"class_list":["post-2984","page","type-page","status-publish","has-post-thumbnail","hentry"],"yoast_head":"<!-- This site is optimized with the Yoast SEO plugin v25.4 - https:\/\/yoast.com\/wordpress\/plugins\/seo\/ -->\n<title>C\u00e1lculo Financeiro - Gon\u00e7alo Ferreira<\/title>\n<meta name=\"robots\" content=\"index, follow, max-snippet:-1, max-image-preview:large, max-video-preview:-1\" \/>\n<link rel=\"canonical\" href=\"https:\/\/www.goncalo.pt\/por\/calculo-financeiro\/\" \/>\n<meta property=\"og:locale\" content=\"en_US\" \/>\n<meta property=\"og:type\" content=\"article\" \/>\n<meta property=\"og:title\" content=\"C\u00e1lculo Financeiro - Gon\u00e7alo Ferreira\" \/>\n<meta property=\"og:description\" content=\"Deixo-vos aqui o meu mini-curso de C\u00e1lculo Financeiro. Ele foi criado h\u00e1 uns anos com base na mat\u00e9ria que se\" \/>\n<meta property=\"og:url\" content=\"https:\/\/www.goncalo.pt\/por\/calculo-financeiro\/\" \/>\n<meta property=\"og:site_name\" content=\"Gon\u00e7alo Ferreira\" \/>\n<meta property=\"article:modified_time\" content=\"2023-11-26T02:11:31+00:00\" \/>\n<meta property=\"og:image\" content=\"https:\/\/www.goncalo.pt\/por\/wp-content\/uploads\/2023\/11\/2018-06-17-Curso-de-Calculo-Financeiro.png\" \/>\n\t<meta property=\"og:image:width\" content=\"1280\" \/>\n\t<meta property=\"og:image:height\" content=\"720\" \/>\n\t<meta property=\"og:image:type\" content=\"image\/png\" \/>\n<meta name=\"twitter:card\" content=\"summary_large_image\" \/>\n<meta name=\"twitter:label1\" content=\"Est. reading time\" \/>\n\t<meta name=\"twitter:data1\" content=\"2 minutes\" \/>\n<script type=\"application\/ld+json\" class=\"yoast-schema-graph\">{\"@context\":\"https:\/\/schema.org\",\"@graph\":[{\"@type\":\"WebPage\",\"@id\":\"https:\/\/www.goncalo.pt\/por\/calculo-financeiro\/\",\"url\":\"https:\/\/www.goncalo.pt\/por\/calculo-financeiro\/\",\"name\":\"C\u00e1lculo Financeiro - Gon\u00e7alo Ferreira\",\"isPartOf\":{\"@id\":\"https:\/\/www.goncalo.pt\/por\/#website\"},\"primaryImageOfPage\":{\"@id\":\"https:\/\/www.goncalo.pt\/por\/calculo-financeiro\/#primaryimage\"},\"image\":{\"@id\":\"https:\/\/www.goncalo.pt\/por\/calculo-financeiro\/#primaryimage\"},\"thumbnailUrl\":\"https:\/\/www.goncalo.pt\/por\/wp-content\/uploads\/2023\/11\/2018-06-17-Curso-de-Calculo-Financeiro.png\",\"datePublished\":\"2023-11-26T02:07:54+00:00\",\"dateModified\":\"2023-11-26T02:11:31+00:00\",\"breadcrumb\":{\"@id\":\"https:\/\/www.goncalo.pt\/por\/calculo-financeiro\/#breadcrumb\"},\"inLanguage\":\"en-US\",\"potentialAction\":[{\"@type\":\"ReadAction\",\"target\":[\"https:\/\/www.goncalo.pt\/por\/calculo-financeiro\/\"]}]},{\"@type\":\"ImageObject\",\"inLanguage\":\"en-US\",\"@id\":\"https:\/\/www.goncalo.pt\/por\/calculo-financeiro\/#primaryimage\",\"url\":\"https:\/\/www.goncalo.pt\/por\/wp-content\/uploads\/2023\/11\/2018-06-17-Curso-de-Calculo-Financeiro.png\",\"contentUrl\":\"https:\/\/www.goncalo.pt\/por\/wp-content\/uploads\/2023\/11\/2018-06-17-Curso-de-Calculo-Financeiro.png\",\"width\":1280,\"height\":720,\"caption\":\"Curso de C\u00e1lculo Financeiro e Actuarial\"},{\"@type\":\"BreadcrumbList\",\"@id\":\"https:\/\/www.goncalo.pt\/por\/calculo-financeiro\/#breadcrumb\",\"itemListElement\":[{\"@type\":\"ListItem\",\"position\":1,\"name\":\"Home\",\"item\":\"https:\/\/www.goncalo.pt\/por\/\"},{\"@type\":\"ListItem\",\"position\":2,\"name\":\"C\u00e1lculo Financeiro\"}]},{\"@type\":\"WebSite\",\"@id\":\"https:\/\/www.goncalo.pt\/por\/#website\",\"url\":\"https:\/\/www.goncalo.pt\/por\/\",\"name\":\"Gon\u00e7alo Ferreira\",\"description\":\"[Game Engine\/Software\/Simulation\/Trading Systems\/Full Stack] Developer, Musician, Composer, Painter, Writer, IT Trainer, Sys Admin, Ex-Trader, Skater, Strongman, Vegan, Self-Taught Neuro-Divergent Polymath, and 1001 things more. Welcome to my world!\",\"publisher\":{\"@id\":\"https:\/\/www.goncalo.pt\/por\/#organization\"},\"potentialAction\":[{\"@type\":\"SearchAction\",\"target\":{\"@type\":\"EntryPoint\",\"urlTemplate\":\"https:\/\/www.goncalo.pt\/por\/?s={search_term_string}\"},\"query-input\":{\"@type\":\"PropertyValueSpecification\",\"valueRequired\":true,\"valueName\":\"search_term_string\"}}],\"inLanguage\":\"en-US\"},{\"@type\":\"Organization\",\"@id\":\"https:\/\/www.goncalo.pt\/por\/#organization\",\"name\":\"Gon\u00e7alo Ferreira\",\"url\":\"https:\/\/www.goncalo.pt\/por\/\",\"logo\":{\"@type\":\"ImageObject\",\"inLanguage\":\"en-US\",\"@id\":\"https:\/\/www.goncalo.pt\/por\/#\/schema\/logo\/image\/\",\"url\":\"https:\/\/www.goncalo.pt\/por\/wp-content\/uploads\/2023\/08\/cropped-Goncalo-Ferreira-Logo-With-Face.png\",\"contentUrl\":\"https:\/\/www.goncalo.pt\/por\/wp-content\/uploads\/2023\/08\/cropped-Goncalo-Ferreira-Logo-With-Face.png\",\"width\":389,\"height\":90,\"caption\":\"Gon\u00e7alo Ferreira\"},\"image\":{\"@id\":\"https:\/\/www.goncalo.pt\/por\/#\/schema\/logo\/image\/\"},\"sameAs\":[\"http:\/\/www.linkedin.com\/in\/GoncaloPT\/\"]}]}<\/script>\n<!-- \/ Yoast SEO plugin. -->","yoast_head_json":{"title":"C\u00e1lculo Financeiro - Gon\u00e7alo Ferreira","robots":{"index":"index","follow":"follow","max-snippet":"max-snippet:-1","max-image-preview":"max-image-preview:large","max-video-preview":"max-video-preview:-1"},"canonical":"https:\/\/www.goncalo.pt\/por\/calculo-financeiro\/","og_locale":"en_US","og_type":"article","og_title":"C\u00e1lculo Financeiro - Gon\u00e7alo Ferreira","og_description":"Deixo-vos aqui o meu mini-curso de C\u00e1lculo Financeiro. Ele foi criado h\u00e1 uns anos com base na mat\u00e9ria que se","og_url":"https:\/\/www.goncalo.pt\/por\/calculo-financeiro\/","og_site_name":"Gon\u00e7alo Ferreira","article_modified_time":"2023-11-26T02:11:31+00:00","og_image":[{"width":1280,"height":720,"url":"https:\/\/www.goncalo.pt\/por\/wp-content\/uploads\/2023\/11\/2018-06-17-Curso-de-Calculo-Financeiro.png","type":"image\/png"}],"twitter_card":"summary_large_image","twitter_misc":{"Est. reading time":"2 minutes"},"schema":{"@context":"https:\/\/schema.org","@graph":[{"@type":"WebPage","@id":"https:\/\/www.goncalo.pt\/por\/calculo-financeiro\/","url":"https:\/\/www.goncalo.pt\/por\/calculo-financeiro\/","name":"C\u00e1lculo Financeiro - Gon\u00e7alo Ferreira","isPartOf":{"@id":"https:\/\/www.goncalo.pt\/por\/#website"},"primaryImageOfPage":{"@id":"https:\/\/www.goncalo.pt\/por\/calculo-financeiro\/#primaryimage"},"image":{"@id":"https:\/\/www.goncalo.pt\/por\/calculo-financeiro\/#primaryimage"},"thumbnailUrl":"https:\/\/www.goncalo.pt\/por\/wp-content\/uploads\/2023\/11\/2018-06-17-Curso-de-Calculo-Financeiro.png","datePublished":"2023-11-26T02:07:54+00:00","dateModified":"2023-11-26T02:11:31+00:00","breadcrumb":{"@id":"https:\/\/www.goncalo.pt\/por\/calculo-financeiro\/#breadcrumb"},"inLanguage":"en-US","potentialAction":[{"@type":"ReadAction","target":["https:\/\/www.goncalo.pt\/por\/calculo-financeiro\/"]}]},{"@type":"ImageObject","inLanguage":"en-US","@id":"https:\/\/www.goncalo.pt\/por\/calculo-financeiro\/#primaryimage","url":"https:\/\/www.goncalo.pt\/por\/wp-content\/uploads\/2023\/11\/2018-06-17-Curso-de-Calculo-Financeiro.png","contentUrl":"https:\/\/www.goncalo.pt\/por\/wp-content\/uploads\/2023\/11\/2018-06-17-Curso-de-Calculo-Financeiro.png","width":1280,"height":720,"caption":"Curso de C\u00e1lculo Financeiro e Actuarial"},{"@type":"BreadcrumbList","@id":"https:\/\/www.goncalo.pt\/por\/calculo-financeiro\/#breadcrumb","itemListElement":[{"@type":"ListItem","position":1,"name":"Home","item":"https:\/\/www.goncalo.pt\/por\/"},{"@type":"ListItem","position":2,"name":"C\u00e1lculo Financeiro"}]},{"@type":"WebSite","@id":"https:\/\/www.goncalo.pt\/por\/#website","url":"https:\/\/www.goncalo.pt\/por\/","name":"Gon\u00e7alo Ferreira","description":"[Game Engine\/Software\/Simulation\/Trading Systems\/Full Stack] Developer, Musician, Composer, Painter, Writer, IT Trainer, Sys Admin, Ex-Trader, Skater, Strongman, Vegan, Self-Taught Neuro-Divergent Polymath, and 1001 things more. Welcome to my world!","publisher":{"@id":"https:\/\/www.goncalo.pt\/por\/#organization"},"potentialAction":[{"@type":"SearchAction","target":{"@type":"EntryPoint","urlTemplate":"https:\/\/www.goncalo.pt\/por\/?s={search_term_string}"},"query-input":{"@type":"PropertyValueSpecification","valueRequired":true,"valueName":"search_term_string"}}],"inLanguage":"en-US"},{"@type":"Organization","@id":"https:\/\/www.goncalo.pt\/por\/#organization","name":"Gon\u00e7alo Ferreira","url":"https:\/\/www.goncalo.pt\/por\/","logo":{"@type":"ImageObject","inLanguage":"en-US","@id":"https:\/\/www.goncalo.pt\/por\/#\/schema\/logo\/image\/","url":"https:\/\/www.goncalo.pt\/por\/wp-content\/uploads\/2023\/08\/cropped-Goncalo-Ferreira-Logo-With-Face.png","contentUrl":"https:\/\/www.goncalo.pt\/por\/wp-content\/uploads\/2023\/08\/cropped-Goncalo-Ferreira-Logo-With-Face.png","width":389,"height":90,"caption":"Gon\u00e7alo Ferreira"},"image":{"@id":"https:\/\/www.goncalo.pt\/por\/#\/schema\/logo\/image\/"},"sameAs":["http:\/\/www.linkedin.com\/in\/GoncaloPT\/"]}]}},"_links":{"self":[{"href":"https:\/\/www.goncalo.pt\/por\/wp-json\/wp\/v2\/pages\/2984"}],"collection":[{"href":"https:\/\/www.goncalo.pt\/por\/wp-json\/wp\/v2\/pages"}],"about":[{"href":"https:\/\/www.goncalo.pt\/por\/wp-json\/wp\/v2\/types\/page"}],"author":[{"embeddable":true,"href":"https:\/\/www.goncalo.pt\/por\/wp-json\/wp\/v2\/users\/1"}],"replies":[{"embeddable":true,"href":"https:\/\/www.goncalo.pt\/por\/wp-json\/wp\/v2\/comments?post=2984"}],"version-history":[{"count":2,"href":"https:\/\/www.goncalo.pt\/por\/wp-json\/wp\/v2\/pages\/2984\/revisions"}],"predecessor-version":[{"id":3001,"href":"https:\/\/www.goncalo.pt\/por\/wp-json\/wp\/v2\/pages\/2984\/revisions\/3001"}],"wp:featuredmedia":[{"embeddable":true,"href":"https:\/\/www.goncalo.pt\/por\/wp-json\/wp\/v2\/media\/2999"}],"wp:attachment":[{"href":"https:\/\/www.goncalo.pt\/por\/wp-json\/wp\/v2\/media?parent=2984"}],"curies":[{"name":"wp","href":"https:\/\/api.w.org\/{rel}","templated":true}]}}