{"id":4272,"date":"2025-06-05T04:27:35","date_gmt":"2025-06-05T04:27:35","guid":{"rendered":"https:\/\/www.goncalo.pt\/por\/?page_id=4272"},"modified":"2025-07-13T20:13:33","modified_gmt":"2025-07-13T20:13:33","slug":"curso-aprender-c-cpp","status":"publish","type":"page","link":"https:\/\/www.goncalo.pt\/por\/curso-aprender-c-cpp\/","title":{"rendered":"Curso Aprender C\/C++"},"content":{"rendered":"\n<p>Como sabem dou Forma\u00e7\u00e3o de Programa\u00e7\u00e3o tamb\u00e9m.<\/p>\n\n\n\n<p>E as linguagens que mais gosto s\u00e3o as C e C++, que uso para os meus projectos, como o desenvolvimento do meu Game Engine, entre outros.<\/p>\n\n\n\n<p>Por isso decidi criar um curso, gratuito como todos os outros, que ter\u00e1 dezenas de v\u00eddeos, em que tento explicar completamente do zero, como programar em C e C++, desde o zero, at\u00e9 come\u00e7arem a dar uns toques na manipula\u00e7\u00e3o de imagens, para darem uns toques iniciais \u00e0 programa\u00e7\u00e3o de videojogos.<\/p>\n\n\n\n<p>N\u00e3o vos prometo que venham a criar game engines do zero como eu, pois o tempo que perderia a criar milhares de v\u00eddeos, terei de o gastar a desenvolver o meu game engine, al\u00e9m de que n\u00e3o basta aprender C\/C++, s\u00e3o precisas outras caracter\u00edsticas que alguns de voc\u00eas poder\u00e3o ter ou n\u00e3o.<\/p>\n\n\n\n<p>Mas ensinar-vos-ei o melhor poss\u00edvel, de forma o mais simples poss\u00edvel, como usar estas linguagens, para que possam ou progredir depois nas mesmas, ou programar noutras linguagens mais f\u00e1ceis como Java ou C# ou Python, mas sabendo como as coisas funcionam em linguagens mais low-level como estas.<\/p>\n\n\n\n<p>Ficam aqui os cursos que j\u00e1 lancei, come\u00e7ando pelo primeiro v\u00eddeo em playlist, mas que deixo abaixo em v\u00eddeo na mesma:<\/p>\n\n\n\n<p><a href=\"https:\/\/www.youtube.com\/playlist?list=PLswCft9xAHt8xv8bMtB1FF9PGhcdfBzlC\" target=\"_blank\" rel=\"noreferrer noopener\">Curso de Programa\u00e7\u00e3o em C\/C++<\/a><\/p>\n\n\n\n<p><strong>Curso Aprender C\/C++ do Zero &#8211; Introdu\u00e7\u00e3o:<\/strong><\/p>\n\n\n\n<p>Este \u00e9 o meu primeiro v\u00eddeo do curso \u201cAprender C\/C++ do Zero\u201d, onde todos poder\u00e3o aprender as linguagens mais poderosas da actualidade e com melhor performance, usadas para criar Sistemas Operativos, Game Engines (como o meu, que uso nos exemplos), simula\u00e7\u00f5es de F\u00edsica, e muitas outras aplica\u00e7\u00f5es por detr\u00e1s de praticamente tudo o que existe na actualidade:<\/p>\n\n\n\n<figure class=\"wp-block-embed is-type-video is-provider-youtube wp-block-embed-youtube wp-embed-aspect-16-9 wp-has-aspect-ratio\"><div class=\"wp-block-embed__wrapper\">\n<iframe loading=\"lazy\" title=\"Curso Aprender C\/C++ do Zero ao Avan\u00e7ado - com Toques de Assembly\" width=\"800\" height=\"450\" src=\"https:\/\/www.youtube.com\/embed\/videoseries?list=PLswCft9xAHt8xv8bMtB1FF9PGhcdfBzlC\" frameborder=\"0\" allow=\"accelerometer; autoplay; clipboard-write; encrypted-media; gyroscope; picture-in-picture; web-share\" referrerpolicy=\"strict-origin-when-cross-origin\" allowfullscreen><\/iframe>\n<\/div><figcaption class=\"wp-element-caption\">Curso Aprender C\/C++ do Zero &#8211; Introdu\u00e7\u00e3o<\/figcaption><\/figure>\n\n\n\n<p><strong>Curso Aprender C\/C++ do Zero &#8211; Instalar IDE e Compiladores, e Correr o 1\u00ba Programa:<\/strong><\/p>\n\n\n\n<p>Neste v\u00eddeo falamos de como instalar um IDE (Ambiente de Desenvolvimento Integrado), os Compiladores, Debuggers, e Bibliotecas Gr\u00e1ficas, para Programar em C++:<\/p>\n\n\n\n<figure class=\"wp-block-embed is-type-video is-provider-youtube wp-block-embed-youtube wp-embed-aspect-16-9 wp-has-aspect-ratio\"><div class=\"wp-block-embed__wrapper\">\n<iframe loading=\"lazy\" title=\"Curso Aprender C\/C++ do Zero - Instalar IDE e Compiladores, e Correr o 1\u00ba Programa\" width=\"800\" height=\"450\" src=\"https:\/\/www.youtube.com\/embed\/hWFM2Zh0krY?list=PLswCft9xAHt8xv8bMtB1FF9PGhcdfBzlC\" frameborder=\"0\" allow=\"accelerometer; autoplay; clipboard-write; encrypted-media; gyroscope; picture-in-picture; web-share\" referrerpolicy=\"strict-origin-when-cross-origin\" allowfullscreen><\/iframe>\n<\/div><figcaption class=\"wp-element-caption\">Curso Aprender C\/C++ do Zero &#8211; Instalar IDE e Compiladores, e Correr o 1\u00ba Programa<\/figcaption><\/figure>\n\n\n\n<p><strong>Curso Aprender C\/C++ do Zero &#8211; Estrutura de um Programa Explicada Passo a Passo:<\/strong><\/p>\n\n\n\n<p>Neste v\u00eddeo estudamos a estrutura de um programa em C\/C++, os includes, a fun\u00e7\u00e3o main, os return codes, coment\u00e1rios, sintaxe, e muito mais:<\/p>\n\n\n\n<figure class=\"wp-block-embed is-type-video is-provider-youtube wp-block-embed-youtube wp-embed-aspect-16-9 wp-has-aspect-ratio\"><div class=\"wp-block-embed__wrapper\">\n<iframe loading=\"lazy\" title=\"Curso Aprender C\/C++ do Zero - Estrutura de um Programa Explicada Passo a Passo\" width=\"800\" height=\"450\" src=\"https:\/\/www.youtube.com\/embed\/9mYwLNOwocU?feature=oembed\" frameborder=\"0\" allow=\"accelerometer; autoplay; clipboard-write; encrypted-media; gyroscope; picture-in-picture; web-share\" referrerpolicy=\"strict-origin-when-cross-origin\" allowfullscreen><\/iframe>\n<\/div><figcaption class=\"wp-element-caption\">Curso Aprender C\/C++ do Zero &#8211; Estrutura de um Programa Explicada Passo a Passo<\/figcaption><\/figure>\n\n\n\n<p><strong>Curso Aprender C\/C++ do Zero &#8211; Tipos de Dados Primitivos:<\/strong><\/p>\n\n\n\n<p>Neste v\u00eddeo estudamos os tipos principais de dados (os tipos de dados primitivos), bem como como funcionam nos bastidores, e v\u00e1rias curiosidades sobre os mesmos, bem como verificar o tamanho deles, os seus limites, os seus modificadores, prefixos e sufixos, e muito mais, abrangendo as partes mais b\u00e1sicas da mat\u00e9ria e um pouco de extras tamb\u00e9m para os mais curiosos:<\/p>\n\n\n\n<figure class=\"wp-block-embed is-type-video is-provider-youtube wp-block-embed-youtube wp-embed-aspect-16-9 wp-has-aspect-ratio\"><div class=\"wp-block-embed__wrapper\">\n<iframe loading=\"lazy\" title=\"Curso Aprender C\/C++ do Zero - Tipos de Dados Primitivos\" width=\"800\" height=\"450\" src=\"https:\/\/www.youtube.com\/embed\/cnCrc5Bz1bs?feature=oembed\" frameborder=\"0\" allow=\"accelerometer; autoplay; clipboard-write; encrypted-media; gyroscope; picture-in-picture; web-share\" referrerpolicy=\"strict-origin-when-cross-origin\" allowfullscreen><\/iframe>\n<\/div><figcaption class=\"wp-element-caption\">Curso Aprender C\/C++ do Zero &#8211; Tipos de Dados Primitivos<\/figcaption><\/figure>\n\n\n\n<p><strong>Curso Aprender C\/C++ do Zero &#8211; Escopos, Mem\u00f3ria Stack e Stack Overflows<\/strong>:<\/p>\n\n\n\n<p>Neste v\u00eddeo estudamos os escopos (&#8220;scopes&#8221;) e a mem\u00f3ria Stack, incluindo as diferen\u00e7as em rela\u00e7\u00e3o \u00e0 mem\u00f3ria Heap e como os escopos s\u00e3o organizados na mem\u00f3ria. Vamos tamb\u00e9m abordar exemplos pr\u00e1ticos e dicas importantes e brincar com Assembly.<\/p>\n\n\n\n<figure class=\"wp-block-embed is-type-video is-provider-youtube wp-block-embed-youtube wp-embed-aspect-16-9 wp-has-aspect-ratio\"><div class=\"wp-block-embed__wrapper\">\n<iframe loading=\"lazy\" title=\"Curso Aprender C\/C++ do Zero - Escopos, Mem\u00f3ria Stack e Stack Overflows\" width=\"800\" height=\"450\" src=\"https:\/\/www.youtube.com\/embed\/lLwtCgs99P0?feature=oembed\" frameborder=\"0\" allow=\"accelerometer; autoplay; clipboard-write; encrypted-media; gyroscope; picture-in-picture; web-share\" referrerpolicy=\"strict-origin-when-cross-origin\" allowfullscreen><\/iframe>\n<\/div><figcaption class=\"wp-element-caption\">Curso Aprender C\/C++ do Zero &#8211; Escopos, Mem\u00f3ria Stack e Stack Overflows<\/figcaption><\/figure>\n\n\n\n<p><strong>Curso Aprender C\/C++ do Zero &#8211; Operadores Aritm\u00e9ticos, Incrementos e Preced\u00eancia, etc (Com Assembly):<\/strong><\/p>\n\n\n\n<p>Neste v\u00eddeo estudamos os operadores aritm\u00e9ticos, a preced\u00eancia entre eles, o operador m\u00f3dulo e algumas curiosidades, operadores un\u00e1rios, pr\u00e9-incrementos, exerc\u00edcios pr\u00e1ticos, uso da mem\u00f3ria, entre v\u00e1rios outros temas, sempre acompanhados dos habituais exemplos em Assembly que mostram como tudo funciona na mem\u00f3ria.<\/p>\n\n\n\n<figure class=\"wp-block-embed is-type-video is-provider-youtube wp-block-embed-youtube wp-embed-aspect-16-9 wp-has-aspect-ratio\"><div class=\"wp-block-embed__wrapper\">\n<iframe loading=\"lazy\" title=\"Curso Aprender C\/C++ do Zero - Operadores Aritm\u00e9ticos, Incrementos e Preced\u00eancia, etc (Com Assembly)\" width=\"800\" height=\"450\" src=\"https:\/\/www.youtube.com\/embed\/3036y3oLVZk?feature=oembed\" frameborder=\"0\" allow=\"accelerometer; autoplay; clipboard-write; encrypted-media; gyroscope; picture-in-picture; web-share\" referrerpolicy=\"strict-origin-when-cross-origin\" allowfullscreen><\/iframe>\n<\/div><figcaption class=\"wp-element-caption\">Curso Aprender C\/C++ do Zero &#8211; Operadores Aritm\u00e9ticos, Incrementos e Preced\u00eancia, etc (Com Assembly)<\/figcaption><\/figure>\n\n\n\n<p><strong>Apresenta\u00e7\u00e3o da MiniGFX &#8211; Biblioteca Gr\u00e1fica 2D em C++ com SDL2 (para o meu Curso de C\/C++):<\/strong><\/p>\n\n\n\n<p>Aqui apresento-vos a MiniGFX, uma micro-biblioteca que criei 100% em C++, baseada na SDL (que \u00e9 feita em C), e simplificada ao ponto de qualquer pessoa, mesmo sem qualquer experi\u00eancia, conseguir desenhar gr\u00e1ficos complexos no ecr\u00e3, controlar objectos, e at\u00e9 criar mini-jogos, sem grandes complica\u00e7\u00f5es.<\/p>\n\n\n\n<p>A ideia \u00e9 abstrair por completo a complexidade da SDL, num estilo semelhante ao Python Turtle, mas com muito mais poder.<\/p>\n\n\n\n<p>No exemplo do v\u00eddeo, desenham-se milhares de quadrados a milhares de FPS de velocidade, usando apenas um core de um port\u00e1til velho. Assim podem come\u00e7ar a brincar com gr\u00e1ficos desde j\u00e1, sem precisarem de aprender SDL, e ainda levar mais longe o meu Curso de C++.<\/p>\n\n\n\n<figure class=\"wp-block-embed is-type-video is-provider-youtube wp-block-embed-youtube wp-embed-aspect-16-9 wp-has-aspect-ratio\"><div class=\"wp-block-embed__wrapper\">\n<iframe loading=\"lazy\" title=\"Apresenta\u00e7\u00e3o da MiniGFX - Biblioteca Gr\u00e1fica 2D em C++ com SDL2 (para o meu Curso de C\/C++)\" width=\"800\" height=\"450\" src=\"https:\/\/www.youtube.com\/embed\/caOWa85wq-Y?feature=oembed\" frameborder=\"0\" allow=\"accelerometer; autoplay; clipboard-write; encrypted-media; gyroscope; picture-in-picture; web-share\" referrerpolicy=\"strict-origin-when-cross-origin\" allowfullscreen><\/iframe>\n<\/div><figcaption class=\"wp-element-caption\">Apresenta\u00e7\u00e3o da MiniGFX &#8211; Biblioteca Gr\u00e1fica 2D em C++ com SDL2 (para o meu Curso de C\/C++)<\/figcaption><\/figure>\n\n\n\n<p>A biblioteca acima t\u00eam-na aqui:<\/p>\n\n\n\n<figure class=\"wp-block-embed is-type-wp-embed is-provider-gon-alo-ferreira wp-block-embed-gon-alo-ferreira\"><div class=\"wp-block-embed__wrapper\">\n<blockquote class=\"wp-embedded-content\" data-secret=\"cuxpGsph55\"><a href=\"https:\/\/www.goncalo.pt\/por\/projecto-mini-biblioteca-grafica-com-sdl2-para-aprendizagem-e-ensino-em-cpp\/\">Projecto Mini Biblioteca Gr\u00e1fica com SDL2 para Aprendizagem e Ensino, em C++&#8230;<\/a><\/blockquote><iframe loading=\"lazy\" class=\"wp-embedded-content\" sandbox=\"allow-scripts\" security=\"restricted\" style=\"position: absolute; visibility: hidden;\" title=\"&#8220;Projecto Mini Biblioteca Gr\u00e1fica com SDL2 para Aprendizagem e Ensino, em C++&#8230;&#8221; &#8212; Gon\u00e7alo Ferreira\" src=\"https:\/\/www.goncalo.pt\/por\/projecto-mini-biblioteca-grafica-com-sdl2-para-aprendizagem-e-ensino-em-cpp\/embed\/#?secret=ArJzbG8Fk9#?secret=cuxpGsph55\" data-secret=\"cuxpGsph55\" width=\"600\" height=\"338\" frameborder=\"0\" marginwidth=\"0\" marginheight=\"0\" scrolling=\"no\"><\/iframe>\n<\/div><figcaption class=\"wp-element-caption\">Projecto Mini Biblioteca Gr\u00e1fica com SDL2 para Aprendizagem e Ensino, em C++\u2026<\/figcaption><\/figure>\n\n\n\n<p>E o seu reposit\u00f3rio em GitHub aqui:<\/p>\n\n\n\n<p><a href=\"https:\/\/github.com\/goncaloferreira-com\/MiniGFX\/blob\/main\/LICENSE\" target=\"_blank\" rel=\"noreferrer noopener\">https:\/\/github.com\/goncaloferreira-com\/MiniGFX\/blob\/main\/LICENSE<\/a><\/p>\n\n\n\n<p><strong>E t\u00eam aqui a playlist final:<\/strong><\/p>\n\n\n\n<p><a href=\"https:\/\/www.youtube.com\/playlist?list=PLswCft9xAHt8xv8bMtB1FF9PGhcdfBzlC\" target=\"_blank\" rel=\"noreferrer noopener\">Curso de Programa\u00e7\u00e3o em C\/C++<\/a><\/p>\n\n\n\n<p>Qualquer d\u00favida comentem nos v\u00eddeos, ou se for geral podem perguntar-me por aqui ou no meu LinkedIn.<\/p>\n\n\n\n<p>Hasta!<\/p>\n\n\n\n<p>2025-06-05.<\/p>\n\n\n\n<figure class=\"wp-block-image size-large is-resized\"><img loading=\"lazy\" decoding=\"async\" width=\"1024\" height=\"576\" src=\"https:\/\/www.goncalo.pt\/por\/wp-content\/uploads\/2025\/06\/Curso-Aprender-C-e-Cpp-do-Zero-1024x576.png\" alt=\"Curso Aprender C\/C++ desde o Zero...\" class=\"wp-image-4273\" style=\"width:1140px;height:auto\" srcset=\"https:\/\/www.goncalo.pt\/por\/wp-content\/uploads\/2025\/06\/Curso-Aprender-C-e-Cpp-do-Zero-1024x576.png 1024w, https:\/\/www.goncalo.pt\/por\/wp-content\/uploads\/2025\/06\/Curso-Aprender-C-e-Cpp-do-Zero-300x169.png 300w, https:\/\/www.goncalo.pt\/por\/wp-content\/uploads\/2025\/06\/Curso-Aprender-C-e-Cpp-do-Zero-768x432.png 768w, https:\/\/www.goncalo.pt\/por\/wp-content\/uploads\/2025\/06\/Curso-Aprender-C-e-Cpp-do-Zero-1536x864.png 1536w, https:\/\/www.goncalo.pt\/por\/wp-content\/uploads\/2025\/06\/Curso-Aprender-C-e-Cpp-do-Zero.png 1920w\" sizes=\"(max-width: 1024px) 100vw, 1024px\" \/><figcaption class=\"wp-element-caption\">Curso Aprender C\/C++ desde o Zero&#8230;<\/figcaption><\/figure>\n","protected":false},"excerpt":{"rendered":"<p>Como sabem dou Forma\u00e7\u00e3o de Programa\u00e7\u00e3o tamb\u00e9m. E as linguagens que mais gosto s\u00e3o as C e C++, que uso<\/p>\n","protected":false},"author":1,"featured_media":4273,"parent":0,"menu_order":0,"comment_status":"closed","ping_status":"closed","template":"","meta":{"footnotes":""},"class_list":["post-4272","page","type-page","status-publish","has-post-thumbnail","hentry"],"yoast_head":"<!-- This site is optimized with the Yoast SEO plugin v25.4 - https:\/\/yoast.com\/wordpress\/plugins\/seo\/ -->\n<title>Curso Aprender C\/C++ - Gon\u00e7alo Ferreira<\/title>\n<meta name=\"robots\" content=\"index, follow, max-snippet:-1, max-image-preview:large, max-video-preview:-1\" \/>\n<link rel=\"canonical\" href=\"https:\/\/www.goncalo.pt\/por\/curso-aprender-c-cpp\/\" \/>\n<meta property=\"og:locale\" content=\"en_US\" \/>\n<meta property=\"og:type\" content=\"article\" \/>\n<meta property=\"og:title\" content=\"Curso Aprender C\/C++ - Gon\u00e7alo Ferreira\" \/>\n<meta property=\"og:description\" content=\"Como sabem dou Forma\u00e7\u00e3o de Programa\u00e7\u00e3o tamb\u00e9m. E as linguagens que mais gosto s\u00e3o as C e C++, que uso\" \/>\n<meta property=\"og:url\" content=\"https:\/\/www.goncalo.pt\/por\/curso-aprender-c-cpp\/\" \/>\n<meta property=\"og:site_name\" content=\"Gon\u00e7alo Ferreira\" \/>\n<meta property=\"article:modified_time\" content=\"2025-07-13T20:13:33+00:00\" \/>\n<meta property=\"og:image\" content=\"https:\/\/www.goncalo.pt\/por\/wp-content\/uploads\/2025\/06\/Curso-Aprender-C-e-Cpp-do-Zero.png\" \/>\n\t<meta property=\"og:image:width\" content=\"1920\" \/>\n\t<meta property=\"og:image:height\" content=\"1080\" \/>\n\t<meta property=\"og:image:type\" content=\"image\/png\" \/>\n<meta name=\"twitter:card\" content=\"summary_large_image\" \/>\n<meta name=\"twitter:label1\" content=\"Est. reading time\" \/>\n\t<meta name=\"twitter:data1\" content=\"4 minutes\" \/>\n<script type=\"application\/ld+json\" class=\"yoast-schema-graph\">{\"@context\":\"https:\/\/schema.org\",\"@graph\":[{\"@type\":\"WebPage\",\"@id\":\"https:\/\/www.goncalo.pt\/por\/curso-aprender-c-cpp\/\",\"url\":\"https:\/\/www.goncalo.pt\/por\/curso-aprender-c-cpp\/\",\"name\":\"Curso Aprender C\/C++ - Gon\u00e7alo Ferreira\",\"isPartOf\":{\"@id\":\"https:\/\/www.goncalo.pt\/por\/#website\"},\"primaryImageOfPage\":{\"@id\":\"https:\/\/www.goncalo.pt\/por\/curso-aprender-c-cpp\/#primaryimage\"},\"image\":{\"@id\":\"https:\/\/www.goncalo.pt\/por\/curso-aprender-c-cpp\/#primaryimage\"},\"thumbnailUrl\":\"https:\/\/www.goncalo.pt\/por\/wp-content\/uploads\/2025\/06\/Curso-Aprender-C-e-Cpp-do-Zero.png\",\"datePublished\":\"2025-06-05T04:27:35+00:00\",\"dateModified\":\"2025-07-13T20:13:33+00:00\",\"breadcrumb\":{\"@id\":\"https:\/\/www.goncalo.pt\/por\/curso-aprender-c-cpp\/#breadcrumb\"},\"inLanguage\":\"en-US\",\"potentialAction\":[{\"@type\":\"ReadAction\",\"target\":[\"https:\/\/www.goncalo.pt\/por\/curso-aprender-c-cpp\/\"]}]},{\"@type\":\"ImageObject\",\"inLanguage\":\"en-US\",\"@id\":\"https:\/\/www.goncalo.pt\/por\/curso-aprender-c-cpp\/#primaryimage\",\"url\":\"https:\/\/www.goncalo.pt\/por\/wp-content\/uploads\/2025\/06\/Curso-Aprender-C-e-Cpp-do-Zero.png\",\"contentUrl\":\"https:\/\/www.goncalo.pt\/por\/wp-content\/uploads\/2025\/06\/Curso-Aprender-C-e-Cpp-do-Zero.png\",\"width\":1920,\"height\":1080,\"caption\":\"Curso Aprender C\/C++ desde o Zero...\"},{\"@type\":\"BreadcrumbList\",\"@id\":\"https:\/\/www.goncalo.pt\/por\/curso-aprender-c-cpp\/#breadcrumb\",\"itemListElement\":[{\"@type\":\"ListItem\",\"position\":1,\"name\":\"Home\",\"item\":\"https:\/\/www.goncalo.pt\/por\/\"},{\"@type\":\"ListItem\",\"position\":2,\"name\":\"Curso Aprender C\/C++\"}]},{\"@type\":\"WebSite\",\"@id\":\"https:\/\/www.goncalo.pt\/por\/#website\",\"url\":\"https:\/\/www.goncalo.pt\/por\/\",\"name\":\"Gon\u00e7alo Ferreira\",\"description\":\"[Game Engine\/Software\/Simulation\/Trading Systems\/Full Stack] Developer, Musician, Composer, Painter, Writer, IT Trainer, Sys Admin, Ex-Trader, Skater, Strongman, Vegan, Self-Taught Neuro-Divergent Polymath, and 1001 things more. Welcome to my world!\",\"publisher\":{\"@id\":\"https:\/\/www.goncalo.pt\/por\/#organization\"},\"potentialAction\":[{\"@type\":\"SearchAction\",\"target\":{\"@type\":\"EntryPoint\",\"urlTemplate\":\"https:\/\/www.goncalo.pt\/por\/?s={search_term_string}\"},\"query-input\":{\"@type\":\"PropertyValueSpecification\",\"valueRequired\":true,\"valueName\":\"search_term_string\"}}],\"inLanguage\":\"en-US\"},{\"@type\":\"Organization\",\"@id\":\"https:\/\/www.goncalo.pt\/por\/#organization\",\"name\":\"Gon\u00e7alo Ferreira\",\"url\":\"https:\/\/www.goncalo.pt\/por\/\",\"logo\":{\"@type\":\"ImageObject\",\"inLanguage\":\"en-US\",\"@id\":\"https:\/\/www.goncalo.pt\/por\/#\/schema\/logo\/image\/\",\"url\":\"https:\/\/www.goncalo.pt\/por\/wp-content\/uploads\/2023\/08\/cropped-Goncalo-Ferreira-Logo-With-Face.png\",\"contentUrl\":\"https:\/\/www.goncalo.pt\/por\/wp-content\/uploads\/2023\/08\/cropped-Goncalo-Ferreira-Logo-With-Face.png\",\"width\":389,\"height\":90,\"caption\":\"Gon\u00e7alo Ferreira\"},\"image\":{\"@id\":\"https:\/\/www.goncalo.pt\/por\/#\/schema\/logo\/image\/\"},\"sameAs\":[\"http:\/\/www.linkedin.com\/in\/GoncaloPT\/\"]}]}<\/script>\n<!-- \/ Yoast SEO plugin. -->","yoast_head_json":{"title":"Curso Aprender C\/C++ - Gon\u00e7alo Ferreira","robots":{"index":"index","follow":"follow","max-snippet":"max-snippet:-1","max-image-preview":"max-image-preview:large","max-video-preview":"max-video-preview:-1"},"canonical":"https:\/\/www.goncalo.pt\/por\/curso-aprender-c-cpp\/","og_locale":"en_US","og_type":"article","og_title":"Curso Aprender C\/C++ - Gon\u00e7alo Ferreira","og_description":"Como sabem dou Forma\u00e7\u00e3o de Programa\u00e7\u00e3o tamb\u00e9m. E as linguagens que mais gosto s\u00e3o as C e C++, que uso","og_url":"https:\/\/www.goncalo.pt\/por\/curso-aprender-c-cpp\/","og_site_name":"Gon\u00e7alo Ferreira","article_modified_time":"2025-07-13T20:13:33+00:00","og_image":[{"width":1920,"height":1080,"url":"https:\/\/www.goncalo.pt\/por\/wp-content\/uploads\/2025\/06\/Curso-Aprender-C-e-Cpp-do-Zero.png","type":"image\/png"}],"twitter_card":"summary_large_image","twitter_misc":{"Est. reading time":"4 minutes"},"schema":{"@context":"https:\/\/schema.org","@graph":[{"@type":"WebPage","@id":"https:\/\/www.goncalo.pt\/por\/curso-aprender-c-cpp\/","url":"https:\/\/www.goncalo.pt\/por\/curso-aprender-c-cpp\/","name":"Curso Aprender C\/C++ - Gon\u00e7alo Ferreira","isPartOf":{"@id":"https:\/\/www.goncalo.pt\/por\/#website"},"primaryImageOfPage":{"@id":"https:\/\/www.goncalo.pt\/por\/curso-aprender-c-cpp\/#primaryimage"},"image":{"@id":"https:\/\/www.goncalo.pt\/por\/curso-aprender-c-cpp\/#primaryimage"},"thumbnailUrl":"https:\/\/www.goncalo.pt\/por\/wp-content\/uploads\/2025\/06\/Curso-Aprender-C-e-Cpp-do-Zero.png","datePublished":"2025-06-05T04:27:35+00:00","dateModified":"2025-07-13T20:13:33+00:00","breadcrumb":{"@id":"https:\/\/www.goncalo.pt\/por\/curso-aprender-c-cpp\/#breadcrumb"},"inLanguage":"en-US","potentialAction":[{"@type":"ReadAction","target":["https:\/\/www.goncalo.pt\/por\/curso-aprender-c-cpp\/"]}]},{"@type":"ImageObject","inLanguage":"en-US","@id":"https:\/\/www.goncalo.pt\/por\/curso-aprender-c-cpp\/#primaryimage","url":"https:\/\/www.goncalo.pt\/por\/wp-content\/uploads\/2025\/06\/Curso-Aprender-C-e-Cpp-do-Zero.png","contentUrl":"https:\/\/www.goncalo.pt\/por\/wp-content\/uploads\/2025\/06\/Curso-Aprender-C-e-Cpp-do-Zero.png","width":1920,"height":1080,"caption":"Curso Aprender C\/C++ desde o Zero..."},{"@type":"BreadcrumbList","@id":"https:\/\/www.goncalo.pt\/por\/curso-aprender-c-cpp\/#breadcrumb","itemListElement":[{"@type":"ListItem","position":1,"name":"Home","item":"https:\/\/www.goncalo.pt\/por\/"},{"@type":"ListItem","position":2,"name":"Curso Aprender C\/C++"}]},{"@type":"WebSite","@id":"https:\/\/www.goncalo.pt\/por\/#website","url":"https:\/\/www.goncalo.pt\/por\/","name":"Gon\u00e7alo Ferreira","description":"[Game Engine\/Software\/Simulation\/Trading Systems\/Full Stack] Developer, Musician, Composer, Painter, Writer, IT Trainer, Sys Admin, Ex-Trader, Skater, Strongman, Vegan, Self-Taught Neuro-Divergent Polymath, and 1001 things more. Welcome to my world!","publisher":{"@id":"https:\/\/www.goncalo.pt\/por\/#organization"},"potentialAction":[{"@type":"SearchAction","target":{"@type":"EntryPoint","urlTemplate":"https:\/\/www.goncalo.pt\/por\/?s={search_term_string}"},"query-input":{"@type":"PropertyValueSpecification","valueRequired":true,"valueName":"search_term_string"}}],"inLanguage":"en-US"},{"@type":"Organization","@id":"https:\/\/www.goncalo.pt\/por\/#organization","name":"Gon\u00e7alo Ferreira","url":"https:\/\/www.goncalo.pt\/por\/","logo":{"@type":"ImageObject","inLanguage":"en-US","@id":"https:\/\/www.goncalo.pt\/por\/#\/schema\/logo\/image\/","url":"https:\/\/www.goncalo.pt\/por\/wp-content\/uploads\/2023\/08\/cropped-Goncalo-Ferreira-Logo-With-Face.png","contentUrl":"https:\/\/www.goncalo.pt\/por\/wp-content\/uploads\/2023\/08\/cropped-Goncalo-Ferreira-Logo-With-Face.png","width":389,"height":90,"caption":"Gon\u00e7alo Ferreira"},"image":{"@id":"https:\/\/www.goncalo.pt\/por\/#\/schema\/logo\/image\/"},"sameAs":["http:\/\/www.linkedin.com\/in\/GoncaloPT\/"]}]}},"_links":{"self":[{"href":"https:\/\/www.goncalo.pt\/por\/wp-json\/wp\/v2\/pages\/4272"}],"collection":[{"href":"https:\/\/www.goncalo.pt\/por\/wp-json\/wp\/v2\/pages"}],"about":[{"href":"https:\/\/www.goncalo.pt\/por\/wp-json\/wp\/v2\/types\/page"}],"author":[{"embeddable":true,"href":"https:\/\/www.goncalo.pt\/por\/wp-json\/wp\/v2\/users\/1"}],"replies":[{"embeddable":true,"href":"https:\/\/www.goncalo.pt\/por\/wp-json\/wp\/v2\/comments?post=4272"}],"version-history":[{"count":9,"href":"https:\/\/www.goncalo.pt\/por\/wp-json\/wp\/v2\/pages\/4272\/revisions"}],"predecessor-version":[{"id":4310,"href":"https:\/\/www.goncalo.pt\/por\/wp-json\/wp\/v2\/pages\/4272\/revisions\/4310"}],"wp:featuredmedia":[{"embeddable":true,"href":"https:\/\/www.goncalo.pt\/por\/wp-json\/wp\/v2\/media\/4273"}],"wp:attachment":[{"href":"https:\/\/www.goncalo.pt\/por\/wp-json\/wp\/v2\/media?parent=4272"}],"curies":[{"name":"wp","href":"https:\/\/api.w.org\/{rel}","templated":true}]}}