{"id":4290,"date":"2025-07-11T15:29:14","date_gmt":"2025-07-11T15:29:14","guid":{"rendered":"https:\/\/www.goncalo.pt\/por\/?p=4290"},"modified":"2025-07-13T20:05:08","modified_gmt":"2025-07-13T20:05:08","slug":"projecto-mini-biblioteca-grafica-com-sdl2-para-aprendizagem-e-ensino-em-cpp","status":"publish","type":"page","link":"https:\/\/www.goncalo.pt\/por\/projecto-mini-biblioteca-grafica-com-sdl2-para-aprendizagem-e-ensino-em-cpp\/","title":{"rendered":"Projecto Mini Biblioteca Gr\u00e1fica com SDL2 para Aprendizagem e Ensino, em C++&#8230;"},"content":{"rendered":"\n<p>Depois actualizo a p\u00e1gina, fa\u00e7am download do zip abaixo:<\/p>\n\n\n\n<div class=\"wp-block-file\"><a id=\"wp-block-file--media-9db6ff89-443c-412e-81ba-b3069b7095fd\" href=\"https:\/\/www.goncalo.pt\/por\/wp-content\/uploads\/2025\/07\/MiniGFX-2.zip\">MiniGFX<\/a><a href=\"https:\/\/www.goncalo.pt\/por\/wp-content\/uploads\/2025\/07\/MiniGFX-2.zip\" class=\"wp-block-file__button wp-element-button\" download aria-describedby=\"wp-block-file--media-9db6ff89-443c-412e-81ba-b3069b7095fd\">Download<\/a><\/div>\n\n\n\n<p>Ou no GitHub que criei para o projecto, aqui:<\/p>\n\n\n\n<p><a href=\"https:\/\/github.com\/goncaloferreira-com\/MiniGFX\/blob\/main\/LICENSE\" target=\"_blank\" rel=\"noreferrer noopener\">https:\/\/github.com\/goncaloferreira-com\/MiniGFX\/blob\/main\/LICENSE<\/a><\/p>\n\n\n\n<p>Descomprimam, metam o zip na vossa pasta onde t\u00eam o ficheiro main.cpp, incluam o ficheiro MiniGfx.h no vosso projecto, e funcionar\u00e1.<\/p>\n\n\n\n<p>Ele tem l\u00e1 um exemplo de como usar:<\/p>\n\n\n\n<pre class=\"wp-block-code\"><code>\/\/Demo controls: Q+A+O+P and mouse buttons...\n#include \"MiniGfx.h\"\nint main(int argc,char** argv){\n    SDLWindow::demo();\n    return 0;\n}<\/code><\/pre>\n\n\n\n<p>E se quiserem fazer experi\u00eancias, ou seja, se quiserem alterar a demo para experimentar, v\u00e3o \u00e0 linha 216 do MiniGfx.h e l\u00e1 copiam tudo o que meti dentro da fun\u00e7\u00e3o demo(){} e colam no main.cpp em vez da linha que tem &#8220;SDLWindow::demo();&#8221; e pronto, podem alterar l\u00e1, fazer experi\u00eancias, e aprender.<\/p>\n\n\n\n<p>Para quem quiser saber do que se trata:<\/p>\n\n\n\n<figure class=\"wp-block-embed is-type-video is-provider-youtube wp-block-embed-youtube wp-embed-aspect-16-9 wp-has-aspect-ratio\"><div class=\"wp-block-embed__wrapper\">\n<iframe loading=\"lazy\" title=\"Apresenta\u00e7\u00e3o da MiniGFX - Biblioteca Gr\u00e1fica 2D em C++ com SDL2 (para o meu Curso de C\/C++)\" width=\"800\" height=\"450\" src=\"https:\/\/www.youtube.com\/embed\/caOWa85wq-Y?feature=oembed\" frameborder=\"0\" allow=\"accelerometer; autoplay; clipboard-write; encrypted-media; gyroscope; picture-in-picture; web-share\" referrerpolicy=\"strict-origin-when-cross-origin\" allowfullscreen><\/iframe>\n<\/div><figcaption class=\"wp-element-caption\">Apresenta\u00e7\u00e3o da MiniGFX &#8211; Biblioteca Gr\u00e1fica 2D em C++ com SDL2 (para o meu Curso de C\/C++)<\/figcaption><\/figure>\n\n\n\n<p>Mais novidades depois.<\/p>\n\n\n\n<p>2025-07-11.<\/p>\n","protected":false},"excerpt":{"rendered":"<p>Depois actualizo a p\u00e1gina, fa\u00e7am download do zip abaixo: Ou no GitHub que criei para o projecto, aqui: https:\/\/github.com\/goncaloferreira-com\/MiniGFX\/blob\/main\/LICENSE Descomprimam,<\/p>\n","protected":false},"author":1,"featured_media":4292,"parent":0,"menu_order":0,"comment_status":"open","ping_status":"open","template":"","meta":{"footnotes":""},"class_list":["post-4290","page","type-page","status-publish","has-post-thumbnail","hentry"],"yoast_head":"<!-- This site is optimized with the Yoast SEO plugin v25.4 - https:\/\/yoast.com\/wordpress\/plugins\/seo\/ -->\n<title>Projecto Mini Biblioteca Gr\u00e1fica com SDL2 para Aprendizagem e Ensino, em C++... - Gon\u00e7alo Ferreira<\/title>\n<meta name=\"robots\" content=\"index, follow, max-snippet:-1, max-image-preview:large, max-video-preview:-1\" \/>\n<link rel=\"canonical\" href=\"https:\/\/www.goncalo.pt\/por\/projecto-mini-biblioteca-grafica-com-sdl2-para-aprendizagem-e-ensino-em-cpp\/\" \/>\n<meta property=\"og:locale\" content=\"en_US\" \/>\n<meta property=\"og:type\" content=\"article\" \/>\n<meta property=\"og:title\" content=\"Projecto Mini Biblioteca Gr\u00e1fica com SDL2 para Aprendizagem e Ensino, em C++... - Gon\u00e7alo Ferreira\" \/>\n<meta property=\"og:description\" content=\"Depois actualizo a p\u00e1gina, fa\u00e7am download do zip abaixo: Ou no GitHub que criei para o projecto, aqui: https:\/\/github.com\/goncaloferreira-com\/MiniGFX\/blob\/main\/LICENSE Descomprimam,\" \/>\n<meta property=\"og:url\" content=\"https:\/\/www.goncalo.pt\/por\/projecto-mini-biblioteca-grafica-com-sdl2-para-aprendizagem-e-ensino-em-cpp\/\" \/>\n<meta property=\"og:site_name\" content=\"Gon\u00e7alo Ferreira\" \/>\n<meta property=\"article:modified_time\" content=\"2025-07-13T20:05:08+00:00\" \/>\n<meta property=\"og:image\" content=\"https:\/\/www.goncalo.pt\/por\/wp-content\/uploads\/2025\/07\/MiniGFX-biblioteca-simplificada-de-graficos-em-Cpp-com-SDL.webp\" \/>\n\t<meta property=\"og:image:width\" content=\"1280\" \/>\n\t<meta property=\"og:image:height\" content=\"720\" \/>\n\t<meta property=\"og:image:type\" content=\"image\/webp\" \/>\n<meta name=\"twitter:card\" content=\"summary_large_image\" \/>\n<meta name=\"twitter:label1\" content=\"Est. reading time\" \/>\n\t<meta name=\"twitter:data1\" content=\"1 minute\" \/>\n<script type=\"application\/ld+json\" class=\"yoast-schema-graph\">{\"@context\":\"https:\/\/schema.org\",\"@graph\":[{\"@type\":\"WebPage\",\"@id\":\"https:\/\/www.goncalo.pt\/por\/projecto-mini-biblioteca-grafica-com-sdl2-para-aprendizagem-e-ensino-em-cpp\/\",\"url\":\"https:\/\/www.goncalo.pt\/por\/projecto-mini-biblioteca-grafica-com-sdl2-para-aprendizagem-e-ensino-em-cpp\/\",\"name\":\"Projecto Mini Biblioteca Gr\u00e1fica com SDL2 para Aprendizagem e Ensino, em C++... - Gon\u00e7alo Ferreira\",\"isPartOf\":{\"@id\":\"https:\/\/www.goncalo.pt\/por\/#website\"},\"primaryImageOfPage\":{\"@id\":\"https:\/\/www.goncalo.pt\/por\/projecto-mini-biblioteca-grafica-com-sdl2-para-aprendizagem-e-ensino-em-cpp\/#primaryimage\"},\"image\":{\"@id\":\"https:\/\/www.goncalo.pt\/por\/projecto-mini-biblioteca-grafica-com-sdl2-para-aprendizagem-e-ensino-em-cpp\/#primaryimage\"},\"thumbnailUrl\":\"https:\/\/www.goncalo.pt\/por\/wp-content\/uploads\/2025\/07\/MiniGFX-biblioteca-simplificada-de-graficos-em-Cpp-com-SDL.webp\",\"datePublished\":\"2025-07-11T15:29:14+00:00\",\"dateModified\":\"2025-07-13T20:05:08+00:00\",\"breadcrumb\":{\"@id\":\"https:\/\/www.goncalo.pt\/por\/projecto-mini-biblioteca-grafica-com-sdl2-para-aprendizagem-e-ensino-em-cpp\/#breadcrumb\"},\"inLanguage\":\"en-US\",\"potentialAction\":[{\"@type\":\"ReadAction\",\"target\":[\"https:\/\/www.goncalo.pt\/por\/projecto-mini-biblioteca-grafica-com-sdl2-para-aprendizagem-e-ensino-em-cpp\/\"]}]},{\"@type\":\"ImageObject\",\"inLanguage\":\"en-US\",\"@id\":\"https:\/\/www.goncalo.pt\/por\/projecto-mini-biblioteca-grafica-com-sdl2-para-aprendizagem-e-ensino-em-cpp\/#primaryimage\",\"url\":\"https:\/\/www.goncalo.pt\/por\/wp-content\/uploads\/2025\/07\/MiniGFX-biblioteca-simplificada-de-graficos-em-Cpp-com-SDL.webp\",\"contentUrl\":\"https:\/\/www.goncalo.pt\/por\/wp-content\/uploads\/2025\/07\/MiniGFX-biblioteca-simplificada-de-graficos-em-Cpp-com-SDL.webp\",\"width\":1280,\"height\":720,\"caption\":\"Projecto Mini Biblioteca Gr\u00e1fica com SDL2 para Aprendizagem e Ensino, em C++...\"},{\"@type\":\"BreadcrumbList\",\"@id\":\"https:\/\/www.goncalo.pt\/por\/projecto-mini-biblioteca-grafica-com-sdl2-para-aprendizagem-e-ensino-em-cpp\/#breadcrumb\",\"itemListElement\":[{\"@type\":\"ListItem\",\"position\":1,\"name\":\"Home\",\"item\":\"https:\/\/www.goncalo.pt\/por\/\"},{\"@type\":\"ListItem\",\"position\":2,\"name\":\"Projecto Mini Biblioteca Gr\u00e1fica com SDL2 para Aprendizagem e Ensino, em C++&#8230;\"}]},{\"@type\":\"WebSite\",\"@id\":\"https:\/\/www.goncalo.pt\/por\/#website\",\"url\":\"https:\/\/www.goncalo.pt\/por\/\",\"name\":\"Gon\u00e7alo Ferreira\",\"description\":\"[Game Engine\/Software\/Simulation\/Trading Systems\/Full Stack] Developer, Musician, Composer, Painter, Writer, IT Trainer, Sys Admin, Ex-Trader, Skater, Strongman, Vegan, Self-Taught Neuro-Divergent Polymath, and 1001 things more. Welcome to my world!\",\"publisher\":{\"@id\":\"https:\/\/www.goncalo.pt\/por\/#organization\"},\"potentialAction\":[{\"@type\":\"SearchAction\",\"target\":{\"@type\":\"EntryPoint\",\"urlTemplate\":\"https:\/\/www.goncalo.pt\/por\/?s={search_term_string}\"},\"query-input\":{\"@type\":\"PropertyValueSpecification\",\"valueRequired\":true,\"valueName\":\"search_term_string\"}}],\"inLanguage\":\"en-US\"},{\"@type\":\"Organization\",\"@id\":\"https:\/\/www.goncalo.pt\/por\/#organization\",\"name\":\"Gon\u00e7alo Ferreira\",\"url\":\"https:\/\/www.goncalo.pt\/por\/\",\"logo\":{\"@type\":\"ImageObject\",\"inLanguage\":\"en-US\",\"@id\":\"https:\/\/www.goncalo.pt\/por\/#\/schema\/logo\/image\/\",\"url\":\"https:\/\/www.goncalo.pt\/por\/wp-content\/uploads\/2023\/08\/cropped-Goncalo-Ferreira-Logo-With-Face.png\",\"contentUrl\":\"https:\/\/www.goncalo.pt\/por\/wp-content\/uploads\/2023\/08\/cropped-Goncalo-Ferreira-Logo-With-Face.png\",\"width\":389,\"height\":90,\"caption\":\"Gon\u00e7alo Ferreira\"},\"image\":{\"@id\":\"https:\/\/www.goncalo.pt\/por\/#\/schema\/logo\/image\/\"},\"sameAs\":[\"http:\/\/www.linkedin.com\/in\/GoncaloPT\/\"]}]}<\/script>\n<!-- \/ Yoast SEO plugin. -->","yoast_head_json":{"title":"Projecto Mini Biblioteca Gr\u00e1fica com SDL2 para Aprendizagem e Ensino, em C++... - Gon\u00e7alo Ferreira","robots":{"index":"index","follow":"follow","max-snippet":"max-snippet:-1","max-image-preview":"max-image-preview:large","max-video-preview":"max-video-preview:-1"},"canonical":"https:\/\/www.goncalo.pt\/por\/projecto-mini-biblioteca-grafica-com-sdl2-para-aprendizagem-e-ensino-em-cpp\/","og_locale":"en_US","og_type":"article","og_title":"Projecto Mini Biblioteca Gr\u00e1fica com SDL2 para Aprendizagem e Ensino, em C++... - Gon\u00e7alo Ferreira","og_description":"Depois actualizo a p\u00e1gina, fa\u00e7am download do zip abaixo: Ou no GitHub que criei para o projecto, aqui: https:\/\/github.com\/goncaloferreira-com\/MiniGFX\/blob\/main\/LICENSE Descomprimam,","og_url":"https:\/\/www.goncalo.pt\/por\/projecto-mini-biblioteca-grafica-com-sdl2-para-aprendizagem-e-ensino-em-cpp\/","og_site_name":"Gon\u00e7alo Ferreira","article_modified_time":"2025-07-13T20:05:08+00:00","og_image":[{"width":1280,"height":720,"url":"https:\/\/www.goncalo.pt\/por\/wp-content\/uploads\/2025\/07\/MiniGFX-biblioteca-simplificada-de-graficos-em-Cpp-com-SDL.webp","type":"image\/webp"}],"twitter_card":"summary_large_image","twitter_misc":{"Est. reading time":"1 minute"},"schema":{"@context":"https:\/\/schema.org","@graph":[{"@type":"WebPage","@id":"https:\/\/www.goncalo.pt\/por\/projecto-mini-biblioteca-grafica-com-sdl2-para-aprendizagem-e-ensino-em-cpp\/","url":"https:\/\/www.goncalo.pt\/por\/projecto-mini-biblioteca-grafica-com-sdl2-para-aprendizagem-e-ensino-em-cpp\/","name":"Projecto Mini Biblioteca Gr\u00e1fica com SDL2 para Aprendizagem e Ensino, em C++... - Gon\u00e7alo Ferreira","isPartOf":{"@id":"https:\/\/www.goncalo.pt\/por\/#website"},"primaryImageOfPage":{"@id":"https:\/\/www.goncalo.pt\/por\/projecto-mini-biblioteca-grafica-com-sdl2-para-aprendizagem-e-ensino-em-cpp\/#primaryimage"},"image":{"@id":"https:\/\/www.goncalo.pt\/por\/projecto-mini-biblioteca-grafica-com-sdl2-para-aprendizagem-e-ensino-em-cpp\/#primaryimage"},"thumbnailUrl":"https:\/\/www.goncalo.pt\/por\/wp-content\/uploads\/2025\/07\/MiniGFX-biblioteca-simplificada-de-graficos-em-Cpp-com-SDL.webp","datePublished":"2025-07-11T15:29:14+00:00","dateModified":"2025-07-13T20:05:08+00:00","breadcrumb":{"@id":"https:\/\/www.goncalo.pt\/por\/projecto-mini-biblioteca-grafica-com-sdl2-para-aprendizagem-e-ensino-em-cpp\/#breadcrumb"},"inLanguage":"en-US","potentialAction":[{"@type":"ReadAction","target":["https:\/\/www.goncalo.pt\/por\/projecto-mini-biblioteca-grafica-com-sdl2-para-aprendizagem-e-ensino-em-cpp\/"]}]},{"@type":"ImageObject","inLanguage":"en-US","@id":"https:\/\/www.goncalo.pt\/por\/projecto-mini-biblioteca-grafica-com-sdl2-para-aprendizagem-e-ensino-em-cpp\/#primaryimage","url":"https:\/\/www.goncalo.pt\/por\/wp-content\/uploads\/2025\/07\/MiniGFX-biblioteca-simplificada-de-graficos-em-Cpp-com-SDL.webp","contentUrl":"https:\/\/www.goncalo.pt\/por\/wp-content\/uploads\/2025\/07\/MiniGFX-biblioteca-simplificada-de-graficos-em-Cpp-com-SDL.webp","width":1280,"height":720,"caption":"Projecto Mini Biblioteca Gr\u00e1fica com SDL2 para Aprendizagem e Ensino, em C++..."},{"@type":"BreadcrumbList","@id":"https:\/\/www.goncalo.pt\/por\/projecto-mini-biblioteca-grafica-com-sdl2-para-aprendizagem-e-ensino-em-cpp\/#breadcrumb","itemListElement":[{"@type":"ListItem","position":1,"name":"Home","item":"https:\/\/www.goncalo.pt\/por\/"},{"@type":"ListItem","position":2,"name":"Projecto Mini Biblioteca Gr\u00e1fica com SDL2 para Aprendizagem e Ensino, em C++&#8230;"}]},{"@type":"WebSite","@id":"https:\/\/www.goncalo.pt\/por\/#website","url":"https:\/\/www.goncalo.pt\/por\/","name":"Gon\u00e7alo Ferreira","description":"[Game Engine\/Software\/Simulation\/Trading Systems\/Full Stack] Developer, Musician, Composer, Painter, Writer, IT Trainer, Sys Admin, Ex-Trader, Skater, Strongman, Vegan, Self-Taught Neuro-Divergent Polymath, and 1001 things more. Welcome to my world!","publisher":{"@id":"https:\/\/www.goncalo.pt\/por\/#organization"},"potentialAction":[{"@type":"SearchAction","target":{"@type":"EntryPoint","urlTemplate":"https:\/\/www.goncalo.pt\/por\/?s={search_term_string}"},"query-input":{"@type":"PropertyValueSpecification","valueRequired":true,"valueName":"search_term_string"}}],"inLanguage":"en-US"},{"@type":"Organization","@id":"https:\/\/www.goncalo.pt\/por\/#organization","name":"Gon\u00e7alo Ferreira","url":"https:\/\/www.goncalo.pt\/por\/","logo":{"@type":"ImageObject","inLanguage":"en-US","@id":"https:\/\/www.goncalo.pt\/por\/#\/schema\/logo\/image\/","url":"https:\/\/www.goncalo.pt\/por\/wp-content\/uploads\/2023\/08\/cropped-Goncalo-Ferreira-Logo-With-Face.png","contentUrl":"https:\/\/www.goncalo.pt\/por\/wp-content\/uploads\/2023\/08\/cropped-Goncalo-Ferreira-Logo-With-Face.png","width":389,"height":90,"caption":"Gon\u00e7alo Ferreira"},"image":{"@id":"https:\/\/www.goncalo.pt\/por\/#\/schema\/logo\/image\/"},"sameAs":["http:\/\/www.linkedin.com\/in\/GoncaloPT\/"]}]}},"_links":{"self":[{"href":"https:\/\/www.goncalo.pt\/por\/wp-json\/wp\/v2\/pages\/4290"}],"collection":[{"href":"https:\/\/www.goncalo.pt\/por\/wp-json\/wp\/v2\/pages"}],"about":[{"href":"https:\/\/www.goncalo.pt\/por\/wp-json\/wp\/v2\/types\/page"}],"author":[{"embeddable":true,"href":"https:\/\/www.goncalo.pt\/por\/wp-json\/wp\/v2\/users\/1"}],"replies":[{"embeddable":true,"href":"https:\/\/www.goncalo.pt\/por\/wp-json\/wp\/v2\/comments?post=4290"}],"version-history":[{"count":5,"href":"https:\/\/www.goncalo.pt\/por\/wp-json\/wp\/v2\/pages\/4290\/revisions"}],"predecessor-version":[{"id":4306,"href":"https:\/\/www.goncalo.pt\/por\/wp-json\/wp\/v2\/pages\/4290\/revisions\/4306"}],"wp:featuredmedia":[{"embeddable":true,"href":"https:\/\/www.goncalo.pt\/por\/wp-json\/wp\/v2\/media\/4292"}],"wp:attachment":[{"href":"https:\/\/www.goncalo.pt\/por\/wp-json\/wp\/v2\/media?parent=4290"}],"curies":[{"name":"wp","href":"https:\/\/api.w.org\/{rel}","templated":true}]}}