{"id":738,"date":"2021-04-13T01:46:17","date_gmt":"2021-04-13T01:46:17","guid":{"rendered":"http:\/\/www.goncalo.pt\/por\/?page_id=738"},"modified":"2023-10-30T01:08:59","modified_gmt":"2023-10-30T01:08:59","slug":"musicas-que-compus","status":"publish","type":"page","link":"https:\/\/www.goncalo.pt\/por\/musicas-que-compus\/","title":{"rendered":"M\u00fasicas que Compus"},"content":{"rendered":"\n<p>Aqui s\u00f3 deixarei 5 ou 6 m\u00fasicas de v\u00e1rios estilos e apenas as que criei em 2017 pois s\u00e3o as \u00fanicas que coloquei online, desde m\u00fasicas para jogos, psicad\u00e9licas, e outras.<\/p>\n\n\n\n<p>Primeiro, come\u00e7ando com m\u00fasicas que criei para os meus videojogos, vamos ver a &#8220;Game On I&#8221;, ao estilo dos mod trackers dos anos 90:<\/p>\n\n\n\n<figure class=\"wp-block-embed is-type-video is-provider-youtube wp-block-embed-youtube wp-embed-aspect-16-9 wp-has-aspect-ratio\"><div class=\"wp-block-embed__wrapper\">\n<iframe loading=\"lazy\" title=\"GMF - &quot;GAME ON I&quot; - Tracker Mode View - A Pauta Musical no Estilo dos Trackers (S\u00f3 1 Sample Ainda)\" width=\"800\" height=\"450\" src=\"https:\/\/www.youtube.com\/embed\/g8Kt9TrGlrU?list=PLswCft9xAHt9AAf81r1odbyMzsx-220dI\" frameborder=\"0\" allow=\"accelerometer; autoplay; clipboard-write; encrypted-media; gyroscope; picture-in-picture\" allowfullscreen><\/iframe>\n<\/div><\/figure>\n\n\n\n<p>Antes de voltarmos \u00e0s m\u00fasicas de videojogos, deixo uma mais tranquila, dedicada \u00e0 s\u00e9rie Highlander neste videoclip que fiz com montagens do filme:<\/p>\n\n\n\n<figure class=\"wp-block-embed is-type-video is-provider-youtube wp-block-embed-youtube wp-embed-aspect-16-9 wp-has-aspect-ratio\"><div class=\"wp-block-embed__wrapper\">\n<iframe loading=\"lazy\" title=\"GMF - To Live With Passion - Tribute to Highlander\" width=\"800\" height=\"450\" src=\"https:\/\/www.youtube.com\/embed\/8yiyo3rLBTA?list=PLswCft9xAHt9AAf81r1odbyMzsx-220dI\" frameborder=\"0\" allow=\"accelerometer; autoplay; clipboard-write; encrypted-media; gyroscope; picture-in-picture\" allowfullscreen><\/iframe>\n<\/div><\/figure>\n\n\n\n<p>Antes de passar a uma psicad\u00e9lica, fica outra que criei para os meus videojogos, a &#8220;Game On II&#8221;:<\/p>\n\n\n\n<figure class=\"wp-block-embed is-type-video is-provider-youtube wp-block-embed-youtube wp-embed-aspect-4-3 wp-has-aspect-ratio\"><div class=\"wp-block-embed__wrapper\">\n<iframe loading=\"lazy\" title=\"&quot;Game On II&quot; - First Steps Into Gaming Music and Trance\" width=\"800\" height=\"600\" src=\"https:\/\/www.youtube.com\/embed\/dMwRbbROEYU?list=PLswCft9xAHt9AAf81r1odbyMzsx-220dI\" frameborder=\"0\" allow=\"accelerometer; autoplay; clipboard-write; encrypted-media; gyroscope; picture-in-picture\" allowfullscreen><\/iframe>\n<\/div><\/figure>\n\n\n\n<p>Agora uma psicad\u00e9lica, 100% improvisada (como a do Highlander acima), mas esta bem mais introspectiva e psicad\u00e9lica. Adoro a parte do minuto 3h20 por exemplo. Esta m\u00fasica \u00e9 espectacular para adormecer! E o nome &#8220;God&#8217;s Channel&#8221;, se a ouvirem acho  que compreender\u00e3o porqu\u00ea&#8230;<\/p>\n\n\n\n<p>Notem que a imagem de &#8220;capa&#8221; do v\u00eddeo, \u00e9 uma das minhas obras digitais, chamei-lhe de &#8220;Quantum Entanglement&#8221;. Mas o importante nesta p\u00e1gina s\u00e3o as m\u00fasicas, por isso aqui vai. Aten\u00e7\u00e3o que n\u00e3o \u00e9 f\u00e1cil gostar dela, \u00e9 muito abstracta e introspectiva, al\u00e9m de psicad\u00e9lica:<\/p>\n\n\n\n<figure class=\"wp-block-embed is-type-video is-provider-youtube wp-block-embed-youtube wp-embed-aspect-4-3 wp-has-aspect-ratio\"><div class=\"wp-block-embed__wrapper\">\n<iframe loading=\"lazy\" title=\"GMF - God&#039;s Channel\" width=\"800\" height=\"600\" src=\"https:\/\/www.youtube.com\/embed\/ig5u2KAsrc4?list=PLswCft9xAHt9AAf81r1odbyMzsx-220dI\" frameborder=\"0\" allow=\"accelerometer; autoplay; clipboard-write; encrypted-media; gyroscope; picture-in-picture\" allowfullscreen><\/iframe>\n<\/div><\/figure>\n\n\n\n<p>Esta aqui, criei a pensar em poss\u00edveis jogos que crie com robots, da\u00ed o nome Intellisense:<\/p>\n\n\n\n<figure class=\"wp-block-embed is-type-video is-provider-youtube wp-block-embed-youtube wp-embed-aspect-4-3 wp-has-aspect-ratio\"><div class=\"wp-block-embed__wrapper\">\n<iframe loading=\"lazy\" title=\"GMF - &quot;Intellisense&quot; - Outra M\u00fasica Criada Para Os Meus Jogos\" width=\"800\" height=\"600\" src=\"https:\/\/www.youtube.com\/embed\/1X0w4xtOP2w?list=PLswCft9xAHt9AAf81r1odbyMzsx-220dI\" frameborder=\"0\" allow=\"accelerometer; autoplay; clipboard-write; encrypted-media; gyroscope; picture-in-picture\" allowfullscreen><\/iframe>\n<\/div><\/figure>\n\n\n\n<p>Esta foi criada a pensar em poss\u00edveis passagens de n\u00edveis em videojogos ou aventuras gr\u00e1ficas, \u00e9 mais Zen:<\/p>\n\n\n\n<figure class=\"wp-block-embed is-type-video is-provider-youtube wp-block-embed-youtube wp-embed-aspect-4-3 wp-has-aspect-ratio\"><div class=\"wp-block-embed__wrapper\">\n<iframe loading=\"lazy\" title=\"GMF - \u00abNot Buddha&#039;s Fault\u00bb\" width=\"800\" height=\"600\" src=\"https:\/\/www.youtube.com\/embed\/CPjIoi3tIb8?list=PLswCft9xAHt9AAf81r1odbyMzsx-220dI\" frameborder=\"0\" allow=\"accelerometer; autoplay; clipboard-write; encrypted-media; gyroscope; picture-in-picture\" allowfullscreen><\/iframe>\n<\/div><\/figure>\n\n\n\n<p>S\u00f3 por curiosidade, deixo aqui a primeira vez que toquei num sintetizador. Quando comprei um, experimentei dar umas notas, e foi isto que saiu. Nem sei como me sa\u00edam as notas, \u00e9 por isso que criei v\u00e1rias m\u00fasicas acima de forma 100% improvisada, n\u00e3o sei explicar como o fa\u00e7o, simplesmente fa\u00e7o.<\/p>\n\n\n\n<p>Esta foi uma mera experi\u00eancia de notas ao calhas, mas at\u00e9 nem ficou mal\u2026<\/p>\n\n\n\n<figure class=\"wp-block-embed is-type-video is-provider-youtube wp-block-embed-youtube wp-embed-aspect-4-3 wp-has-aspect-ratio\"><div class=\"wp-block-embed__wrapper\">\n<iframe loading=\"lazy\" title=\"2017-01-11 - Random Notes I - Um improviso nos meus primeiros dias\" width=\"800\" height=\"600\" src=\"https:\/\/www.youtube.com\/embed\/FLiBpGdjOp4?list=PLswCft9xAHt9AAf81r1odbyMzsx-220dI\" frameborder=\"0\" allow=\"accelerometer; autoplay; clipboard-write; encrypted-media; gyroscope; picture-in-picture\" allowfullscreen><\/iframe>\n<\/div><\/figure>\n\n\n\n<p>Para verem como eu gostava de adormecer ao som desta m\u00fasica, vejam a mistura que fiz, da &#8220;God&#8217;s Channel&#8221;, com o som da chuva, adorava adormecer ao som disto. \ud83d\ude42<\/p>\n\n\n\n<figure class=\"wp-block-embed is-type-video is-provider-youtube wp-block-embed-youtube wp-embed-aspect-4-3 wp-has-aspect-ratio\"><div class=\"wp-block-embed__wrapper\">\n<iframe loading=\"lazy\" title=\"Sleep Music With Rain - GMF - God&#039;s Channel\" width=\"800\" height=\"600\" src=\"https:\/\/www.youtube.com\/embed\/-Fi39KK1J7w?list=PLswCft9xAHt9AAf81r1odbyMzsx-220dI\" frameborder=\"0\" allow=\"accelerometer; autoplay; clipboard-write; encrypted-media; gyroscope; picture-in-picture\" allowfullscreen><\/iframe>\n<\/div><\/figure>\n\n\n\n<p>S\u00e3o apenas algumas m\u00fasicas que criei. Naquele m\u00eas em que comprei o sintetizador, percebi que criava m\u00fasicas facilmente, perdi algumas horitas de vez em quando a criar algumas, tenho umas 20 ou 30, publiquei umas 6 ou 7 apenas, de v\u00e1rios estilos.<\/p>\n\n\n\n<p>Um dia quando tenha tempo volto a pegar nele e criar m\u00fasica e coloco-as aqui.<\/p>\n\n\n\n<p>At\u00e9 l\u00e1, ficam estas aqui para exemplo. \ud83d\ude42<\/p>\n","protected":false},"excerpt":{"rendered":"<p>Aqui s\u00f3 deixarei 5 ou 6 m\u00fasicas de v\u00e1rios estilos e apenas as que criei em 2017 pois s\u00e3o as<\/p>\n","protected":false},"author":1,"featured_media":760,"parent":0,"menu_order":0,"comment_status":"closed","ping_status":"closed","template":"","meta":{"footnotes":""},"class_list":["post-738","page","type-page","status-publish","has-post-thumbnail","hentry"],"yoast_head":"<!-- This site is optimized with the Yoast SEO plugin v25.4 - https:\/\/yoast.com\/wordpress\/plugins\/seo\/ -->\n<title>M\u00fasicas que Compus - Gon\u00e7alo Ferreira<\/title>\n<meta name=\"robots\" content=\"index, follow, max-snippet:-1, max-image-preview:large, max-video-preview:-1\" \/>\n<link rel=\"canonical\" href=\"https:\/\/www.goncalo.pt\/por\/musicas-que-compus\/\" \/>\n<meta property=\"og:locale\" content=\"en_US\" \/>\n<meta property=\"og:type\" content=\"article\" \/>\n<meta property=\"og:title\" content=\"M\u00fasicas que Compus - Gon\u00e7alo Ferreira\" \/>\n<meta property=\"og:description\" content=\"Aqui s\u00f3 deixarei 5 ou 6 m\u00fasicas de v\u00e1rios estilos e apenas as que criei em 2017 pois s\u00e3o as\" \/>\n<meta property=\"og:url\" content=\"https:\/\/www.goncalo.pt\/por\/musicas-que-compus\/\" \/>\n<meta property=\"og:site_name\" content=\"Gon\u00e7alo Ferreira\" \/>\n<meta property=\"article:modified_time\" content=\"2023-10-30T01:08:59+00:00\" \/>\n<meta property=\"og:image\" content=\"https:\/\/www.goncalo.pt\/por\/wp-content\/uploads\/2021\/04\/Goncalo-Ferreira-Musics-I-Composed.png\" \/>\n\t<meta property=\"og:image:width\" content=\"800\" \/>\n\t<meta property=\"og:image:height\" content=\"600\" \/>\n\t<meta property=\"og:image:type\" content=\"image\/png\" \/>\n<meta name=\"twitter:card\" content=\"summary_large_image\" \/>\n<meta name=\"twitter:label1\" content=\"Est. reading time\" \/>\n\t<meta name=\"twitter:data1\" content=\"2 minutes\" \/>\n<script type=\"application\/ld+json\" class=\"yoast-schema-graph\">{\"@context\":\"https:\/\/schema.org\",\"@graph\":[{\"@type\":\"WebPage\",\"@id\":\"https:\/\/www.goncalo.pt\/por\/musicas-que-compus\/\",\"url\":\"https:\/\/www.goncalo.pt\/por\/musicas-que-compus\/\",\"name\":\"M\u00fasicas que Compus - Gon\u00e7alo Ferreira\",\"isPartOf\":{\"@id\":\"https:\/\/www.goncalo.pt\/por\/#website\"},\"primaryImageOfPage\":{\"@id\":\"https:\/\/www.goncalo.pt\/por\/musicas-que-compus\/#primaryimage\"},\"image\":{\"@id\":\"https:\/\/www.goncalo.pt\/por\/musicas-que-compus\/#primaryimage\"},\"thumbnailUrl\":\"https:\/\/www.goncalo.pt\/por\/wp-content\/uploads\/2021\/04\/Goncalo-Ferreira-Musics-I-Composed.png\",\"datePublished\":\"2021-04-13T01:46:17+00:00\",\"dateModified\":\"2023-10-30T01:08:59+00:00\",\"breadcrumb\":{\"@id\":\"https:\/\/www.goncalo.pt\/por\/musicas-que-compus\/#breadcrumb\"},\"inLanguage\":\"en-US\",\"potentialAction\":[{\"@type\":\"ReadAction\",\"target\":[\"https:\/\/www.goncalo.pt\/por\/musicas-que-compus\/\"]}]},{\"@type\":\"ImageObject\",\"inLanguage\":\"en-US\",\"@id\":\"https:\/\/www.goncalo.pt\/por\/musicas-que-compus\/#primaryimage\",\"url\":\"https:\/\/www.goncalo.pt\/por\/wp-content\/uploads\/2021\/04\/Goncalo-Ferreira-Musics-I-Composed.png\",\"contentUrl\":\"https:\/\/www.goncalo.pt\/por\/wp-content\/uploads\/2021\/04\/Goncalo-Ferreira-Musics-I-Composed.png\",\"width\":800,\"height\":600,\"caption\":\"M\u00fasicas que compus...\"},{\"@type\":\"BreadcrumbList\",\"@id\":\"https:\/\/www.goncalo.pt\/por\/musicas-que-compus\/#breadcrumb\",\"itemListElement\":[{\"@type\":\"ListItem\",\"position\":1,\"name\":\"Home\",\"item\":\"https:\/\/www.goncalo.pt\/por\/\"},{\"@type\":\"ListItem\",\"position\":2,\"name\":\"M\u00fasicas que Compus\"}]},{\"@type\":\"WebSite\",\"@id\":\"https:\/\/www.goncalo.pt\/por\/#website\",\"url\":\"https:\/\/www.goncalo.pt\/por\/\",\"name\":\"Gon\u00e7alo Ferreira\",\"description\":\"[Game Engine\/Software\/Simulation\/Trading Systems\/Full Stack] Developer, Musician, Composer, Painter, Writer, IT Trainer, Sys Admin, Ex-Trader, Skater, Strongman, Vegan, Self-Taught Neuro-Divergent Polymath, and 1001 things more. Welcome to my world!\",\"publisher\":{\"@id\":\"https:\/\/www.goncalo.pt\/por\/#organization\"},\"potentialAction\":[{\"@type\":\"SearchAction\",\"target\":{\"@type\":\"EntryPoint\",\"urlTemplate\":\"https:\/\/www.goncalo.pt\/por\/?s={search_term_string}\"},\"query-input\":{\"@type\":\"PropertyValueSpecification\",\"valueRequired\":true,\"valueName\":\"search_term_string\"}}],\"inLanguage\":\"en-US\"},{\"@type\":\"Organization\",\"@id\":\"https:\/\/www.goncalo.pt\/por\/#organization\",\"name\":\"Gon\u00e7alo Ferreira\",\"url\":\"https:\/\/www.goncalo.pt\/por\/\",\"logo\":{\"@type\":\"ImageObject\",\"inLanguage\":\"en-US\",\"@id\":\"https:\/\/www.goncalo.pt\/por\/#\/schema\/logo\/image\/\",\"url\":\"https:\/\/www.goncalo.pt\/por\/wp-content\/uploads\/2023\/08\/cropped-Goncalo-Ferreira-Logo-With-Face.png\",\"contentUrl\":\"https:\/\/www.goncalo.pt\/por\/wp-content\/uploads\/2023\/08\/cropped-Goncalo-Ferreira-Logo-With-Face.png\",\"width\":389,\"height\":90,\"caption\":\"Gon\u00e7alo Ferreira\"},\"image\":{\"@id\":\"https:\/\/www.goncalo.pt\/por\/#\/schema\/logo\/image\/\"},\"sameAs\":[\"http:\/\/www.linkedin.com\/in\/GoncaloPT\/\"]}]}<\/script>\n<!-- \/ Yoast SEO plugin. -->","yoast_head_json":{"title":"M\u00fasicas que Compus - Gon\u00e7alo Ferreira","robots":{"index":"index","follow":"follow","max-snippet":"max-snippet:-1","max-image-preview":"max-image-preview:large","max-video-preview":"max-video-preview:-1"},"canonical":"https:\/\/www.goncalo.pt\/por\/musicas-que-compus\/","og_locale":"en_US","og_type":"article","og_title":"M\u00fasicas que Compus - Gon\u00e7alo Ferreira","og_description":"Aqui s\u00f3 deixarei 5 ou 6 m\u00fasicas de v\u00e1rios estilos e apenas as que criei em 2017 pois s\u00e3o as","og_url":"https:\/\/www.goncalo.pt\/por\/musicas-que-compus\/","og_site_name":"Gon\u00e7alo Ferreira","article_modified_time":"2023-10-30T01:08:59+00:00","og_image":[{"width":800,"height":600,"url":"https:\/\/www.goncalo.pt\/por\/wp-content\/uploads\/2021\/04\/Goncalo-Ferreira-Musics-I-Composed.png","type":"image\/png"}],"twitter_card":"summary_large_image","twitter_misc":{"Est. reading time":"2 minutes"},"schema":{"@context":"https:\/\/schema.org","@graph":[{"@type":"WebPage","@id":"https:\/\/www.goncalo.pt\/por\/musicas-que-compus\/","url":"https:\/\/www.goncalo.pt\/por\/musicas-que-compus\/","name":"M\u00fasicas que Compus - Gon\u00e7alo Ferreira","isPartOf":{"@id":"https:\/\/www.goncalo.pt\/por\/#website"},"primaryImageOfPage":{"@id":"https:\/\/www.goncalo.pt\/por\/musicas-que-compus\/#primaryimage"},"image":{"@id":"https:\/\/www.goncalo.pt\/por\/musicas-que-compus\/#primaryimage"},"thumbnailUrl":"https:\/\/www.goncalo.pt\/por\/wp-content\/uploads\/2021\/04\/Goncalo-Ferreira-Musics-I-Composed.png","datePublished":"2021-04-13T01:46:17+00:00","dateModified":"2023-10-30T01:08:59+00:00","breadcrumb":{"@id":"https:\/\/www.goncalo.pt\/por\/musicas-que-compus\/#breadcrumb"},"inLanguage":"en-US","potentialAction":[{"@type":"ReadAction","target":["https:\/\/www.goncalo.pt\/por\/musicas-que-compus\/"]}]},{"@type":"ImageObject","inLanguage":"en-US","@id":"https:\/\/www.goncalo.pt\/por\/musicas-que-compus\/#primaryimage","url":"https:\/\/www.goncalo.pt\/por\/wp-content\/uploads\/2021\/04\/Goncalo-Ferreira-Musics-I-Composed.png","contentUrl":"https:\/\/www.goncalo.pt\/por\/wp-content\/uploads\/2021\/04\/Goncalo-Ferreira-Musics-I-Composed.png","width":800,"height":600,"caption":"M\u00fasicas que compus..."},{"@type":"BreadcrumbList","@id":"https:\/\/www.goncalo.pt\/por\/musicas-que-compus\/#breadcrumb","itemListElement":[{"@type":"ListItem","position":1,"name":"Home","item":"https:\/\/www.goncalo.pt\/por\/"},{"@type":"ListItem","position":2,"name":"M\u00fasicas que Compus"}]},{"@type":"WebSite","@id":"https:\/\/www.goncalo.pt\/por\/#website","url":"https:\/\/www.goncalo.pt\/por\/","name":"Gon\u00e7alo Ferreira","description":"[Game Engine\/Software\/Simulation\/Trading Systems\/Full Stack] Developer, Musician, Composer, Painter, Writer, IT Trainer, Sys Admin, Ex-Trader, Skater, Strongman, Vegan, Self-Taught Neuro-Divergent Polymath, and 1001 things more. Welcome to my world!","publisher":{"@id":"https:\/\/www.goncalo.pt\/por\/#organization"},"potentialAction":[{"@type":"SearchAction","target":{"@type":"EntryPoint","urlTemplate":"https:\/\/www.goncalo.pt\/por\/?s={search_term_string}"},"query-input":{"@type":"PropertyValueSpecification","valueRequired":true,"valueName":"search_term_string"}}],"inLanguage":"en-US"},{"@type":"Organization","@id":"https:\/\/www.goncalo.pt\/por\/#organization","name":"Gon\u00e7alo Ferreira","url":"https:\/\/www.goncalo.pt\/por\/","logo":{"@type":"ImageObject","inLanguage":"en-US","@id":"https:\/\/www.goncalo.pt\/por\/#\/schema\/logo\/image\/","url":"https:\/\/www.goncalo.pt\/por\/wp-content\/uploads\/2023\/08\/cropped-Goncalo-Ferreira-Logo-With-Face.png","contentUrl":"https:\/\/www.goncalo.pt\/por\/wp-content\/uploads\/2023\/08\/cropped-Goncalo-Ferreira-Logo-With-Face.png","width":389,"height":90,"caption":"Gon\u00e7alo Ferreira"},"image":{"@id":"https:\/\/www.goncalo.pt\/por\/#\/schema\/logo\/image\/"},"sameAs":["http:\/\/www.linkedin.com\/in\/GoncaloPT\/"]}]}},"_links":{"self":[{"href":"https:\/\/www.goncalo.pt\/por\/wp-json\/wp\/v2\/pages\/738"}],"collection":[{"href":"https:\/\/www.goncalo.pt\/por\/wp-json\/wp\/v2\/pages"}],"about":[{"href":"https:\/\/www.goncalo.pt\/por\/wp-json\/wp\/v2\/types\/page"}],"author":[{"embeddable":true,"href":"https:\/\/www.goncalo.pt\/por\/wp-json\/wp\/v2\/users\/1"}],"replies":[{"embeddable":true,"href":"https:\/\/www.goncalo.pt\/por\/wp-json\/wp\/v2\/comments?post=738"}],"version-history":[{"count":1,"href":"https:\/\/www.goncalo.pt\/por\/wp-json\/wp\/v2\/pages\/738\/revisions"}],"predecessor-version":[{"id":748,"href":"https:\/\/www.goncalo.pt\/por\/wp-json\/wp\/v2\/pages\/738\/revisions\/748"}],"wp:featuredmedia":[{"embeddable":true,"href":"https:\/\/www.goncalo.pt\/por\/wp-json\/wp\/v2\/media\/760"}],"wp:attachment":[{"href":"https:\/\/www.goncalo.pt\/por\/wp-json\/wp\/v2\/media?parent=738"}],"curies":[{"name":"wp","href":"https:\/\/api.w.org\/{rel}","templated":true}]}}