{"id":822,"date":"2021-04-14T05:10:52","date_gmt":"2021-04-14T05:10:52","guid":{"rendered":"http:\/\/www.goncalo.pt\/por\/?page_id=822"},"modified":"2023-10-30T01:08:59","modified_gmt":"2023-10-30T01:08:59","slug":"projecto-gfx-trading","status":"publish","type":"page","link":"https:\/\/www.goncalo.pt\/por\/projecto-gfx-trading\/","title":{"rendered":"Projecto GFX-Trading"},"content":{"rendered":"\n<p>Aqui vou falar do mais conhecido dos meus sistemas de trading, bem como um website que serviu de experi\u00eancia para o mesmo, e at\u00e9 um software de servidor e cliente que criei em 2004 para que os utilizadores vissem os seus computadores a dar ordens nos mercados cambiais de forma 100% automatizada sem qualquer interven\u00e7\u00e3o humana, o ainda existente mas abandonado h\u00e1 quase 15 anos <a href=\"http:\/\/www.gfx-trading.com\/\" target=\"_blank\" rel=\"noreferrer noopener\">http:\/\/www.gfx-trading.com\/<\/a>.<\/p>\n\n\n\n<p>Aten\u00e7\u00e3o que h\u00e1 milhares de coisas chamadas de &#8220;GFX-Trading&#8221; pela Internet, que n\u00e3o t\u00eam nada a ver com isto. Este refere-se ao sistema que operou entre 2005-2007, e que est\u00e1 no dom\u00ednio acima. H\u00e1 1001 outras coisas, cursos, sites, v\u00eddeos, etc, que n\u00e3o t\u00eam nada a ver com isto, e que usam nomes parecidos.<\/p>\n\n\n\n<p>Eu comecei j\u00e1 no ano de 2002\/2003 a criar sistemas de trading mec\u00e2nicos, para investirem de forma 100% automatizada nos mercados financeiros. Abaixo podem ver o exemplo de um em funcionamento, junto com os seus lucros.<\/p>\n\n\n\n<div class=\"wp-block-image\"><figure class=\"aligncenter size-large\"><img loading=\"lazy\" decoding=\"async\" width=\"820\" height=\"361\" src=\"http:\/\/www.goncalo.pt\/por\/wp-content\/uploads\/2021\/04\/GFX-Trading-System-on-Screen-on-Metatrader.gif\" alt=\"GFX-Trading G-System Profits On Screen on Metatrader\" class=\"wp-image-830\"\/><figcaption>GFX-Trading G-System Profits On Screen on Metatrader<\/figcaption><\/figure><\/div>\n\n\n\n<p>Eu tenho um v\u00eddeo no fim a explicar o que criei na altura e como tudo funcionava.<\/p>\n\n\n\n<p>Mas de forma muito resumida, posso dizer que tornei um dos sistemas de trading p\u00fablicos, para que todos vissem os seus sinais, como experi\u00eancia, para ter feedback dos utilizadores, para saber se era bom segundo a sua opini\u00e3o.<\/p>\n\n\n\n<p>Na altura tinha o BolsaPT em baixo, e fiz a partilha no f\u00f3rum do Pedro Miranda, o ClubeInvest.<\/p>\n\n\n\n<p>O feedback foi bom, apesar de n\u00e3o ter sido um m\u00eas perfeito.<\/p>\n\n\n\n<p>Mas um amigo meu falou-me que s\u00f3 poderia saber se o sistema era realmente bom se as pessoas pagassem bem por ele e continuassem a pagar.<\/p>\n\n\n\n<p>Quis ter a certeza, por isso tratei de criar um site para o efeito, para o divulgar, um servidor para receber sinais da minha m\u00e1quina e envi\u00e1-los para a m\u00e1quina do cliente, e outra aplica\u00e7\u00e3o para o cliente ver a sua conta ser operada de forma 100% automatizada com base no sistema, e encontrar amigos que quisessem gerir tudo e fazer algum lucro. Algo que funcionasse como no esquema abaixo, criado na altura para o exemplificar:<\/p>\n\n\n\n<div class=\"wp-block-image\"><figure class=\"aligncenter size-large\"><img loading=\"lazy\" decoding=\"async\" width=\"520\" height=\"370\" src=\"http:\/\/www.goncalo.pt\/por\/wp-content\/uploads\/2021\/04\/GFX-Trading-Client-Server-Diagram.gif\" alt=\"GFX-Trading Server-Client Diagram\" class=\"wp-image-826\"\/><figcaption>GFX-Trading Server-Client Diagram<\/figcaption><\/figure><\/div>\n\n\n\n<p>Como n\u00e3o podia deixar a f\u00f3rmula nas m\u00e3os deles, tratei de criar a aplica\u00e7\u00e3o servidor em casa, que operava na minha m\u00e1quina, sacando cota\u00e7\u00f5es da Internet, calculando as ordens com base nas mesmas, e enviando para o servidor do meu hosting de Internet.<\/p>\n\n\n\n<p>L\u00e1 no hosting, tinha outro servidor que n\u00e3o s\u00f3 recebia os sinais, como os fornecia a todos os clientes l\u00e1 autenticados.<\/p>\n\n\n\n<p>E cada cliente tinha uma aplica\u00e7\u00e3o para receber sinais desse servidor, e interagir com a sua corretora, normalmente corretoras com interface Metatrader (linguagem de programa\u00e7\u00e3o MQL4), como a Alpari na \u00e9poca, e mandar executar as ordens.<\/p>\n\n\n\n<p>Desta forma, o sistema funcionava de forma 100% automatizada, eu n\u00e3o tinha de fazer nada, os amigos podiam gerir o site, e os clientes tinham as ordens dadas sem fazer absolutamente nada.<\/p>\n\n\n\n<p>Na imagem abaixo podem ver os ganhos no fundo do gr\u00e1fico em percentagem, junto com a entrada de cada ordem a cada momento, para se medir bem os lucros ou prejuizos actuais:<\/p>\n\n\n\n<div class=\"wp-block-image\"><figure class=\"aligncenter size-large\"><img loading=\"lazy\" decoding=\"async\" width=\"1024\" height=\"523\" src=\"http:\/\/www.goncalo.pt\/por\/wp-content\/uploads\/2021\/04\/GFX-Trading-Performance-Charts-on-Metatrader-1024x523.gif\" alt=\"GFX-Trading Performance Charts on Metatrader\" class=\"wp-image-829\" srcset=\"https:\/\/www.goncalo.pt\/por\/wp-content\/uploads\/2021\/04\/GFX-Trading-Performance-Charts-on-Metatrader-1024x523.gif?v=1618375402 1024w, https:\/\/www.goncalo.pt\/por\/wp-content\/uploads\/2021\/04\/GFX-Trading-Performance-Charts-on-Metatrader-300x153.gif?v=1618375402 300w, https:\/\/www.goncalo.pt\/por\/wp-content\/uploads\/2021\/04\/GFX-Trading-Performance-Charts-on-Metatrader-768x392.gif?v=1618375402 768w\" sizes=\"(max-width: 1024px) 100vw, 1024px\" \/><figcaption>GFX-Trading Performance Charts on Metatrader<\/figcaption><\/figure><\/div>\n\n\n\n<p>Um deles era invisual do Brasil e adorava o sistema e agradecia pelo mesmo.<\/p>\n\n\n\n<p>O meu objectivo era assim que poss\u00edvel torn\u00e1-lo gratuito e parar os pre\u00e7os, mas nem todos eram a favor, a dada altura subi para uns 300\u20ac ao m\u00eas para ver se ainda pagavam, e eles pagaram e diziam que pagariam mais se fosse preciso.<\/p>\n\n\n\n<p>Decidi ent\u00e3o parar tudo pois j\u00e1 sabia que o sistema era confirmadamente bom.<\/p>\n\n\n\n<p>O utilizador invisual do Brasil falou tal como outros que n\u00e3o parasse, que fazia muito dinheiro com ele, e que pagaria muito mais se fosse preciso. Abaixo podem ver exemplo de ganhos em pips.<\/p>\n\n\n\n<div class=\"wp-block-image\"><figure class=\"aligncenter size-large\"><img loading=\"lazy\" decoding=\"async\" width=\"1024\" height=\"549\" src=\"http:\/\/www.goncalo.pt\/por\/wp-content\/uploads\/2021\/04\/GFX-Trading-Performance-in-Pips-on-EURUSD-1024x549.gif\" alt=\"GFX-Trading Performance in Pips\" class=\"wp-image-827\" srcset=\"https:\/\/www.goncalo.pt\/por\/wp-content\/uploads\/2021\/04\/GFX-Trading-Performance-in-Pips-on-EURUSD-1024x549.gif?v=1618375628 1024w, https:\/\/www.goncalo.pt\/por\/wp-content\/uploads\/2021\/04\/GFX-Trading-Performance-in-Pips-on-EURUSD-300x161.gif?v=1618375628 300w, https:\/\/www.goncalo.pt\/por\/wp-content\/uploads\/2021\/04\/GFX-Trading-Performance-in-Pips-on-EURUSD-768x412.gif?v=1618375628 768w\" sizes=\"(max-width: 1024px) 100vw, 1024px\" \/><figcaption>GFX-Trading Performance in Pips<\/figcaption><\/figure><\/div>\n\n\n\n<p>Eu referi que um dia iria dar a f\u00f3rmula dele para todos usarem, e meti essa mensagem no site, e isto l\u00e1 para 2006 ou 2007.<\/p>\n\n\n\n<p>Infelizmente com tanta falta de tempo nunca mais o fiz. \ud83d\ude41<\/p>\n\n\n\n<p>L\u00e1 para 2010\/2011, comecei a criar o MMAT, um programa que colocarei noutra p\u00e1gina deste site, que serviria para fazer backtesting dos sistemas a muitos activos financeiros, para depois dar ao p\u00fablico com manuais, provas de ganhos, etc.<\/p>\n\n\n\n<p>Deixei a meio e at\u00e9 2020 nunca mais fiz nada.<\/p>\n\n\n\n<p>Em 2020 retomei o projecto, que poder\u00e3o consultar na p\u00e1gina dos Trading Systems de 2020, e \u00e9 esse o projecto que finalmente me far\u00e1 dar tudo a todos, as f\u00f3rmulas do sistema.<\/p>\n\n\n\n<p>Levou tempo, mas farei. \ud83d\ude42<\/p>\n\n\n\n<p>Antes de partilhar um v\u00eddeo sobre o mesmo, deixo um post antigo do Facebook em que falo do sistema em quest\u00e3o e onde podem ver (tamb\u00e9m pela imagem), como eu testava os sistemas de trading que criava l\u00e1 para 2004\/2005:<\/p>\n\n\n\n<figure class=\"wp-block-image size-large\"><img loading=\"lazy\" decoding=\"async\" width=\"1024\" height=\"574\" src=\"http:\/\/www.goncalo.pt\/por\/wp-content\/uploads\/2021\/04\/trading-1119854_10151796239948850_1750832470_o-1024x574.jpg\" alt=\"\" class=\"wp-image-1017\" srcset=\"https:\/\/www.goncalo.pt\/por\/wp-content\/uploads\/2021\/04\/trading-1119854_10151796239948850_1750832470_o-1024x574.jpg?v=1631288672 1024w, https:\/\/www.goncalo.pt\/por\/wp-content\/uploads\/2021\/04\/trading-1119854_10151796239948850_1750832470_o-300x168.jpg?v=1631288672 300w, https:\/\/www.goncalo.pt\/por\/wp-content\/uploads\/2021\/04\/trading-1119854_10151796239948850_1750832470_o-768x430.jpg?v=1631288672 768w, https:\/\/www.goncalo.pt\/por\/wp-content\/uploads\/2021\/04\/trading-1119854_10151796239948850_1750832470_o.jpg?v=1631288672 1280w\" sizes=\"(max-width: 1024px) 100vw, 1024px\" \/><\/figure>\n\n\n\n<p>\u00ab2005 &#8211; Trading Systems (Sistemas de Trading Mec\u00e2nicos)&#8230;<\/p>\n\n\n\n<p>H\u00e1 muita coisa que fiz no passado e quase ningu\u00e9m sabe e este \u00e1lbum foi para dar a conhecer alguns desses trabalhos.<\/p>\n\n\n\n<p>Como h\u00e1 uma ou duas semanas vi uma reportagem na Sic Not\u00edcia sobre robot-traders que estavam agora a vingar nos mercados, lembrei-me que eu j\u00e1 tive a ideia de os criar h\u00e1 mais de 10 anos, e resolvi em 1\u00ba lugar dar um exemplo de um deles, mais tarde de um website.<\/p>\n\n\n\n<p>Dizem que 90% das pessoas perdem $ na Bolsa, outros 5% mant\u00eam-se sem grandes perdas, 4% ganham muito e 1% ficam ricos.<\/p>\n\n\n\n<p>N\u00e3o seria perfeito ter m\u00e1quinas de ovos de ouro, que investem por n\u00f3s e fazem $ sozinhas? O problema \u00e9 que essas m\u00e1quinas teriam de ser melhores (o termo inteligente aqui \u00e9 errado mas digamos que mais &#8220;inteligentes&#8221;) que 99% dos traders, e quem investe n\u00e3o costuma ser uma pessoa burra.<\/p>\n\n\n\n<p>Logo, como fazer um sistema que bate 99% das pessoas experimentadas no trading?<\/p>\n\n\n\n<p>1\u00ba Os melhores traders, o percentil topo 1%, n\u00e3o sabe no geral programar bem ou dar-se ao trabalho de o fazer.<\/p>\n\n\n\n<p>2\u00ba &#8211; Os bons programadores, ou mesmo os melhores, n\u00e3o costumam ser melhores traders tamb\u00e9m.<\/p>\n\n\n\n<p>Algu\u00e9m para fazer algo assim teria de estar no topo 1% dos traders e programar bem. Isso \u00e9 raro acontecer. E quem o faz, n\u00e3o divulga regra geral os seus sistemas. Um dia divulgarei alguns, o seu c\u00f3digo e f\u00f3rmulas ma sou caso raro. E quando falo em estar no percentil 1% n\u00e3o significa uma pessoa estar rica mas sim uma pessoa saber como ficar rica na Bolsa, porque pode-se saber e n\u00e3o querer ser. Afinal de contas viver da Bolsa \u00e9 bem mais stressante do que muitos imaginariam, eu preferia 1000 vezes uma vida normal\u00edssima. <img loading=\"lazy\" decoding=\"async\" alt=\"?\" src=\"https:\/\/static.xx.fbcdn.net\/images\/emoji.php\/v9\/t4c\/1\/16\/1f642.png\" width=\"16\" height=\"16\"><\/p>\n\n\n\n<p>Em 2001\/2002 j\u00e1 eu estava a programar sistemas de trading para prever evolu\u00e7\u00e3o de pre\u00e7os da Portugal Telecom.<\/p>\n\n\n\n<p>Em 2004 j\u00e1 eu tinha experi\u00eancias online de trading systems e beta testers, e at\u00e9 criei na altura um dos primeiros sites do g\u00e9nero, a n\u00edvel nacional acho que o primeiro.<\/p>\n\n\n\n<p>O site mais tarde partilho, mas n\u00e3o quis perder mais tempo a geri-lo e deixei-o abandonado, ainda existe contudo.<\/p>\n\n\n\n<p>O sistema, \u00e9 apenas um dos muitos que fiz, n\u00e3o \u00e9 sequer dos melhores, mas este permitiu no site (este foi o que foi usado no site com algumas altera\u00e7\u00f5es), um ganho de 20.000% em 3 anos (algu\u00e9m com 100.000\u20ac ter 20.000.000\u20ac em 3 anos.<\/p>\n\n\n\n<p>Claro que nem tudo \u00e9 t\u00e3o linear, porque h\u00e1 factores que influenciam, como delays nas transac\u00e7\u00f5es, n\u00e3o se saber se o melhor \u00e9 dar ordens a pre\u00e7o fixo ou ao melhor pre\u00e7o, etc.<\/p>\n\n\n\n<p>Este \u00e9 um dos sistemas que um dia vou tornar p\u00fablicos.<\/p>\n\n\n\n<p>Primeiro terei de escrever um livro sobre ele, com as suas f\u00f3rmulas matem\u00e1ticas (sim, tive de criar f\u00f3rmulas matem\u00e1ticas-estat\u00edsticas que podem ser usadas noutras \u00e1reas tamb\u00e9m), e explicar como tudo pode ser e deve ser usado.<\/p>\n\n\n\n<p>Quando um dia tiver tempo para escrever esse ebook, libertarei este sistema ao p\u00fablico, para deixar uma marca minha tamb\u00e9m na \u00e1rea das Matem\u00e1ticas e Estat\u00edsticas, j\u00e1 que no Trading j\u00e1 deixei outras.<\/p>\n\n\n\n<p>Um dia talvez partilhe isto e ser\u00e1 divulgado no Facebook, mas antes disso terei outras coisas para fazer, mais importantes, como o Projecto Robin Hood.<\/p>\n\n\n\n<p>Este n\u00e3o era dos meus melhores, mas vejam a curva de ganho + &#8211; constante, e no canto inferior direito est\u00e1 um algoritmo a funcionar escrito na linguagem MQL4 a dar ordens sozinho em tempo real nos mercados cambiais. <img loading=\"lazy\" decoding=\"async\" alt=\"?\" src=\"https:\/\/static.xx.fbcdn.net\/images\/emoji.php\/v9\/t9f\/1\/16\/1f61b.png\" width=\"16\" height=\"16\"><\/p>\n\n\n\n<p>Quando ouvirem falar na tv de robot traders, \u00e9 isto!<\/p>\n\n\n\n<p>Investimento 100% automatizado, em que o computador tem de ser mais &#8220;inteligente&#8221; que 99% dos traders da bolsa. <img loading=\"lazy\" decoding=\"async\" alt=\"?\" src=\"https:\/\/static.xx.fbcdn.net\/images\/emoji.php\/v9\/t51\/1\/16\/1f603.png\" width=\"16\" height=\"16\"><\/p>\n\n\n\n<p>Hoje alguns ficam a conhecer um cadinho mais sobre mim, qualquer dia liberto outras coisas. <img loading=\"lazy\" decoding=\"async\" alt=\"?\" src=\"https:\/\/static.xx.fbcdn.net\/images\/emoji.php\/v9\/t51\/1\/16\/1f603.png\" width=\"16\" height=\"16\">\u00bb<\/p>\n\n\n\n<p>Fica abaixo um v\u00eddeo com tudo explicado sobre estes objectivos, um v\u00eddeo de 2020 j\u00e1.<\/p>\n\n\n\n<p>2021-04-14.<\/p>\n\n\n\n<figure class=\"wp-block-embed is-type-video is-provider-youtube wp-block-embed-youtube wp-embed-aspect-16-9 wp-has-aspect-ratio\"><div class=\"wp-block-embed__wrapper\">\n<iframe loading=\"lazy\" title=\"Os Sistemas de Trading que Quero Dar no Futuro\" width=\"800\" height=\"450\" src=\"https:\/\/www.youtube.com\/embed\/UFTXjF_2Pok?list=PLswCft9xAHt-2sgG6XXfmUJlAtMQUQDCy\" frameborder=\"0\" allow=\"accelerometer; autoplay; clipboard-write; encrypted-media; gyroscope; picture-in-picture\" allowfullscreen><\/iframe>\n<\/div><\/figure>\n\n\n\n<p><\/p>\n","protected":false},"excerpt":{"rendered":"<p>Aqui vou falar do mais conhecido dos meus sistemas de trading, bem como um website que serviu de experi\u00eancia para<\/p>\n","protected":false},"author":1,"featured_media":823,"parent":0,"menu_order":0,"comment_status":"open","ping_status":"closed","template":"","meta":{"footnotes":""},"class_list":["post-822","page","type-page","status-publish","has-post-thumbnail","hentry"],"yoast_head":"<!-- This site is optimized with the Yoast SEO plugin v25.4 - https:\/\/yoast.com\/wordpress\/plugins\/seo\/ -->\n<title>Projecto GFX-Trading - Gon\u00e7alo Ferreira<\/title>\n<meta name=\"robots\" content=\"index, follow, max-snippet:-1, max-image-preview:large, max-video-preview:-1\" \/>\n<link rel=\"canonical\" href=\"https:\/\/www.goncalo.pt\/por\/projecto-gfx-trading\/\" \/>\n<meta property=\"og:locale\" content=\"en_US\" \/>\n<meta property=\"og:type\" content=\"article\" \/>\n<meta property=\"og:title\" content=\"Projecto GFX-Trading - Gon\u00e7alo Ferreira\" \/>\n<meta property=\"og:description\" content=\"Aqui vou falar do mais conhecido dos meus sistemas de trading, bem como um website que serviu de experi\u00eancia para\" \/>\n<meta property=\"og:url\" content=\"https:\/\/www.goncalo.pt\/por\/projecto-gfx-trading\/\" \/>\n<meta property=\"og:site_name\" content=\"Gon\u00e7alo Ferreira\" \/>\n<meta property=\"article:modified_time\" content=\"2023-10-30T01:08:59+00:00\" \/>\n<meta property=\"og:image\" content=\"https:\/\/www.goncalo.pt\/por\/wp-content\/uploads\/2021\/04\/GFX-Trading-com-Forex-Profits-EURUSD.png?v=1618374736\" \/>\n\t<meta property=\"og:image:width\" content=\"781\" \/>\n\t<meta property=\"og:image:height\" content=\"512\" \/>\n\t<meta property=\"og:image:type\" content=\"image\/png\" \/>\n<meta name=\"twitter:card\" content=\"summary_large_image\" \/>\n<meta name=\"twitter:label1\" content=\"Est. reading time\" \/>\n\t<meta name=\"twitter:data1\" content=\"9 minutes\" \/>\n<script type=\"application\/ld+json\" class=\"yoast-schema-graph\">{\"@context\":\"https:\/\/schema.org\",\"@graph\":[{\"@type\":\"WebPage\",\"@id\":\"https:\/\/www.goncalo.pt\/por\/projecto-gfx-trading\/\",\"url\":\"https:\/\/www.goncalo.pt\/por\/projecto-gfx-trading\/\",\"name\":\"Projecto GFX-Trading - Gon\u00e7alo Ferreira\",\"isPartOf\":{\"@id\":\"https:\/\/www.goncalo.pt\/por\/#website\"},\"primaryImageOfPage\":{\"@id\":\"https:\/\/www.goncalo.pt\/por\/projecto-gfx-trading\/#primaryimage\"},\"image\":{\"@id\":\"https:\/\/www.goncalo.pt\/por\/projecto-gfx-trading\/#primaryimage\"},\"thumbnailUrl\":\"https:\/\/www.goncalo.pt\/por\/wp-content\/uploads\/2021\/04\/GFX-Trading-com-Forex-Profits-EURUSD.png?v=1618374736\",\"datePublished\":\"2021-04-14T05:10:52+00:00\",\"dateModified\":\"2023-10-30T01:08:59+00:00\",\"breadcrumb\":{\"@id\":\"https:\/\/www.goncalo.pt\/por\/projecto-gfx-trading\/#breadcrumb\"},\"inLanguage\":\"en-US\",\"potentialAction\":[{\"@type\":\"ReadAction\",\"target\":[\"https:\/\/www.goncalo.pt\/por\/projecto-gfx-trading\/\"]}]},{\"@type\":\"ImageObject\",\"inLanguage\":\"en-US\",\"@id\":\"https:\/\/www.goncalo.pt\/por\/projecto-gfx-trading\/#primaryimage\",\"url\":\"https:\/\/www.goncalo.pt\/por\/wp-content\/uploads\/2021\/04\/GFX-Trading-com-Forex-Profits-EURUSD.png?v=1618374736\",\"contentUrl\":\"https:\/\/www.goncalo.pt\/por\/wp-content\/uploads\/2021\/04\/GFX-Trading-com-Forex-Profits-EURUSD.png?v=1618374736\",\"width\":781,\"height\":512,\"caption\":\"GFX-Trading.com\"},{\"@type\":\"BreadcrumbList\",\"@id\":\"https:\/\/www.goncalo.pt\/por\/projecto-gfx-trading\/#breadcrumb\",\"itemListElement\":[{\"@type\":\"ListItem\",\"position\":1,\"name\":\"Home\",\"item\":\"https:\/\/www.goncalo.pt\/por\/\"},{\"@type\":\"ListItem\",\"position\":2,\"name\":\"Projecto GFX-Trading\"}]},{\"@type\":\"WebSite\",\"@id\":\"https:\/\/www.goncalo.pt\/por\/#website\",\"url\":\"https:\/\/www.goncalo.pt\/por\/\",\"name\":\"Gon\u00e7alo Ferreira\",\"description\":\"[Game Engine\/Software\/Simulation\/Trading Systems\/Full Stack] Developer, Musician, Composer, Painter, Writer, IT Trainer, Sys Admin, Ex-Trader, Skater, Strongman, Vegan, Self-Taught Neuro-Divergent Polymath, and 1001 things more. Welcome to my world!\",\"publisher\":{\"@id\":\"https:\/\/www.goncalo.pt\/por\/#organization\"},\"potentialAction\":[{\"@type\":\"SearchAction\",\"target\":{\"@type\":\"EntryPoint\",\"urlTemplate\":\"https:\/\/www.goncalo.pt\/por\/?s={search_term_string}\"},\"query-input\":{\"@type\":\"PropertyValueSpecification\",\"valueRequired\":true,\"valueName\":\"search_term_string\"}}],\"inLanguage\":\"en-US\"},{\"@type\":\"Organization\",\"@id\":\"https:\/\/www.goncalo.pt\/por\/#organization\",\"name\":\"Gon\u00e7alo Ferreira\",\"url\":\"https:\/\/www.goncalo.pt\/por\/\",\"logo\":{\"@type\":\"ImageObject\",\"inLanguage\":\"en-US\",\"@id\":\"https:\/\/www.goncalo.pt\/por\/#\/schema\/logo\/image\/\",\"url\":\"https:\/\/www.goncalo.pt\/por\/wp-content\/uploads\/2023\/08\/cropped-Goncalo-Ferreira-Logo-With-Face.png\",\"contentUrl\":\"https:\/\/www.goncalo.pt\/por\/wp-content\/uploads\/2023\/08\/cropped-Goncalo-Ferreira-Logo-With-Face.png\",\"width\":389,\"height\":90,\"caption\":\"Gon\u00e7alo Ferreira\"},\"image\":{\"@id\":\"https:\/\/www.goncalo.pt\/por\/#\/schema\/logo\/image\/\"},\"sameAs\":[\"http:\/\/www.linkedin.com\/in\/GoncaloPT\/\"]}]}<\/script>\n<!-- \/ Yoast SEO plugin. -->","yoast_head_json":{"title":"Projecto GFX-Trading - Gon\u00e7alo Ferreira","robots":{"index":"index","follow":"follow","max-snippet":"max-snippet:-1","max-image-preview":"max-image-preview:large","max-video-preview":"max-video-preview:-1"},"canonical":"https:\/\/www.goncalo.pt\/por\/projecto-gfx-trading\/","og_locale":"en_US","og_type":"article","og_title":"Projecto GFX-Trading - Gon\u00e7alo Ferreira","og_description":"Aqui vou falar do mais conhecido dos meus sistemas de trading, bem como um website que serviu de experi\u00eancia para","og_url":"https:\/\/www.goncalo.pt\/por\/projecto-gfx-trading\/","og_site_name":"Gon\u00e7alo Ferreira","article_modified_time":"2023-10-30T01:08:59+00:00","og_image":[{"width":781,"height":512,"url":"https:\/\/www.goncalo.pt\/por\/wp-content\/uploads\/2021\/04\/GFX-Trading-com-Forex-Profits-EURUSD.png?v=1618374736","type":"image\/png"}],"twitter_card":"summary_large_image","twitter_misc":{"Est. reading time":"9 minutes"},"schema":{"@context":"https:\/\/schema.org","@graph":[{"@type":"WebPage","@id":"https:\/\/www.goncalo.pt\/por\/projecto-gfx-trading\/","url":"https:\/\/www.goncalo.pt\/por\/projecto-gfx-trading\/","name":"Projecto GFX-Trading - Gon\u00e7alo Ferreira","isPartOf":{"@id":"https:\/\/www.goncalo.pt\/por\/#website"},"primaryImageOfPage":{"@id":"https:\/\/www.goncalo.pt\/por\/projecto-gfx-trading\/#primaryimage"},"image":{"@id":"https:\/\/www.goncalo.pt\/por\/projecto-gfx-trading\/#primaryimage"},"thumbnailUrl":"https:\/\/www.goncalo.pt\/por\/wp-content\/uploads\/2021\/04\/GFX-Trading-com-Forex-Profits-EURUSD.png?v=1618374736","datePublished":"2021-04-14T05:10:52+00:00","dateModified":"2023-10-30T01:08:59+00:00","breadcrumb":{"@id":"https:\/\/www.goncalo.pt\/por\/projecto-gfx-trading\/#breadcrumb"},"inLanguage":"en-US","potentialAction":[{"@type":"ReadAction","target":["https:\/\/www.goncalo.pt\/por\/projecto-gfx-trading\/"]}]},{"@type":"ImageObject","inLanguage":"en-US","@id":"https:\/\/www.goncalo.pt\/por\/projecto-gfx-trading\/#primaryimage","url":"https:\/\/www.goncalo.pt\/por\/wp-content\/uploads\/2021\/04\/GFX-Trading-com-Forex-Profits-EURUSD.png?v=1618374736","contentUrl":"https:\/\/www.goncalo.pt\/por\/wp-content\/uploads\/2021\/04\/GFX-Trading-com-Forex-Profits-EURUSD.png?v=1618374736","width":781,"height":512,"caption":"GFX-Trading.com"},{"@type":"BreadcrumbList","@id":"https:\/\/www.goncalo.pt\/por\/projecto-gfx-trading\/#breadcrumb","itemListElement":[{"@type":"ListItem","position":1,"name":"Home","item":"https:\/\/www.goncalo.pt\/por\/"},{"@type":"ListItem","position":2,"name":"Projecto GFX-Trading"}]},{"@type":"WebSite","@id":"https:\/\/www.goncalo.pt\/por\/#website","url":"https:\/\/www.goncalo.pt\/por\/","name":"Gon\u00e7alo Ferreira","description":"[Game Engine\/Software\/Simulation\/Trading Systems\/Full Stack] Developer, Musician, Composer, Painter, Writer, IT Trainer, Sys Admin, Ex-Trader, Skater, Strongman, Vegan, Self-Taught Neuro-Divergent Polymath, and 1001 things more. Welcome to my world!","publisher":{"@id":"https:\/\/www.goncalo.pt\/por\/#organization"},"potentialAction":[{"@type":"SearchAction","target":{"@type":"EntryPoint","urlTemplate":"https:\/\/www.goncalo.pt\/por\/?s={search_term_string}"},"query-input":{"@type":"PropertyValueSpecification","valueRequired":true,"valueName":"search_term_string"}}],"inLanguage":"en-US"},{"@type":"Organization","@id":"https:\/\/www.goncalo.pt\/por\/#organization","name":"Gon\u00e7alo Ferreira","url":"https:\/\/www.goncalo.pt\/por\/","logo":{"@type":"ImageObject","inLanguage":"en-US","@id":"https:\/\/www.goncalo.pt\/por\/#\/schema\/logo\/image\/","url":"https:\/\/www.goncalo.pt\/por\/wp-content\/uploads\/2023\/08\/cropped-Goncalo-Ferreira-Logo-With-Face.png","contentUrl":"https:\/\/www.goncalo.pt\/por\/wp-content\/uploads\/2023\/08\/cropped-Goncalo-Ferreira-Logo-With-Face.png","width":389,"height":90,"caption":"Gon\u00e7alo Ferreira"},"image":{"@id":"https:\/\/www.goncalo.pt\/por\/#\/schema\/logo\/image\/"},"sameAs":["http:\/\/www.linkedin.com\/in\/GoncaloPT\/"]}]}},"_links":{"self":[{"href":"https:\/\/www.goncalo.pt\/por\/wp-json\/wp\/v2\/pages\/822"}],"collection":[{"href":"https:\/\/www.goncalo.pt\/por\/wp-json\/wp\/v2\/pages"}],"about":[{"href":"https:\/\/www.goncalo.pt\/por\/wp-json\/wp\/v2\/types\/page"}],"author":[{"embeddable":true,"href":"https:\/\/www.goncalo.pt\/por\/wp-json\/wp\/v2\/users\/1"}],"replies":[{"embeddable":true,"href":"https:\/\/www.goncalo.pt\/por\/wp-json\/wp\/v2\/comments?post=822"}],"version-history":[{"count":4,"href":"https:\/\/www.goncalo.pt\/por\/wp-json\/wp\/v2\/pages\/822\/revisions"}],"predecessor-version":[{"id":1157,"href":"https:\/\/www.goncalo.pt\/por\/wp-json\/wp\/v2\/pages\/822\/revisions\/1157"}],"wp:featuredmedia":[{"embeddable":true,"href":"https:\/\/www.goncalo.pt\/por\/wp-json\/wp\/v2\/media\/823"}],"wp:attachment":[{"href":"https:\/\/www.goncalo.pt\/por\/wp-json\/wp\/v2\/media?parent=822"}],"curies":[{"name":"wp","href":"https:\/\/api.w.org\/{rel}","templated":true}]}}