{"id":833,"date":"2021-04-14T06:48:25","date_gmt":"2021-04-14T06:48:25","guid":{"rendered":"http:\/\/www.goncalo.pt\/por\/?page_id=833"},"modified":"2023-11-26T04:33:34","modified_gmt":"2023-11-26T04:33:34","slug":"livro-da-bolsa","status":"publish","type":"page","link":"https:\/\/www.goncalo.pt\/por\/livro-da-bolsa\/","title":{"rendered":"Livro da Bolsa"},"content":{"rendered":"\n<p>L\u00e1 para 2006 eu tinha decidido escrever v\u00e1rios volumes sobre investimentos em Bolsa\/Forex\/etc, e o primeiro seria designado de:<\/p>\n\n\n\n<p>&#8220;Livro da Bolsa &#8211; Volume I &#8211; Introdu\u00e7\u00e3o \u00e0 An\u00e1lise T\u00e9cnica&#8221;.<\/p>\n\n\n\n<p>Ele pode ser sacado em vers\u00e3o PDF de forma gratuita em <a href=\"http:\/\/www.livrodabolsa.com\/\" target=\"_blank\" rel=\"noreferrer noopener\">http:\/\/www.livrodabolsa.com\/<\/a> ou consultado online.<\/p>\n\n\n\n<p>Escrevi-o, ficou com 564 p\u00e1ginas, com gr\u00e1ficos que preparei, e algumas figuras desenhadas p\u00edxel a p\u00edxel no Paint to Windows na altura, e criei o PDF.<\/p>\n\n\n\n<p>Com o tempo, e com o come\u00e7o de novos projectos, deixei cair a ideia de escrever volumes de continua\u00e7\u00e3o ap\u00f3s este, e acabou por ficar, 15 anos depois, apenas um volume dispon\u00edvel na Internet.<\/p>\n\n\n\n<p>Eu gostei bastante de o escrever e do resultado, dos feedbacks que podem ver no pr\u00f3prio site do livro, e at\u00e9 dos feedbacks na Internet, existindo at\u00e9 pessoal que pergunta em f\u00f3runs como pode comprar o livro real ou pagar por ele para agradecer a escrita, o que me alegra, n\u00e3o pelo dinheiro pois \u00e9 gratuito, mas por saber que foi um sucesso, com dezenas de milhares de c\u00f3pias de download pelo mundo fora, e se um dia tivesse tempo, escreveria mais.<\/p>\n\n\n\n<p>Comecei um curso de Bolsa em linha h\u00e1 uns anitos, mas n\u00e3o tive tempo para o continuar tamb\u00e9m.<\/p>\n\n\n\n<p>Este livro teve um problema: fiz a correc\u00e7\u00e3o numa tarde de trabalho no Tagus Park, quando havia um dia de descanso, pois trabalh\u00e1vamos por objectivos e eu tinha acabado o meu muito antes do tempo, e o computador que usei tinha um dicion\u00e1rio onde algu\u00e9m se lembrou de meter tudo o que acabasse em &#8220;amente&#8221; em &#8220;\u00e2mente&#8221;, o que \u00e9 errado, pois escreve-se &#8220;instantaneamente&#8221; e n\u00e3o &#8220;instant\u00e2neamente&#8221; pois palavras acabadas em &#8220;mente&#8221; n\u00e3o t\u00eam acento.<\/p>\n\n\n\n<p>Isso, aliado a erros de escrita \u00e0 pressa que n\u00e3o corrigi (corrigir 564 p\u00e1ginas seria chato), \u00e9 o ponto fraco do livro.<\/p>\n\n\n\n<p>Mas explica de forma muito f\u00e1cil a mat\u00e9ria e j\u00e1 muitos mo disseram, que explica melhor do que os livros do mercado, que por norma s\u00e3o complexos e dif\u00edceis de compreender para as pessoas.<\/p>\n\n\n\n<p>Considero-o um sucesso e por isso meto este no meu site pessoal.<\/p>\n\n\n\n<p>A t\u00edtulo de curiosidade&#8230; A linda capa do livro foi uma foto que tirei \u00e0 vista que tenho no Porto, e coloquei uns gr\u00e1ficos por cima inspirado pelo filme Wall Street II &#8211; Money Never Sleeps. \ud83d\ude42<\/p>\n\n\n\n<p>Se um dia surgirem novidades sobre novos volumes, escreverei aqui. \ud83d\ude42<\/p>\n\n\n\n<p>Eu tive de parar os feedbacks do livro por excesso de mensagens de spam. Se quiserem dar feedback ao livro, comentem esta p\u00e1gina e eu meto l\u00e1 o coment\u00e1rio depois, mas podem consultar a p\u00e1gina em:<\/p>\n\n\n\n<p><a href=\"http:\/\/www.livrodabolsa.com\/livro-de-visitas\/\" target=\"_blank\" rel=\"noreferrer noopener\">http:\/\/www.livrodabolsa.com\/livro-de-visitas\/<\/a><\/p>\n\n\n\n<p>2021-04-14.<\/p>\n\n\n\n<figure class=\"wp-block-image size-large is-resized\"><img loading=\"lazy\" decoding=\"async\" src=\"http:\/\/www.goncalo.pt\/por\/wp-content\/uploads\/2021\/04\/Goncalo-Ferreira-Livro-da-Bolsa-Introducao-a-Analise-Tecnica-Vol-1.png\" alt=\"Download do Livro da Bolsa, Volume I - Introdu\u00e7\u00e3o \u00e0 An\u00e1lise T\u00e9cnica\" class=\"wp-image-835\" width=\"633\" height=\"580\" srcset=\"https:\/\/www.goncalo.pt\/por\/wp-content\/uploads\/2021\/04\/Goncalo-Ferreira-Livro-da-Bolsa-Introducao-a-Analise-Tecnica-Vol-1.png?v=1631288809 608w, https:\/\/www.goncalo.pt\/por\/wp-content\/uploads\/2021\/04\/Goncalo-Ferreira-Livro-da-Bolsa-Introducao-a-Analise-Tecnica-Vol-1-300x275.png?v=1631288809 300w\" sizes=\"(max-width: 633px) 100vw, 633px\" \/><figcaption>Download do Livro da Bolsa, Volume I &#8211; Introdu\u00e7\u00e3o \u00e0 An\u00e1lise T\u00e9cnica<\/figcaption><\/figure>\n","protected":false},"excerpt":{"rendered":"<p>L\u00e1 para 2006 eu tinha decidido escrever v\u00e1rios volumes sobre investimentos em Bolsa\/Forex\/etc, e o primeiro seria designado de: &#8220;Livro<\/p>\n","protected":false},"author":1,"featured_media":834,"parent":0,"menu_order":0,"comment_status":"open","ping_status":"closed","template":"","meta":{"footnotes":""},"class_list":["post-833","page","type-page","status-publish","has-post-thumbnail","hentry"],"yoast_head":"<!-- This site is optimized with the Yoast SEO plugin v25.4 - https:\/\/yoast.com\/wordpress\/plugins\/seo\/ -->\n<title>Livro da Bolsa - Gon\u00e7alo Ferreira<\/title>\n<meta name=\"robots\" content=\"index, follow, max-snippet:-1, max-image-preview:large, max-video-preview:-1\" \/>\n<link rel=\"canonical\" href=\"https:\/\/www.goncalo.pt\/por\/livro-da-bolsa\/\" \/>\n<meta property=\"og:locale\" content=\"en_US\" \/>\n<meta property=\"og:type\" content=\"article\" \/>\n<meta property=\"og:title\" content=\"Livro da Bolsa - Gon\u00e7alo Ferreira\" \/>\n<meta property=\"og:description\" content=\"L\u00e1 para 2006 eu tinha decidido escrever v\u00e1rios volumes sobre investimentos em Bolsa\/Forex\/etc, e o primeiro seria designado de: &#8220;Livro\" \/>\n<meta property=\"og:url\" content=\"https:\/\/www.goncalo.pt\/por\/livro-da-bolsa\/\" \/>\n<meta property=\"og:site_name\" content=\"Gon\u00e7alo Ferreira\" \/>\n<meta property=\"article:modified_time\" content=\"2023-11-26T04:33:34+00:00\" \/>\n<meta property=\"og:image\" content=\"https:\/\/www.goncalo.pt\/por\/wp-content\/uploads\/2021\/04\/Livro-da-Bolsa-Vol-1-Introducao-a-Analise-Tecnica-by-Goncalo-Ferreira.png?v=1631288819\" \/>\n\t<meta property=\"og:image:width\" content=\"611\" \/>\n\t<meta property=\"og:image:height\" content=\"789\" \/>\n\t<meta property=\"og:image:type\" content=\"image\/png\" \/>\n<meta name=\"twitter:card\" content=\"summary_large_image\" \/>\n<meta name=\"twitter:label1\" content=\"Est. reading time\" \/>\n\t<meta name=\"twitter:data1\" content=\"3 minutes\" \/>\n<script type=\"application\/ld+json\" class=\"yoast-schema-graph\">{\"@context\":\"https:\/\/schema.org\",\"@graph\":[{\"@type\":\"WebPage\",\"@id\":\"https:\/\/www.goncalo.pt\/por\/livro-da-bolsa\/\",\"url\":\"https:\/\/www.goncalo.pt\/por\/livro-da-bolsa\/\",\"name\":\"Livro da Bolsa - Gon\u00e7alo Ferreira\",\"isPartOf\":{\"@id\":\"https:\/\/www.goncalo.pt\/por\/#website\"},\"primaryImageOfPage\":{\"@id\":\"https:\/\/www.goncalo.pt\/por\/livro-da-bolsa\/#primaryimage\"},\"image\":{\"@id\":\"https:\/\/www.goncalo.pt\/por\/livro-da-bolsa\/#primaryimage\"},\"thumbnailUrl\":\"https:\/\/www.goncalo.pt\/por\/wp-content\/uploads\/2021\/04\/Livro-da-Bolsa-Vol-1-Introducao-a-Analise-Tecnica-by-Goncalo-Ferreira.png?v=1631288819\",\"datePublished\":\"2021-04-14T06:48:25+00:00\",\"dateModified\":\"2023-11-26T04:33:34+00:00\",\"breadcrumb\":{\"@id\":\"https:\/\/www.goncalo.pt\/por\/livro-da-bolsa\/#breadcrumb\"},\"inLanguage\":\"en-US\",\"potentialAction\":[{\"@type\":\"ReadAction\",\"target\":[\"https:\/\/www.goncalo.pt\/por\/livro-da-bolsa\/\"]}]},{\"@type\":\"ImageObject\",\"inLanguage\":\"en-US\",\"@id\":\"https:\/\/www.goncalo.pt\/por\/livro-da-bolsa\/#primaryimage\",\"url\":\"https:\/\/www.goncalo.pt\/por\/wp-content\/uploads\/2021\/04\/Livro-da-Bolsa-Vol-1-Introducao-a-Analise-Tecnica-by-Goncalo-Ferreira.png?v=1631288819\",\"contentUrl\":\"https:\/\/www.goncalo.pt\/por\/wp-content\/uploads\/2021\/04\/Livro-da-Bolsa-Vol-1-Introducao-a-Analise-Tecnica-by-Goncalo-Ferreira.png?v=1631288819\",\"width\":611,\"height\":789,\"caption\":\"Livro da Bolsa Vol. 1 - Introdu\u00e7\u00e3o \u00e0 An\u00e1lise T\u00e9cnica\"},{\"@type\":\"BreadcrumbList\",\"@id\":\"https:\/\/www.goncalo.pt\/por\/livro-da-bolsa\/#breadcrumb\",\"itemListElement\":[{\"@type\":\"ListItem\",\"position\":1,\"name\":\"Home\",\"item\":\"https:\/\/www.goncalo.pt\/por\/\"},{\"@type\":\"ListItem\",\"position\":2,\"name\":\"Livro da Bolsa\"}]},{\"@type\":\"WebSite\",\"@id\":\"https:\/\/www.goncalo.pt\/por\/#website\",\"url\":\"https:\/\/www.goncalo.pt\/por\/\",\"name\":\"Gon\u00e7alo Ferreira\",\"description\":\"[Game Engine\/Software\/Simulation\/Trading Systems\/Full Stack] Developer, Musician, Composer, Painter, Writer, IT Trainer, Sys Admin, Ex-Trader, Skater, Strongman, Vegan, Self-Taught Neuro-Divergent Polymath, and 1001 things more. Welcome to my world!\",\"publisher\":{\"@id\":\"https:\/\/www.goncalo.pt\/por\/#organization\"},\"potentialAction\":[{\"@type\":\"SearchAction\",\"target\":{\"@type\":\"EntryPoint\",\"urlTemplate\":\"https:\/\/www.goncalo.pt\/por\/?s={search_term_string}\"},\"query-input\":{\"@type\":\"PropertyValueSpecification\",\"valueRequired\":true,\"valueName\":\"search_term_string\"}}],\"inLanguage\":\"en-US\"},{\"@type\":\"Organization\",\"@id\":\"https:\/\/www.goncalo.pt\/por\/#organization\",\"name\":\"Gon\u00e7alo Ferreira\",\"url\":\"https:\/\/www.goncalo.pt\/por\/\",\"logo\":{\"@type\":\"ImageObject\",\"inLanguage\":\"en-US\",\"@id\":\"https:\/\/www.goncalo.pt\/por\/#\/schema\/logo\/image\/\",\"url\":\"https:\/\/www.goncalo.pt\/por\/wp-content\/uploads\/2023\/08\/cropped-Goncalo-Ferreira-Logo-With-Face.png\",\"contentUrl\":\"https:\/\/www.goncalo.pt\/por\/wp-content\/uploads\/2023\/08\/cropped-Goncalo-Ferreira-Logo-With-Face.png\",\"width\":389,\"height\":90,\"caption\":\"Gon\u00e7alo Ferreira\"},\"image\":{\"@id\":\"https:\/\/www.goncalo.pt\/por\/#\/schema\/logo\/image\/\"},\"sameAs\":[\"http:\/\/www.linkedin.com\/in\/GoncaloPT\/\"]}]}<\/script>\n<!-- \/ Yoast SEO plugin. -->","yoast_head_json":{"title":"Livro da Bolsa - Gon\u00e7alo Ferreira","robots":{"index":"index","follow":"follow","max-snippet":"max-snippet:-1","max-image-preview":"max-image-preview:large","max-video-preview":"max-video-preview:-1"},"canonical":"https:\/\/www.goncalo.pt\/por\/livro-da-bolsa\/","og_locale":"en_US","og_type":"article","og_title":"Livro da Bolsa - Gon\u00e7alo Ferreira","og_description":"L\u00e1 para 2006 eu tinha decidido escrever v\u00e1rios volumes sobre investimentos em Bolsa\/Forex\/etc, e o primeiro seria designado de: &#8220;Livro","og_url":"https:\/\/www.goncalo.pt\/por\/livro-da-bolsa\/","og_site_name":"Gon\u00e7alo Ferreira","article_modified_time":"2023-11-26T04:33:34+00:00","og_image":[{"width":611,"height":789,"url":"https:\/\/www.goncalo.pt\/por\/wp-content\/uploads\/2021\/04\/Livro-da-Bolsa-Vol-1-Introducao-a-Analise-Tecnica-by-Goncalo-Ferreira.png?v=1631288819","type":"image\/png"}],"twitter_card":"summary_large_image","twitter_misc":{"Est. reading time":"3 minutes"},"schema":{"@context":"https:\/\/schema.org","@graph":[{"@type":"WebPage","@id":"https:\/\/www.goncalo.pt\/por\/livro-da-bolsa\/","url":"https:\/\/www.goncalo.pt\/por\/livro-da-bolsa\/","name":"Livro da Bolsa - Gon\u00e7alo Ferreira","isPartOf":{"@id":"https:\/\/www.goncalo.pt\/por\/#website"},"primaryImageOfPage":{"@id":"https:\/\/www.goncalo.pt\/por\/livro-da-bolsa\/#primaryimage"},"image":{"@id":"https:\/\/www.goncalo.pt\/por\/livro-da-bolsa\/#primaryimage"},"thumbnailUrl":"https:\/\/www.goncalo.pt\/por\/wp-content\/uploads\/2021\/04\/Livro-da-Bolsa-Vol-1-Introducao-a-Analise-Tecnica-by-Goncalo-Ferreira.png?v=1631288819","datePublished":"2021-04-14T06:48:25+00:00","dateModified":"2023-11-26T04:33:34+00:00","breadcrumb":{"@id":"https:\/\/www.goncalo.pt\/por\/livro-da-bolsa\/#breadcrumb"},"inLanguage":"en-US","potentialAction":[{"@type":"ReadAction","target":["https:\/\/www.goncalo.pt\/por\/livro-da-bolsa\/"]}]},{"@type":"ImageObject","inLanguage":"en-US","@id":"https:\/\/www.goncalo.pt\/por\/livro-da-bolsa\/#primaryimage","url":"https:\/\/www.goncalo.pt\/por\/wp-content\/uploads\/2021\/04\/Livro-da-Bolsa-Vol-1-Introducao-a-Analise-Tecnica-by-Goncalo-Ferreira.png?v=1631288819","contentUrl":"https:\/\/www.goncalo.pt\/por\/wp-content\/uploads\/2021\/04\/Livro-da-Bolsa-Vol-1-Introducao-a-Analise-Tecnica-by-Goncalo-Ferreira.png?v=1631288819","width":611,"height":789,"caption":"Livro da Bolsa Vol. 1 - Introdu\u00e7\u00e3o \u00e0 An\u00e1lise T\u00e9cnica"},{"@type":"BreadcrumbList","@id":"https:\/\/www.goncalo.pt\/por\/livro-da-bolsa\/#breadcrumb","itemListElement":[{"@type":"ListItem","position":1,"name":"Home","item":"https:\/\/www.goncalo.pt\/por\/"},{"@type":"ListItem","position":2,"name":"Livro da Bolsa"}]},{"@type":"WebSite","@id":"https:\/\/www.goncalo.pt\/por\/#website","url":"https:\/\/www.goncalo.pt\/por\/","name":"Gon\u00e7alo Ferreira","description":"[Game Engine\/Software\/Simulation\/Trading Systems\/Full Stack] Developer, Musician, Composer, Painter, Writer, IT Trainer, Sys Admin, Ex-Trader, Skater, Strongman, Vegan, Self-Taught Neuro-Divergent Polymath, and 1001 things more. Welcome to my world!","publisher":{"@id":"https:\/\/www.goncalo.pt\/por\/#organization"},"potentialAction":[{"@type":"SearchAction","target":{"@type":"EntryPoint","urlTemplate":"https:\/\/www.goncalo.pt\/por\/?s={search_term_string}"},"query-input":{"@type":"PropertyValueSpecification","valueRequired":true,"valueName":"search_term_string"}}],"inLanguage":"en-US"},{"@type":"Organization","@id":"https:\/\/www.goncalo.pt\/por\/#organization","name":"Gon\u00e7alo Ferreira","url":"https:\/\/www.goncalo.pt\/por\/","logo":{"@type":"ImageObject","inLanguage":"en-US","@id":"https:\/\/www.goncalo.pt\/por\/#\/schema\/logo\/image\/","url":"https:\/\/www.goncalo.pt\/por\/wp-content\/uploads\/2023\/08\/cropped-Goncalo-Ferreira-Logo-With-Face.png","contentUrl":"https:\/\/www.goncalo.pt\/por\/wp-content\/uploads\/2023\/08\/cropped-Goncalo-Ferreira-Logo-With-Face.png","width":389,"height":90,"caption":"Gon\u00e7alo Ferreira"},"image":{"@id":"https:\/\/www.goncalo.pt\/por\/#\/schema\/logo\/image\/"},"sameAs":["http:\/\/www.linkedin.com\/in\/GoncaloPT\/"]}]}},"_links":{"self":[{"href":"https:\/\/www.goncalo.pt\/por\/wp-json\/wp\/v2\/pages\/833"}],"collection":[{"href":"https:\/\/www.goncalo.pt\/por\/wp-json\/wp\/v2\/pages"}],"about":[{"href":"https:\/\/www.goncalo.pt\/por\/wp-json\/wp\/v2\/types\/page"}],"author":[{"embeddable":true,"href":"https:\/\/www.goncalo.pt\/por\/wp-json\/wp\/v2\/users\/1"}],"replies":[{"embeddable":true,"href":"https:\/\/www.goncalo.pt\/por\/wp-json\/wp\/v2\/comments?post=833"}],"version-history":[{"count":4,"href":"https:\/\/www.goncalo.pt\/por\/wp-json\/wp\/v2\/pages\/833\/revisions"}],"predecessor-version":[{"id":3025,"href":"https:\/\/www.goncalo.pt\/por\/wp-json\/wp\/v2\/pages\/833\/revisions\/3025"}],"wp:featuredmedia":[{"embeddable":true,"href":"https:\/\/www.goncalo.pt\/por\/wp-json\/wp\/v2\/media\/834"}],"wp:attachment":[{"href":"https:\/\/www.goncalo.pt\/por\/wp-json\/wp\/v2\/media?parent=833"}],"curies":[{"name":"wp","href":"https:\/\/api.w.org\/{rel}","templated":true}]}}