{"id":862,"date":"2021-04-15T12:59:38","date_gmt":"2021-04-15T12:59:38","guid":{"rendered":"http:\/\/www.goncalo.pt\/por\/?page_id=862"},"modified":"2023-08-27T18:06:57","modified_gmt":"2023-08-27T18:06:57","slug":"algumas-apresentacoes-que-fiz","status":"publish","type":"page","link":"https:\/\/www.goncalo.pt\/por\/algumas-apresentacoes-que-fiz\/","title":{"rendered":"Algumas Apresenta\u00e7\u00f5es que fiz"},"content":{"rendered":"\n<p>Aqui deixo algumas apresenta\u00e7\u00f5es que fiz, infelizmente todas feitas \u00e0 pressa (com tempo limite, da\u00ed ter de falar r\u00e1pido, o que n\u00e3o \u00e9 ideal), algumas sobre temas que adoro, outras sobre temas que me foram pedidos na altura, mas todas com um toque de humor.<\/p>\n\n\n\n<p>Gosto de partilhar as que t\u00eam um toque de humor, pois \u00e9 supostamente a forma mais dif\u00edcil de chamar \u00e0 aten\u00e7\u00e3o dos formandos e os motivar.<\/p>\n\n\n\n<p>Claro que em ambiente formativo no dia-a-dia, n\u00e3o as faria desta forma. Mas nestes casos foi o ideal.<\/p>\n\n\n\n<p>Na das realidades virtuais tive de memorizar 500 frases na noite anterior, para que as pudesse dizer sem divagar, para encaixarem nos 25 minutos desejados.<\/p>\n\n\n\n<p>Uma tem a ver com computadores, videojogos e realidades virtuais, e esta tem pelo meio uma cena forte de humor. Vou deixar essa cena primeiro, antes de partilhar a apresenta\u00e7\u00e3o toda, para quem queira ver apenas a parte do humor:<\/p>\n\n\n\n<figure class=\"wp-block-embed is-type-video is-provider-youtube wp-block-embed-youtube wp-embed-aspect-16-9 wp-has-aspect-ratio\"><div class=\"wp-block-embed__wrapper\">\n<iframe loading=\"lazy\" title=\"Como salvar uma rela\u00e7\u00e3o \u00e0 for\u00e7a \/ A B\u00edblia dos Fritos (Pensar Fora da Caixa)\" width=\"800\" height=\"450\" src=\"https:\/\/www.youtube.com\/embed\/SHT7bdQbov8?feature=oembed\" frameborder=\"0\" allow=\"accelerometer; autoplay; clipboard-write; encrypted-media; gyroscope; picture-in-picture; web-share\" allowfullscreen><\/iframe>\n<\/div><\/figure>\n\n\n\n<p>Agora vou deixar a apresenta\u00e7\u00e3o completa, antes de prosseguir para as seguintes. Nela falo de Computadores, F\u00edsica Qu\u00e2ntica, Futurologia, Videojogos, Cinema, Realidades Virtuais, e mais, tudo em 25 minutos.<\/p>\n\n\n\n<p>Nela, se virem bem, come\u00e7o com &#8220;Ol\u00e1, espero que estejam a ter um dia agrad\u00e1vel&#8221;, o que causou o riso de todos, porque eram 8 da manh\u00e3 e estavam todos ainda com sono! Isto porque eram frases memorizadas, da\u00ed estar menos natural ao falar. \ud83d\ude42<\/p>\n\n\n\n<p>Mas ficou gira e penso que gostar\u00e3o, fica o v\u00eddeo abaixo:<\/p>\n\n\n\n<figure class=\"wp-block-embed is-type-video is-provider-youtube wp-block-embed-youtube wp-embed-aspect-16-9 wp-has-aspect-ratio\"><div class=\"wp-block-embed__wrapper\">\n<iframe loading=\"lazy\" title=\"Vivemos Numa Realidade Virtual? At\u00e9 Que Ponto o Real \u00e9 &quot;Real&quot;? Computadores, Videojogos e Realidades\" width=\"800\" height=\"450\" src=\"https:\/\/www.youtube.com\/embed\/Q-_PvefaV4g?feature=oembed\" frameborder=\"0\" allow=\"accelerometer; autoplay; clipboard-write; encrypted-media; gyroscope; picture-in-picture; web-share\" allowfullscreen><\/iframe>\n<\/div><\/figure>\n\n\n\n<p>Agora, em homenagem a Einstein, um post quando tentei tirar d\u00favidas a amigos sobre a Relatividade, em especial a Relatividade Especial, em que temos n\u00e3o s\u00f3 o v\u00eddeo (no fim do post), como uma apresenta\u00e7\u00e3o escrita tamb\u00e9m.<\/p>\n\n\n\n<p>O que se passa \u00e9 que no v\u00eddeo eu quis falar durante apenas 20 minutos, mas divaguei muito, e acabou por ter 90 minutos. E escrito, ao responder num dia no Quora a d\u00favidas de uma pessoa, em Ingl\u00eas, decidi colocar isso aqui no meu website, e assim s\u00f3 v\u00ea o v\u00eddeo quem quer.<\/p>\n\n\n\n<p>Nele explico essencialmente porque digo que &#8220;O Tempo N\u00e3o Existe&#8221;:<\/p>\n\n\n\n<figure class=\"wp-block-embed is-type-wp-embed is-provider-goncalo-ferreira wp-block-embed-goncalo-ferreira\"><div class=\"wp-block-embed__wrapper\">\n<blockquote class=\"wp-embedded-content\" data-secret=\"rNL5KzW1Ku\"><a href=\"http:\/\/www.goncalo.pt\/por\/2023\/08\/27\/2023-08-27-uma-pequena-explicacao-sobre-eu-dizer-que-o-tempo-nao-existe-envolvendo-a-relatividade-de-einstein-time-dilation-entre-outras-coisas-fisica\/\">2023-08-27 &#8211; Uma pequena explica\u00e7\u00e3o sobre eu dizer que o Tempo n\u00e3o existe, envolvendo a Relatividade de Einstein, Time Dilation, entre outras coisas (F\u00edsica)&#8230;<\/a><\/blockquote><iframe loading=\"lazy\" class=\"wp-embedded-content\" sandbox=\"allow-scripts\" security=\"restricted\" style=\"position: absolute; clip: rect(1px, 1px, 1px, 1px);\" title=\"&#8220;2023-08-27 &#8211; Uma pequena explica\u00e7\u00e3o sobre eu dizer que o Tempo n\u00e3o existe, envolvendo a Relatividade de Einstein, Time Dilation, entre outras coisas (F\u00edsica)&#8230;&#8221; &#8212; Gon\u00e7alo Ferreira\" src=\"http:\/\/www.goncalo.pt\/por\/2023\/08\/27\/2023-08-27-uma-pequena-explicacao-sobre-eu-dizer-que-o-tempo-nao-existe-envolvendo-a-relatividade-de-einstein-time-dilation-entre-outras-coisas-fisica\/embed\/#?secret=rNL5KzW1Ku\" data-secret=\"rNL5KzW1Ku\" width=\"600\" height=\"338\" frameborder=\"0\" marginwidth=\"0\" marginheight=\"0\" scrolling=\"no\"><\/iframe>\n<\/div><\/figure>\n\n\n\n<p>Deixo tamb\u00e9m o v\u00eddeo, mas aten\u00e7\u00e3o acho que o texto estar\u00e1 mais simples e conciso, o v\u00eddeo foi improvisado e levou 90 minutos e deve estar cheio de alguns termos mais complexos:<\/p>\n\n\n\n<figure class=\"wp-block-embed is-type-video is-provider-youtube wp-block-embed-youtube wp-embed-aspect-16-9 wp-has-aspect-ratio\"><div class=\"wp-block-embed__wrapper\">\n<iframe loading=\"lazy\" title=\"O Tempo N\u00e3o Existe, Einstein!!! - A Minha Vis\u00e3o Pessoal Sobre o Tempo, e a Teoria de Tudo\" width=\"800\" height=\"450\" src=\"https:\/\/www.youtube.com\/embed\/zVD8xSREQvw?feature=oembed\" frameborder=\"0\" allow=\"accelerometer; autoplay; clipboard-write; encrypted-media; gyroscope; picture-in-picture; web-share\" allowfullscreen><\/iframe>\n<\/div><\/figure>\n\n\n\n<p>Menos importante, mas fica aqui tamb\u00e9m uma apresenta\u00e7\u00e3o, apressada tamb\u00e9m (para encaixar naqueles minutos), sobre miniaturiza\u00e7\u00e3o, e com um toque de humor tamb\u00e9m, em especial na parte do fim do mundo, e por eu adorar Retro-Computing e Retro-Gaming. \ud83d\ude42<\/p>\n\n\n\n<figure class=\"wp-block-embed is-type-video is-provider-youtube wp-block-embed-youtube wp-embed-aspect-16-9 wp-has-aspect-ratio\"><div class=\"wp-block-embed__wrapper\">\n<iframe loading=\"lazy\" title=\"Computadores: a Miniaturiza\u00e7\u00e3o, o Fim da Lei de Moore, Intelig\u00eancia Artificial, o Futuro\" width=\"800\" height=\"450\" src=\"https:\/\/www.youtube.com\/embed\/wqJIPwRYXrA?feature=oembed\" frameborder=\"0\" allow=\"accelerometer; autoplay; clipboard-write; encrypted-media; gyroscope; picture-in-picture; web-share\" allowfullscreen><\/iframe>\n<\/div><\/figure>\n\n\n\n<p>Agora para terminar, deixo uma sobre a import\u00e2ncia da evolu\u00e7\u00e3o da mem\u00f3ria para os computadores e videojogos, porque muitos pensam que o mais importante \u00e9 o CPU, mas as mem\u00f3rias s\u00e3o bem mais importantes do que se imagina, e com exemplos do mundo dos videojogos e televis\u00e3o.<\/p>\n\n\n\n<p>Tento assim dar uma vis\u00e3o de tudo com base na imagem, ou mem\u00f3rias gr\u00e1ficas, em grande parte:<\/p>\n\n\n\n<figure class=\"wp-block-embed is-type-video is-provider-youtube wp-block-embed-youtube wp-embed-aspect-16-9 wp-has-aspect-ratio\"><div class=\"wp-block-embed__wrapper\">\n<iframe loading=\"lazy\" title=\"A Import\u00e2ncia das Mem\u00f3rias, Demonstrada Atrav\u00e9s de Videojogos e V\u00eddeo - 2019-11-08\" width=\"800\" height=\"450\" src=\"https:\/\/www.youtube.com\/embed\/dAkGgUcdv84?feature=oembed\" frameborder=\"0\" allow=\"accelerometer; autoplay; clipboard-write; encrypted-media; gyroscope; picture-in-picture; web-share\" allowfullscreen><\/iframe>\n<\/div><\/figure>\n\n\n\n<p>Fiz v\u00e1rias outras de v\u00e1rios estilos, algumas frente a centenas de pessoas, mas n\u00e3o tenho tido tempo hoje em dia para estas coisas, e n\u00e3o coloquei ainda tudo online, mas estas s\u00e3o suficientes.<\/p>\n\n\n\n<p>Um dia talvez lance mais, por isso deixo aqui uma lista das mesmas:<\/p>\n\n\n\n<figure class=\"wp-block-embed is-type-video is-provider-youtube wp-block-embed-youtube wp-embed-aspect-16-9 wp-has-aspect-ratio\"><div class=\"wp-block-embed__wrapper\">\n<iframe loading=\"lazy\" title=\"Apresenta\u00e7\u00f5es\" width=\"800\" height=\"450\" src=\"https:\/\/www.youtube.com\/embed\/videoseries?list=PLswCft9xAHt_cUC9ZK2zPnjHMvFSy8bAJ\" frameborder=\"0\" allow=\"accelerometer; autoplay; clipboard-write; encrypted-media; gyroscope; picture-in-picture; web-share\" allowfullscreen><\/iframe>\n<\/div><\/figure>\n\n\n\n<p>2021-04-15.<\/p>\n","protected":false},"excerpt":{"rendered":"<p>Aqui deixo algumas apresenta\u00e7\u00f5es que fiz, infelizmente todas feitas \u00e0 pressa (com tempo limite, da\u00ed ter de falar r\u00e1pido, o<\/p>\n","protected":false},"author":1,"featured_media":869,"parent":0,"menu_order":0,"comment_status":"open","ping_status":"closed","template":"","meta":{"footnotes":""},"class_list":["post-862","page","type-page","status-publish","has-post-thumbnail","hentry"],"yoast_head":"<!-- This site is optimized with the Yoast SEO plugin v25.4 - https:\/\/yoast.com\/wordpress\/plugins\/seo\/ -->\n<title>Algumas Apresenta\u00e7\u00f5es que fiz - Gon\u00e7alo Ferreira<\/title>\n<meta name=\"robots\" content=\"index, follow, max-snippet:-1, max-image-preview:large, max-video-preview:-1\" \/>\n<link rel=\"canonical\" href=\"https:\/\/www.goncalo.pt\/por\/algumas-apresentacoes-que-fiz\/\" \/>\n<meta property=\"og:locale\" content=\"en_US\" \/>\n<meta property=\"og:type\" content=\"article\" \/>\n<meta property=\"og:title\" content=\"Algumas Apresenta\u00e7\u00f5es que fiz - Gon\u00e7alo Ferreira\" \/>\n<meta property=\"og:description\" content=\"Aqui deixo algumas apresenta\u00e7\u00f5es que fiz, infelizmente todas feitas \u00e0 pressa (com tempo limite, da\u00ed ter de falar r\u00e1pido, o\" \/>\n<meta property=\"og:url\" content=\"https:\/\/www.goncalo.pt\/por\/algumas-apresentacoes-que-fiz\/\" \/>\n<meta property=\"og:site_name\" content=\"Gon\u00e7alo Ferreira\" \/>\n<meta property=\"article:modified_time\" content=\"2023-08-27T18:06:57+00:00\" \/>\n<meta property=\"og:image\" content=\"https:\/\/www.goncalo.pt\/por\/wp-content\/uploads\/2021\/04\/apresnetacoes-site2021-04-15-Screenshot_20210415_140955.png?v=1631288802\" \/>\n\t<meta property=\"og:image:width\" content=\"960\" \/>\n\t<meta property=\"og:image:height\" content=\"640\" \/>\n\t<meta property=\"og:image:type\" content=\"image\/png\" \/>\n<meta name=\"twitter:card\" content=\"summary_large_image\" \/>\n<meta name=\"twitter:label1\" content=\"Est. reading time\" \/>\n\t<meta name=\"twitter:data1\" content=\"3 minutes\" \/>\n<script type=\"application\/ld+json\" class=\"yoast-schema-graph\">{\"@context\":\"https:\/\/schema.org\",\"@graph\":[{\"@type\":\"WebPage\",\"@id\":\"https:\/\/www.goncalo.pt\/por\/algumas-apresentacoes-que-fiz\/\",\"url\":\"https:\/\/www.goncalo.pt\/por\/algumas-apresentacoes-que-fiz\/\",\"name\":\"Algumas Apresenta\u00e7\u00f5es que fiz - Gon\u00e7alo Ferreira\",\"isPartOf\":{\"@id\":\"https:\/\/www.goncalo.pt\/por\/#website\"},\"primaryImageOfPage\":{\"@id\":\"https:\/\/www.goncalo.pt\/por\/algumas-apresentacoes-que-fiz\/#primaryimage\"},\"image\":{\"@id\":\"https:\/\/www.goncalo.pt\/por\/algumas-apresentacoes-que-fiz\/#primaryimage\"},\"thumbnailUrl\":\"https:\/\/www.goncalo.pt\/por\/wp-content\/uploads\/2021\/04\/apresnetacoes-site2021-04-15-Screenshot_20210415_140955.png?v=1631288802\",\"datePublished\":\"2021-04-15T12:59:38+00:00\",\"dateModified\":\"2023-08-27T18:06:57+00:00\",\"breadcrumb\":{\"@id\":\"https:\/\/www.goncalo.pt\/por\/algumas-apresentacoes-que-fiz\/#breadcrumb\"},\"inLanguage\":\"en-US\",\"potentialAction\":[{\"@type\":\"ReadAction\",\"target\":[\"https:\/\/www.goncalo.pt\/por\/algumas-apresentacoes-que-fiz\/\"]}]},{\"@type\":\"ImageObject\",\"inLanguage\":\"en-US\",\"@id\":\"https:\/\/www.goncalo.pt\/por\/algumas-apresentacoes-que-fiz\/#primaryimage\",\"url\":\"https:\/\/www.goncalo.pt\/por\/wp-content\/uploads\/2021\/04\/apresnetacoes-site2021-04-15-Screenshot_20210415_140955.png?v=1631288802\",\"contentUrl\":\"https:\/\/www.goncalo.pt\/por\/wp-content\/uploads\/2021\/04\/apresnetacoes-site2021-04-15-Screenshot_20210415_140955.png?v=1631288802\",\"width\":960,\"height\":640,\"caption\":\"Gon\u00e7alo Ferreira - Apresenta\u00e7\u00f5es ao Vivo\"},{\"@type\":\"BreadcrumbList\",\"@id\":\"https:\/\/www.goncalo.pt\/por\/algumas-apresentacoes-que-fiz\/#breadcrumb\",\"itemListElement\":[{\"@type\":\"ListItem\",\"position\":1,\"name\":\"Home\",\"item\":\"https:\/\/www.goncalo.pt\/por\/\"},{\"@type\":\"ListItem\",\"position\":2,\"name\":\"Algumas Apresenta\u00e7\u00f5es que fiz\"}]},{\"@type\":\"WebSite\",\"@id\":\"https:\/\/www.goncalo.pt\/por\/#website\",\"url\":\"https:\/\/www.goncalo.pt\/por\/\",\"name\":\"Gon\u00e7alo Ferreira\",\"description\":\"[Game Engine\/Software\/Simulation\/Trading Systems\/Full Stack] Developer, Musician, Composer, Painter, Writer, IT Trainer, Sys Admin, Ex-Trader, Skater, Strongman, Vegan, Self-Taught Neuro-Divergent Polymath, and 1001 things more. Welcome to my world!\",\"publisher\":{\"@id\":\"https:\/\/www.goncalo.pt\/por\/#organization\"},\"potentialAction\":[{\"@type\":\"SearchAction\",\"target\":{\"@type\":\"EntryPoint\",\"urlTemplate\":\"https:\/\/www.goncalo.pt\/por\/?s={search_term_string}\"},\"query-input\":{\"@type\":\"PropertyValueSpecification\",\"valueRequired\":true,\"valueName\":\"search_term_string\"}}],\"inLanguage\":\"en-US\"},{\"@type\":\"Organization\",\"@id\":\"https:\/\/www.goncalo.pt\/por\/#organization\",\"name\":\"Gon\u00e7alo Ferreira\",\"url\":\"https:\/\/www.goncalo.pt\/por\/\",\"logo\":{\"@type\":\"ImageObject\",\"inLanguage\":\"en-US\",\"@id\":\"https:\/\/www.goncalo.pt\/por\/#\/schema\/logo\/image\/\",\"url\":\"https:\/\/www.goncalo.pt\/por\/wp-content\/uploads\/2023\/08\/cropped-Goncalo-Ferreira-Logo-With-Face.png\",\"contentUrl\":\"https:\/\/www.goncalo.pt\/por\/wp-content\/uploads\/2023\/08\/cropped-Goncalo-Ferreira-Logo-With-Face.png\",\"width\":389,\"height\":90,\"caption\":\"Gon\u00e7alo Ferreira\"},\"image\":{\"@id\":\"https:\/\/www.goncalo.pt\/por\/#\/schema\/logo\/image\/\"},\"sameAs\":[\"http:\/\/www.linkedin.com\/in\/GoncaloPT\/\"]}]}<\/script>\n<!-- \/ Yoast SEO plugin. -->","yoast_head_json":{"title":"Algumas Apresenta\u00e7\u00f5es que fiz - Gon\u00e7alo Ferreira","robots":{"index":"index","follow":"follow","max-snippet":"max-snippet:-1","max-image-preview":"max-image-preview:large","max-video-preview":"max-video-preview:-1"},"canonical":"https:\/\/www.goncalo.pt\/por\/algumas-apresentacoes-que-fiz\/","og_locale":"en_US","og_type":"article","og_title":"Algumas Apresenta\u00e7\u00f5es que fiz - Gon\u00e7alo Ferreira","og_description":"Aqui deixo algumas apresenta\u00e7\u00f5es que fiz, infelizmente todas feitas \u00e0 pressa (com tempo limite, da\u00ed ter de falar r\u00e1pido, o","og_url":"https:\/\/www.goncalo.pt\/por\/algumas-apresentacoes-que-fiz\/","og_site_name":"Gon\u00e7alo Ferreira","article_modified_time":"2023-08-27T18:06:57+00:00","og_image":[{"width":960,"height":640,"url":"https:\/\/www.goncalo.pt\/por\/wp-content\/uploads\/2021\/04\/apresnetacoes-site2021-04-15-Screenshot_20210415_140955.png?v=1631288802","type":"image\/png"}],"twitter_card":"summary_large_image","twitter_misc":{"Est. reading time":"3 minutes"},"schema":{"@context":"https:\/\/schema.org","@graph":[{"@type":"WebPage","@id":"https:\/\/www.goncalo.pt\/por\/algumas-apresentacoes-que-fiz\/","url":"https:\/\/www.goncalo.pt\/por\/algumas-apresentacoes-que-fiz\/","name":"Algumas Apresenta\u00e7\u00f5es que fiz - Gon\u00e7alo Ferreira","isPartOf":{"@id":"https:\/\/www.goncalo.pt\/por\/#website"},"primaryImageOfPage":{"@id":"https:\/\/www.goncalo.pt\/por\/algumas-apresentacoes-que-fiz\/#primaryimage"},"image":{"@id":"https:\/\/www.goncalo.pt\/por\/algumas-apresentacoes-que-fiz\/#primaryimage"},"thumbnailUrl":"https:\/\/www.goncalo.pt\/por\/wp-content\/uploads\/2021\/04\/apresnetacoes-site2021-04-15-Screenshot_20210415_140955.png?v=1631288802","datePublished":"2021-04-15T12:59:38+00:00","dateModified":"2023-08-27T18:06:57+00:00","breadcrumb":{"@id":"https:\/\/www.goncalo.pt\/por\/algumas-apresentacoes-que-fiz\/#breadcrumb"},"inLanguage":"en-US","potentialAction":[{"@type":"ReadAction","target":["https:\/\/www.goncalo.pt\/por\/algumas-apresentacoes-que-fiz\/"]}]},{"@type":"ImageObject","inLanguage":"en-US","@id":"https:\/\/www.goncalo.pt\/por\/algumas-apresentacoes-que-fiz\/#primaryimage","url":"https:\/\/www.goncalo.pt\/por\/wp-content\/uploads\/2021\/04\/apresnetacoes-site2021-04-15-Screenshot_20210415_140955.png?v=1631288802","contentUrl":"https:\/\/www.goncalo.pt\/por\/wp-content\/uploads\/2021\/04\/apresnetacoes-site2021-04-15-Screenshot_20210415_140955.png?v=1631288802","width":960,"height":640,"caption":"Gon\u00e7alo Ferreira - Apresenta\u00e7\u00f5es ao Vivo"},{"@type":"BreadcrumbList","@id":"https:\/\/www.goncalo.pt\/por\/algumas-apresentacoes-que-fiz\/#breadcrumb","itemListElement":[{"@type":"ListItem","position":1,"name":"Home","item":"https:\/\/www.goncalo.pt\/por\/"},{"@type":"ListItem","position":2,"name":"Algumas Apresenta\u00e7\u00f5es que fiz"}]},{"@type":"WebSite","@id":"https:\/\/www.goncalo.pt\/por\/#website","url":"https:\/\/www.goncalo.pt\/por\/","name":"Gon\u00e7alo Ferreira","description":"[Game Engine\/Software\/Simulation\/Trading Systems\/Full Stack] Developer, Musician, Composer, Painter, Writer, IT Trainer, Sys Admin, Ex-Trader, Skater, Strongman, Vegan, Self-Taught Neuro-Divergent Polymath, and 1001 things more. Welcome to my world!","publisher":{"@id":"https:\/\/www.goncalo.pt\/por\/#organization"},"potentialAction":[{"@type":"SearchAction","target":{"@type":"EntryPoint","urlTemplate":"https:\/\/www.goncalo.pt\/por\/?s={search_term_string}"},"query-input":{"@type":"PropertyValueSpecification","valueRequired":true,"valueName":"search_term_string"}}],"inLanguage":"en-US"},{"@type":"Organization","@id":"https:\/\/www.goncalo.pt\/por\/#organization","name":"Gon\u00e7alo Ferreira","url":"https:\/\/www.goncalo.pt\/por\/","logo":{"@type":"ImageObject","inLanguage":"en-US","@id":"https:\/\/www.goncalo.pt\/por\/#\/schema\/logo\/image\/","url":"https:\/\/www.goncalo.pt\/por\/wp-content\/uploads\/2023\/08\/cropped-Goncalo-Ferreira-Logo-With-Face.png","contentUrl":"https:\/\/www.goncalo.pt\/por\/wp-content\/uploads\/2023\/08\/cropped-Goncalo-Ferreira-Logo-With-Face.png","width":389,"height":90,"caption":"Gon\u00e7alo Ferreira"},"image":{"@id":"https:\/\/www.goncalo.pt\/por\/#\/schema\/logo\/image\/"},"sameAs":["http:\/\/www.linkedin.com\/in\/GoncaloPT\/"]}]}},"_links":{"self":[{"href":"https:\/\/www.goncalo.pt\/por\/wp-json\/wp\/v2\/pages\/862"}],"collection":[{"href":"https:\/\/www.goncalo.pt\/por\/wp-json\/wp\/v2\/pages"}],"about":[{"href":"https:\/\/www.goncalo.pt\/por\/wp-json\/wp\/v2\/types\/page"}],"author":[{"embeddable":true,"href":"https:\/\/www.goncalo.pt\/por\/wp-json\/wp\/v2\/users\/1"}],"replies":[{"embeddable":true,"href":"https:\/\/www.goncalo.pt\/por\/wp-json\/wp\/v2\/comments?post=862"}],"version-history":[{"count":4,"href":"https:\/\/www.goncalo.pt\/por\/wp-json\/wp\/v2\/pages\/862\/revisions"}],"predecessor-version":[{"id":2538,"href":"https:\/\/www.goncalo.pt\/por\/wp-json\/wp\/v2\/pages\/862\/revisions\/2538"}],"wp:featuredmedia":[{"embeddable":true,"href":"https:\/\/www.goncalo.pt\/por\/wp-json\/wp\/v2\/media\/869"}],"wp:attachment":[{"href":"https:\/\/www.goncalo.pt\/por\/wp-json\/wp\/v2\/media?parent=862"}],"curies":[{"name":"wp","href":"https:\/\/api.w.org\/{rel}","templated":true}]}}