{"id":895,"date":"2021-04-15T20:05:09","date_gmt":"2021-04-15T20:05:09","guid":{"rendered":"http:\/\/www.goncalo.pt\/por\/?page_id=895"},"modified":"2021-04-25T03:56:41","modified_gmt":"2021-04-25T03:56:41","slug":"outros-projectos-de-softwares-que-ficaram-pelo-caminho","status":"publish","type":"page","link":"https:\/\/www.goncalo.pt\/por\/outros-projectos-de-softwares-que-ficaram-pelo-caminho\/","title":{"rendered":"Outros projectos de Softwares"},"content":{"rendered":"\n<p>Eu fiz muitos softwares e ferramentas no Passado, que n\u00e3o ser\u00e3o mostrados neste website, tendo feito apenas uma escolha de entre v\u00e1rias \u00e1reas, ou os mais famosos.<\/p>\n\n\n\n<p>Aqui neste site mostrei v\u00e1rios, a maioria em C\/C++, como o meu Game Engine e futuros videojogos, os trading systems backtesters, o meu tradutor universal, o meu simulador IOS Cisco e o Knowledge Tester, entre outros, ou noutras linguagens como o Network Pinger, o Emailer Plus, o MMAT (o original), e sendo softwares de todas as \u00e1reas, at\u00e9 incluindo obfuscadores de c\u00f3digo, sistemas servidor-cliente como o GFX-Trading, etc.<\/p>\n\n\n\n<p>H\u00e1 um ao qual darei import\u00e2ncia e ainda n\u00e3o est\u00e1 c\u00e1, que \u00e9 uma linguagem nova de programa\u00e7\u00e3o que quero desenvolver um dia, mais tarde trarei not\u00edcias sobre ela.<\/p>\n\n\n\n<p>Tenho tamb\u00e9m uma intranet em desenvolvimento para ser Open-Source, em PHP, mas n\u00e3o sei at\u00e9 que ponto se consideraria um software. \ud83d\ude42<\/p>\n\n\n\n<p>Mas existiram v\u00e1rios outros que criei e que nunca divulguei aqui ou at\u00e9 na Internet, sendo que v\u00e1rios foram para empresas, alguns ferramentas de trabalho nas empresas, outros ferramentas minhas em casa, e outros nem os tenho c\u00e1.<\/p>\n\n\n\n<p>Nos anos 90 fiz um software em Clipper para gest\u00e3o de stocks como projecto final do curso, e que acabou por ser comercializado mais tarde e usado por lojas, que no fim tinha o ecr\u00e3 a desfazer-se aos peda\u00e7os, era giro.<\/p>\n\n\n\n<p>No tempo da Bolsa, em que vivi do daytrading, em 1999 e 2000, tinha os meus pr\u00f3prios softwares de gest\u00e3o.<\/p>\n\n\n\n<p>Abaixo podem ver o meu software de gest\u00e3o de carteiras a funcionar, j\u00e1 em 2005. Antes de 2005 tinha criado um software de gest\u00e3o de stocks, mas desta vez n\u00e3o em Clipper mas para Windows mais actuais, e neste software de 2005 podem ver vest\u00edgios desse software, nos bot\u00f5es da barra de ferramentas que tenho acima da aplica\u00e7\u00e3o do meio, desta imagem de 15 de Outubro de 2004:<\/p>\n\n\n\n<div class=\"wp-block-image\"><figure class=\"aligncenter size-large\"><img loading=\"lazy\" decoding=\"async\" width=\"1024\" height=\"768\" src=\"http:\/\/www.goncalo.pt\/por\/wp-content\/uploads\/2021\/04\/misturas.jpg\" alt=\"\" class=\"wp-image-1105\" srcset=\"https:\/\/www.goncalo.pt\/por\/wp-content\/uploads\/2021\/04\/misturas.jpg?v=1631288314 1024w, https:\/\/www.goncalo.pt\/por\/wp-content\/uploads\/2021\/04\/misturas-300x225.jpg?v=1631288314 300w, https:\/\/www.goncalo.pt\/por\/wp-content\/uploads\/2021\/04\/misturas-768x576.jpg?v=1631288314 768w\" sizes=\"(max-width: 1024px) 100vw, 1024px\" \/><\/figure><\/div>\n\n\n\n<p>Na imagem acima podem ver o meu software de gest\u00e3o de stocks na \u00e9poca no meio, e o print-screen s\u00f3 o tenho porque na altura quis partilhar um feito que era transformar 1\u20ac em 200\u20ac em um m\u00eas, e depois continuar a subir at\u00e9 aos 1000\u20ac. Porque eu sempre permaneci an\u00f3nimo, por isso nunca ningu\u00e9m sabia dos softwares que fazia, at\u00e9 porque a maioria era para meu uso pessoal apenas.<\/p>\n\n\n\n<p>Fiz muitas outras coisas, mas o importante \u00e9 que a escolha que fiz para representar neste site no menu projectos, de softwares com p\u00e1ginas pr\u00f3prias para cada um, parece-me acertada, e abaixo falarei de outros, mais recentes que estou a desenvolver ou desenvolvi, ou deixei a meio\u2026<\/p>\n\n\n\n<p>Na Zon Multim\u00e9dia cheguei a criar um &#8220;IPMC Alerter&#8221; para dar alertas dos sistemas IPCM da VoIP, e s\u00f3 em 2020 por exemplo, criei alguns sobre sockets, outros sobre subnetting, alguns sobre bases de dados como um que cria diagramas de tabelas relacionais em modo de consola, etc.<\/p>\n\n\n\n<p>O de subnetting hei-de tornar independente um dia:<\/p>\n\n\n\n<figure class=\"wp-block-image size-large\"><img loading=\"lazy\" decoding=\"async\" width=\"1024\" height=\"576\" src=\"http:\/\/www.goncalo.pt\/por\/wp-content\/uploads\/2021\/01\/2020-07-13-Networking-Customizing-Subnet-Masks-on-IPV4-Linux-IP-Calculator-in-C-1024x576.png\" alt=\"2020-07-13 - Networking - FLSM com m\u00e1scara customizada na calculadora de IPV4 para Linux em C++\" class=\"wp-image-253\" srcset=\"https:\/\/www.goncalo.pt\/por\/wp-content\/uploads\/2021\/01\/2020-07-13-Networking-Customizing-Subnet-Masks-on-IPV4-Linux-IP-Calculator-in-C-1024x576.png?v=1618147668 1024w, https:\/\/www.goncalo.pt\/por\/wp-content\/uploads\/2021\/01\/2020-07-13-Networking-Customizing-Subnet-Masks-on-IPV4-Linux-IP-Calculator-in-C-300x169.png?v=1618147668 300w, https:\/\/www.goncalo.pt\/por\/wp-content\/uploads\/2021\/01\/2020-07-13-Networking-Customizing-Subnet-Masks-on-IPV4-Linux-IP-Calculator-in-C-768x432.png?v=1618147668 768w, https:\/\/www.goncalo.pt\/por\/wp-content\/uploads\/2021\/01\/2020-07-13-Networking-Customizing-Subnet-Masks-on-IPV4-Linux-IP-Calculator-in-C.png?v=1618147668 1366w\" sizes=\"(max-width: 1024px) 100vw, 1024px\" \/><figcaption>2020-07-13 &#8211; Networking &#8211; FLSM com m\u00e1scara customizada na calculadora de IPV4 para Linux em C++<\/figcaption><\/figure>\n\n\n\n<p>E o de diagramas de tabelas relacionais, tamb\u00e9m, em princ\u00edpio:<\/p>\n\n\n\n<figure class=\"wp-block-image size-large\"><img loading=\"lazy\" decoding=\"async\" width=\"1024\" height=\"576\" src=\"http:\/\/www.goncalo.pt\/por\/wp-content\/uploads\/2021\/01\/2020-07-26-A-relational-database-table-mapper-for-linux-terminal-written-in-python-and-c-1024x576.png\" alt=\"2020-07-26 - Um mapeador de tabelas relacionais para terminais de Linux que esbocei em Python e que criarei em C++\" class=\"wp-image-268\" srcset=\"https:\/\/www.goncalo.pt\/por\/wp-content\/uploads\/2021\/01\/2020-07-26-A-relational-database-table-mapper-for-linux-terminal-written-in-python-and-c-1024x576.png?v=1618147681 1024w, https:\/\/www.goncalo.pt\/por\/wp-content\/uploads\/2021\/01\/2020-07-26-A-relational-database-table-mapper-for-linux-terminal-written-in-python-and-c-300x169.png?v=1618147681 300w, https:\/\/www.goncalo.pt\/por\/wp-content\/uploads\/2021\/01\/2020-07-26-A-relational-database-table-mapper-for-linux-terminal-written-in-python-and-c-768x432.png?v=1618147681 768w, https:\/\/www.goncalo.pt\/por\/wp-content\/uploads\/2021\/01\/2020-07-26-A-relational-database-table-mapper-for-linux-terminal-written-in-python-and-c.png?v=1618147681 1366w\" sizes=\"(max-width: 1024px) 100vw, 1024px\" \/><figcaption>2020-07-26 &#8211; Um mapeador de tabelas relacionais para terminais de Linux que esbocei em Python e que criarei em C++<\/figcaption><\/figure>\n\n\n\n<p>O primeiro que fiz que foi usado em lojas e outras empresas, foi um programa de gest\u00e3o de stocks em Clipper nos anos 90. N\u00e3o tenho imagens dele.<\/p>\n\n\n\n<p>Desde a\u00ed criei muita coisa, at\u00e9 ferramentas cyber-sec nos tempos de 2000-2004 quando adorava Cyber-Security, etc.<\/p>\n\n\n\n<p>Talvez um dia actualize esta p\u00e1gina com coisas novas que me possa ter esquecido de colocar aqui.<\/p>\n\n\n\n<p>J\u00e1 comecei tamb\u00e9m sistemas de comunica\u00e7\u00e3o por sockets, j\u00e1 comecei coisas a n\u00edvel de Intelig\u00eancia Artificial, etc.<\/p>\n\n\n\n<p>Tamb\u00e9m gosto de fractais e plasmas. Um dia hei-de criar alguns que meta p\u00fablicos, e fazer experi\u00eancias do g\u00e9nero:<\/p>\n\n\n\n<figure class=\"wp-block-image size-large\"><img loading=\"lazy\" decoding=\"async\" width=\"1024\" height=\"576\" src=\"http:\/\/www.goncalo.pt\/por\/wp-content\/uploads\/2021\/04\/2021-03-01-Creating-plasmas-with-C-Cpp-1024x576.png\" alt=\"2021-03-01 - Criando alguns plasmas para desanuviar, em C\/C++...\" class=\"wp-image-591\" srcset=\"https:\/\/www.goncalo.pt\/por\/wp-content\/uploads\/2021\/04\/2021-03-01-Creating-plasmas-with-C-Cpp-1024x576.png?v=1618146996 1024w, https:\/\/www.goncalo.pt\/por\/wp-content\/uploads\/2021\/04\/2021-03-01-Creating-plasmas-with-C-Cpp-300x169.png?v=1618146996 300w, https:\/\/www.goncalo.pt\/por\/wp-content\/uploads\/2021\/04\/2021-03-01-Creating-plasmas-with-C-Cpp-768x432.png?v=1618146996 768w, https:\/\/www.goncalo.pt\/por\/wp-content\/uploads\/2021\/04\/2021-03-01-Creating-plasmas-with-C-Cpp-1536x864.png?v=1618146996 1536w, https:\/\/www.goncalo.pt\/por\/wp-content\/uploads\/2021\/04\/2021-03-01-Creating-plasmas-with-C-Cpp.png?v=1618146996 1920w\" sizes=\"(max-width: 1024px) 100vw, 1024px\" \/><figcaption>2021-03-01 &#8211; Criando alguns plasmas para desanuviar, em C\/C++&#8230;<\/figcaption><\/figure>\n\n\n\n<p>Antes de falar de Physics, quero dizer que gosto obviamente de Matem\u00e1ticas:<\/p>\n\n\n\n<p>Antes de falar de Physics, quero dizer que gosto obviamente de Matem\u00e1ticas:<\/p>\n\n\n\n<p>E adoro obviamente programar simula\u00e7\u00f5es, e coisas que envolvam Physics, recriar a realidade com um computador, aplicar leis da F\u00edsica a um Game Engine, por exemplo.<\/p>\n\n\n\n<p>Isso envolve por exemplo tentar encontrar formas de simular o fogo da maneira mais realista poss\u00edvel (explicado na p\u00e1gina de Physics em separado):<\/p>\n\n\n\n<figure class=\"wp-block-image size-large is-resized\"><img loading=\"lazy\" decoding=\"async\" src=\"http:\/\/www.goncalo.pt\/por\/wp-content\/uploads\/2021\/04\/2021-04-15 - FIM DO DIA - Velocidade Vari\u00e1vel 0.02 entre -0.2 e +0.2 - ScreenAnimation_2021-04-15_194616.gif\" alt=\"\" class=\"wp-image-898\" width=\"960\" height=\"300\"\/><\/figure>\n\n\n\n<p>Tamb\u00e9m posso brincar com \u00e1gua e coisas do g\u00e9nero, neste caso temos uma simula\u00e7\u00e3o muito artificial mas bonita do que \u00e9 a \u00e1gua, com bolhas geradas pelo ar quando o boneco move abaixo, o que n\u00e3o \u00e9 muito real, mas fica bem no jogo, e dou um toque de aleatoriedade \u00e0s bolhas e seus movimentos. A F\u00edsica encontra-se mais nos efeitos de mergulho de objectos na \u00e1gua, mas no GIF abaixo estou s\u00f3 a testar a velocidade da mesma (podem consultar mais nos meus posts sobre o Game Engine):<\/p>\n\n\n\n<figure class=\"wp-block-image size-large is-resized\"><img loading=\"lazy\" decoding=\"async\" src=\"http:\/\/www.goncalo.pt\/por\/wp-content\/uploads\/2021\/04\/2021-02-05-Reversing-Time-on-Water-Waves-on-my-C-Cpp-Game-Engine.gif\" alt=\"2021-02-05 - Eu e o meu poder incr\u00edvel de reverter o Tempo (no meu Game Engine em C\/C++)...\" class=\"wp-image-563\" width=\"717\" height=\"448\"\/><figcaption>2021-02-05 &#8211; Eu e o meu poder incr\u00edvel de reverter o Tempo (no meu Game Engine em C\/C++)&#8230;<\/figcaption><\/figure>\n\n\n\n<p>H\u00e1 muita coisa, talvez um dia partilhe.<\/p>\n\n\n\n<p>Sei que no Futuro me vou dedicar mais a criar videojogos e a desenvolver o meu Game Engine, com projectos em paralelo com o dos trading systems, seguido do tradutor universal, e em seguida o da linguagem de programa\u00e7\u00e3o.<\/p>\n\n\n\n<p>Bem, um dia conto novidades.<\/p>\n\n\n\n<p>2021-04-15.<\/p>\n","protected":false},"excerpt":{"rendered":"<p>Eu fiz muitos softwares e ferramentas no Passado, que n\u00e3o ser\u00e3o mostrados neste website, tendo feito apenas uma escolha de<\/p>\n","protected":false},"author":1,"featured_media":281,"parent":0,"menu_order":0,"comment_status":"open","ping_status":"closed","template":"","meta":{"footnotes":""},"class_list":["post-895","page","type-page","status-publish","has-post-thumbnail","hentry"],"yoast_head":"<!-- This site is optimized with the Yoast SEO plugin v25.4 - https:\/\/yoast.com\/wordpress\/plugins\/seo\/ -->\n<title>Outros projectos de Softwares - Gon\u00e7alo Ferreira<\/title>\n<meta name=\"robots\" content=\"index, follow, max-snippet:-1, max-image-preview:large, max-video-preview:-1\" \/>\n<link rel=\"canonical\" href=\"https:\/\/www.goncalo.pt\/por\/outros-projectos-de-softwares-que-ficaram-pelo-caminho\/\" \/>\n<meta property=\"og:locale\" content=\"en_US\" \/>\n<meta property=\"og:type\" content=\"article\" \/>\n<meta property=\"og:title\" content=\"Outros projectos de Softwares - Gon\u00e7alo Ferreira\" \/>\n<meta property=\"og:description\" content=\"Eu fiz muitos softwares e ferramentas no Passado, que n\u00e3o ser\u00e3o mostrados neste website, tendo feito apenas uma escolha de\" \/>\n<meta property=\"og:url\" content=\"https:\/\/www.goncalo.pt\/por\/outros-projectos-de-softwares-que-ficaram-pelo-caminho\/\" \/>\n<meta property=\"og:site_name\" content=\"Gon\u00e7alo Ferreira\" \/>\n<meta property=\"article:modified_time\" content=\"2021-04-25T03:56:41+00:00\" \/>\n<meta property=\"og:image\" content=\"https:\/\/www.goncalo.pt\/por\/wp-content\/uploads\/2021\/01\/2020-08-10-Returning-to-project-MAAT-Trading-Systems-Tester-C-Sistemas-de-Trading.png?v=1618147691\" \/>\n\t<meta property=\"og:image:width\" content=\"1366\" \/>\n\t<meta property=\"og:image:height\" content=\"768\" \/>\n\t<meta property=\"og:image:type\" content=\"image\/png\" \/>\n<meta name=\"twitter:card\" content=\"summary_large_image\" \/>\n<meta name=\"twitter:label1\" content=\"Est. reading time\" \/>\n\t<meta name=\"twitter:data1\" content=\"5 minutes\" \/>\n<script type=\"application\/ld+json\" class=\"yoast-schema-graph\">{\"@context\":\"https:\/\/schema.org\",\"@graph\":[{\"@type\":\"WebPage\",\"@id\":\"https:\/\/www.goncalo.pt\/por\/outros-projectos-de-softwares-que-ficaram-pelo-caminho\/\",\"url\":\"https:\/\/www.goncalo.pt\/por\/outros-projectos-de-softwares-que-ficaram-pelo-caminho\/\",\"name\":\"Outros projectos de Softwares - Gon\u00e7alo Ferreira\",\"isPartOf\":{\"@id\":\"https:\/\/www.goncalo.pt\/por\/#website\"},\"primaryImageOfPage\":{\"@id\":\"https:\/\/www.goncalo.pt\/por\/outros-projectos-de-softwares-que-ficaram-pelo-caminho\/#primaryimage\"},\"image\":{\"@id\":\"https:\/\/www.goncalo.pt\/por\/outros-projectos-de-softwares-que-ficaram-pelo-caminho\/#primaryimage\"},\"thumbnailUrl\":\"https:\/\/www.goncalo.pt\/por\/wp-content\/uploads\/2021\/01\/2020-08-10-Returning-to-project-MAAT-Trading-Systems-Tester-C-Sistemas-de-Trading.png?v=1618147691\",\"datePublished\":\"2021-04-15T20:05:09+00:00\",\"dateModified\":\"2021-04-25T03:56:41+00:00\",\"breadcrumb\":{\"@id\":\"https:\/\/www.goncalo.pt\/por\/outros-projectos-de-softwares-que-ficaram-pelo-caminho\/#breadcrumb\"},\"inLanguage\":\"en-US\",\"potentialAction\":[{\"@type\":\"ReadAction\",\"target\":[\"https:\/\/www.goncalo.pt\/por\/outros-projectos-de-softwares-que-ficaram-pelo-caminho\/\"]}]},{\"@type\":\"ImageObject\",\"inLanguage\":\"en-US\",\"@id\":\"https:\/\/www.goncalo.pt\/por\/outros-projectos-de-softwares-que-ficaram-pelo-caminho\/#primaryimage\",\"url\":\"https:\/\/www.goncalo.pt\/por\/wp-content\/uploads\/2021\/01\/2020-08-10-Returning-to-project-MAAT-Trading-Systems-Tester-C-Sistemas-de-Trading.png?v=1618147691\",\"contentUrl\":\"https:\/\/www.goncalo.pt\/por\/wp-content\/uploads\/2021\/01\/2020-08-10-Returning-to-project-MAAT-Trading-Systems-Tester-C-Sistemas-de-Trading.png?v=1618147691\",\"width\":1366,\"height\":768,\"caption\":\"2020-08-10 - Trading Systems - Regresso ao projecto MMAT - Back-Testing de Sistemas de Trading, em C++\"},{\"@type\":\"BreadcrumbList\",\"@id\":\"https:\/\/www.goncalo.pt\/por\/outros-projectos-de-softwares-que-ficaram-pelo-caminho\/#breadcrumb\",\"itemListElement\":[{\"@type\":\"ListItem\",\"position\":1,\"name\":\"Home\",\"item\":\"https:\/\/www.goncalo.pt\/por\/\"},{\"@type\":\"ListItem\",\"position\":2,\"name\":\"Outros projectos de Softwares\"}]},{\"@type\":\"WebSite\",\"@id\":\"https:\/\/www.goncalo.pt\/por\/#website\",\"url\":\"https:\/\/www.goncalo.pt\/por\/\",\"name\":\"Gon\u00e7alo Ferreira\",\"description\":\"[Game Engine\/Software\/Simulation\/Trading Systems\/Full Stack] Developer, Musician, Composer, Painter, Writer, IT Trainer, Sys Admin, Ex-Trader, Skater, Strongman, Vegan, Self-Taught Neuro-Divergent Polymath, and 1001 things more. Welcome to my world!\",\"publisher\":{\"@id\":\"https:\/\/www.goncalo.pt\/por\/#organization\"},\"potentialAction\":[{\"@type\":\"SearchAction\",\"target\":{\"@type\":\"EntryPoint\",\"urlTemplate\":\"https:\/\/www.goncalo.pt\/por\/?s={search_term_string}\"},\"query-input\":{\"@type\":\"PropertyValueSpecification\",\"valueRequired\":true,\"valueName\":\"search_term_string\"}}],\"inLanguage\":\"en-US\"},{\"@type\":\"Organization\",\"@id\":\"https:\/\/www.goncalo.pt\/por\/#organization\",\"name\":\"Gon\u00e7alo Ferreira\",\"url\":\"https:\/\/www.goncalo.pt\/por\/\",\"logo\":{\"@type\":\"ImageObject\",\"inLanguage\":\"en-US\",\"@id\":\"https:\/\/www.goncalo.pt\/por\/#\/schema\/logo\/image\/\",\"url\":\"https:\/\/www.goncalo.pt\/por\/wp-content\/uploads\/2023\/08\/cropped-Goncalo-Ferreira-Logo-With-Face.png\",\"contentUrl\":\"https:\/\/www.goncalo.pt\/por\/wp-content\/uploads\/2023\/08\/cropped-Goncalo-Ferreira-Logo-With-Face.png\",\"width\":389,\"height\":90,\"caption\":\"Gon\u00e7alo Ferreira\"},\"image\":{\"@id\":\"https:\/\/www.goncalo.pt\/por\/#\/schema\/logo\/image\/\"},\"sameAs\":[\"http:\/\/www.linkedin.com\/in\/GoncaloPT\/\"]}]}<\/script>\n<!-- \/ Yoast SEO plugin. -->","yoast_head_json":{"title":"Outros projectos de Softwares - Gon\u00e7alo Ferreira","robots":{"index":"index","follow":"follow","max-snippet":"max-snippet:-1","max-image-preview":"max-image-preview:large","max-video-preview":"max-video-preview:-1"},"canonical":"https:\/\/www.goncalo.pt\/por\/outros-projectos-de-softwares-que-ficaram-pelo-caminho\/","og_locale":"en_US","og_type":"article","og_title":"Outros projectos de Softwares - Gon\u00e7alo Ferreira","og_description":"Eu fiz muitos softwares e ferramentas no Passado, que n\u00e3o ser\u00e3o mostrados neste website, tendo feito apenas uma escolha de","og_url":"https:\/\/www.goncalo.pt\/por\/outros-projectos-de-softwares-que-ficaram-pelo-caminho\/","og_site_name":"Gon\u00e7alo Ferreira","article_modified_time":"2021-04-25T03:56:41+00:00","og_image":[{"width":1366,"height":768,"url":"https:\/\/www.goncalo.pt\/por\/wp-content\/uploads\/2021\/01\/2020-08-10-Returning-to-project-MAAT-Trading-Systems-Tester-C-Sistemas-de-Trading.png?v=1618147691","type":"image\/png"}],"twitter_card":"summary_large_image","twitter_misc":{"Est. reading time":"5 minutes"},"schema":{"@context":"https:\/\/schema.org","@graph":[{"@type":"WebPage","@id":"https:\/\/www.goncalo.pt\/por\/outros-projectos-de-softwares-que-ficaram-pelo-caminho\/","url":"https:\/\/www.goncalo.pt\/por\/outros-projectos-de-softwares-que-ficaram-pelo-caminho\/","name":"Outros projectos de Softwares - Gon\u00e7alo Ferreira","isPartOf":{"@id":"https:\/\/www.goncalo.pt\/por\/#website"},"primaryImageOfPage":{"@id":"https:\/\/www.goncalo.pt\/por\/outros-projectos-de-softwares-que-ficaram-pelo-caminho\/#primaryimage"},"image":{"@id":"https:\/\/www.goncalo.pt\/por\/outros-projectos-de-softwares-que-ficaram-pelo-caminho\/#primaryimage"},"thumbnailUrl":"https:\/\/www.goncalo.pt\/por\/wp-content\/uploads\/2021\/01\/2020-08-10-Returning-to-project-MAAT-Trading-Systems-Tester-C-Sistemas-de-Trading.png?v=1618147691","datePublished":"2021-04-15T20:05:09+00:00","dateModified":"2021-04-25T03:56:41+00:00","breadcrumb":{"@id":"https:\/\/www.goncalo.pt\/por\/outros-projectos-de-softwares-que-ficaram-pelo-caminho\/#breadcrumb"},"inLanguage":"en-US","potentialAction":[{"@type":"ReadAction","target":["https:\/\/www.goncalo.pt\/por\/outros-projectos-de-softwares-que-ficaram-pelo-caminho\/"]}]},{"@type":"ImageObject","inLanguage":"en-US","@id":"https:\/\/www.goncalo.pt\/por\/outros-projectos-de-softwares-que-ficaram-pelo-caminho\/#primaryimage","url":"https:\/\/www.goncalo.pt\/por\/wp-content\/uploads\/2021\/01\/2020-08-10-Returning-to-project-MAAT-Trading-Systems-Tester-C-Sistemas-de-Trading.png?v=1618147691","contentUrl":"https:\/\/www.goncalo.pt\/por\/wp-content\/uploads\/2021\/01\/2020-08-10-Returning-to-project-MAAT-Trading-Systems-Tester-C-Sistemas-de-Trading.png?v=1618147691","width":1366,"height":768,"caption":"2020-08-10 - Trading Systems - Regresso ao projecto MMAT - Back-Testing de Sistemas de Trading, em C++"},{"@type":"BreadcrumbList","@id":"https:\/\/www.goncalo.pt\/por\/outros-projectos-de-softwares-que-ficaram-pelo-caminho\/#breadcrumb","itemListElement":[{"@type":"ListItem","position":1,"name":"Home","item":"https:\/\/www.goncalo.pt\/por\/"},{"@type":"ListItem","position":2,"name":"Outros projectos de Softwares"}]},{"@type":"WebSite","@id":"https:\/\/www.goncalo.pt\/por\/#website","url":"https:\/\/www.goncalo.pt\/por\/","name":"Gon\u00e7alo Ferreira","description":"[Game Engine\/Software\/Simulation\/Trading Systems\/Full Stack] Developer, Musician, Composer, Painter, Writer, IT Trainer, Sys Admin, Ex-Trader, Skater, Strongman, Vegan, Self-Taught Neuro-Divergent Polymath, and 1001 things more. Welcome to my world!","publisher":{"@id":"https:\/\/www.goncalo.pt\/por\/#organization"},"potentialAction":[{"@type":"SearchAction","target":{"@type":"EntryPoint","urlTemplate":"https:\/\/www.goncalo.pt\/por\/?s={search_term_string}"},"query-input":{"@type":"PropertyValueSpecification","valueRequired":true,"valueName":"search_term_string"}}],"inLanguage":"en-US"},{"@type":"Organization","@id":"https:\/\/www.goncalo.pt\/por\/#organization","name":"Gon\u00e7alo Ferreira","url":"https:\/\/www.goncalo.pt\/por\/","logo":{"@type":"ImageObject","inLanguage":"en-US","@id":"https:\/\/www.goncalo.pt\/por\/#\/schema\/logo\/image\/","url":"https:\/\/www.goncalo.pt\/por\/wp-content\/uploads\/2023\/08\/cropped-Goncalo-Ferreira-Logo-With-Face.png","contentUrl":"https:\/\/www.goncalo.pt\/por\/wp-content\/uploads\/2023\/08\/cropped-Goncalo-Ferreira-Logo-With-Face.png","width":389,"height":90,"caption":"Gon\u00e7alo Ferreira"},"image":{"@id":"https:\/\/www.goncalo.pt\/por\/#\/schema\/logo\/image\/"},"sameAs":["http:\/\/www.linkedin.com\/in\/GoncaloPT\/"]}]}},"_links":{"self":[{"href":"https:\/\/www.goncalo.pt\/por\/wp-json\/wp\/v2\/pages\/895"}],"collection":[{"href":"https:\/\/www.goncalo.pt\/por\/wp-json\/wp\/v2\/pages"}],"about":[{"href":"https:\/\/www.goncalo.pt\/por\/wp-json\/wp\/v2\/types\/page"}],"author":[{"embeddable":true,"href":"https:\/\/www.goncalo.pt\/por\/wp-json\/wp\/v2\/users\/1"}],"replies":[{"embeddable":true,"href":"https:\/\/www.goncalo.pt\/por\/wp-json\/wp\/v2\/comments?post=895"}],"version-history":[{"count":4,"href":"https:\/\/www.goncalo.pt\/por\/wp-json\/wp\/v2\/pages\/895\/revisions"}],"predecessor-version":[{"id":1106,"href":"https:\/\/www.goncalo.pt\/por\/wp-json\/wp\/v2\/pages\/895\/revisions\/1106"}],"wp:featuredmedia":[{"embeddable":true,"href":"https:\/\/www.goncalo.pt\/por\/wp-json\/wp\/v2\/media\/281"}],"wp:attachment":[{"href":"https:\/\/www.goncalo.pt\/por\/wp-json\/wp\/v2\/media?parent=895"}],"curies":[{"name":"wp","href":"https:\/\/api.w.org\/{rel}","templated":true}]}}